{"id":1285,"date":"2019-01-30T15:16:30","date_gmt":"2019-01-30T15:16:30","guid":{"rendered":"http:\/\/newsite.vaivorykstestakas.lt\/?page_id=1285"},"modified":"2019-01-30T15:16:30","modified_gmt":"2019-01-30T15:16:30","slug":"kvieciame-prisideti","status":"publish","type":"page","link":"https:\/\/vaivorykstestakas.lt\/?page_id=1285","title":{"rendered":"Kvie\u010diame prisid\u0117ti"},"content":{"rendered":"\n<p>Kvie\u010diame prisid\u0117ti prie V\u0161\u012e Vaivoryk\u0161t\u0117s tako gimnazijos ir skirti 2 procentus pajam\u0173 mokes\u010dio.<\/p>\n\n\n\n<p>\u012emon\u0117s kodas: 195170434&nbsp;<br>Atsiskaitomoji s\u0105skaita: A.S.LT 917180500001700584<br>AB \u0160iauli\u0173 bankas, banko kodas 71805<\/p>\n","protected":false},"excerpt":{"rendered":"<p>Kvie\u010diame prisid\u0117ti prie V\u0161\u012e Vaivoryk\u0161t\u0117s tako gimnazijos ir skirti 2 procentus pajam\u0173 mokes\u010dio. \u012emon\u0117s kodas: 195170434 Atsiskaitomoji s\u0105skaita: A.S.LT 917180500001700584AB \u0160iauli\u0173 bankas, banko kodas 71805<\/p>\n","protected":false},"author":1,"featured_media":0,"parent":376,"menu_order":0,"comment_status":"closed","ping_status":"closed","template":"","meta":{"footnotes":""},"_links":{"self":[{"href":"https:\/\/vaivorykstestakas.lt\/index.php?rest_route=\/wp\/v2\/pages\/1285"}],"collection":[{"href":"https:\/\/vaivorykstestakas.lt\/index.php?rest_route=\/wp\/v2\/pages"}],"about":[{"href":"https:\/\/vaivorykstestakas.lt\/index.php?rest_route=\/wp\/v2\/types\/page"}],"author":[{"embeddable":true,"href":"https:\/\/vaivorykstestakas.lt\/index.php?rest_route=\/wp\/v2\/users\/1"}],"replies":[{"embeddable":true,"href":"https:\/\/vaivorykstestakas.lt\/index.php?rest_route=%2Fwp%2Fv2%2Fcomments&post=1285"}],"version-history":[{"count":0,"href":"https:\/\/vaivorykstestakas.lt\/index.php?rest_route=\/wp\/v2\/pages\/1285\/revisions"}],"up":[{"embeddable":true,"href":"https:\/\/vaivorykstestakas.lt\/index.php?rest_route=\/wp\/v2\/pages\/376"}],"wp:attachment":[{"href":"https:\/\/vaivorykstestakas.lt\/index.php?rest_route=%2Fwp%2Fv2%2Fmedia&parent=1285"}],"curies":[{"name":"wp","href":"https:\/\/api.w.org\/{rel}","templated":true}]}}