{"id":1865,"date":"2019-03-06T11:23:31","date_gmt":"2019-03-06T11:23:31","guid":{"rendered":"http:\/\/newsite.vaivorykstestakas.lt\/?page_id=1865"},"modified":"2022-02-05T09:47:01","modified_gmt":"2022-02-05T09:47:01","slug":"formalus-ugdymas","status":"publish","type":"page","link":"https:\/\/vaivorykstestakas.lt\/?page_id=1865","title":{"rendered":"Formalus ugdymas"},"content":{"rendered":"\n<p>V\u0161\u012e &#8222;Vaivoryk\u0161t\u0117s tako&#8221; gimnazija \u012fgyvendina Lietuvos Respublikos \u0161vietimo ir mokslo ministerijos patvirtintas bendrojo ugdymo programas.<\/p>\n\n\n\n<p>Vadovaujasi\u00a0 Lietuvos Respublikos \u0161vietimo ir mokslo ministerijos vadov\u0173 nubr\u0117\u017eta Geros mokyklos koncepcija: gera mokykla \u2013 pamatin\u0117mis krik\u0161\u010dioni\u0161komis vertyb\u0117mis ugdym\u0105 grind\u017eianti, prasm\u0117s, atradim\u0173 ir asmens ugdymo(si) s\u0117km\u0117s siekianti mokykla, kuri savo veikloje vadovaujasi mokyklos bendruomen\u0117s susitarimais ir mokymusi.<\/p>\n","protected":false},"excerpt":{"rendered":"<p>V\u0161\u012e \u201eVaivoryk\u0161t\u0117s tako\u201d gimnazija \u012fgyvendina Lietuvos Respublikos \u0161vietimo ir mokslo ministerijos patvirtintas bendrojo ugdymo programas. Vadovaujasi Lietuvos Respublikos \u0161vietimo ir mokslo ministerijos vadov\u0173 nubr\u0117\u017eta Geros mokyklos koncepcija: gera mokykla \u2013 pamatin\u0117mis krik\u0161\u010dioni\u0161komis vertyb\u0117mis ugdym\u0105 grind\u017eianti, prasm\u0117s, atradim\u0173 ir asmens ugdymo(si) s\u0117km\u0117s siekianti mokykla, kuri savo veikloje vadovaujasi mokyklos bendruomen\u0117s susitarimais ir mokymusi.<\/p>\n","protected":false},"author":1,"featured_media":0,"parent":372,"menu_order":0,"comment_status":"closed","ping_status":"closed","template":"","meta":{"footnotes":""},"_links":{"self":[{"href":"https:\/\/vaivorykstestakas.lt\/index.php?rest_route=\/wp\/v2\/pages\/1865"}],"collection":[{"href":"https:\/\/vaivorykstestakas.lt\/index.php?rest_route=\/wp\/v2\/pages"}],"about":[{"href":"https:\/\/vaivorykstestakas.lt\/index.php?rest_route=\/wp\/v2\/types\/page"}],"author":[{"embeddable":true,"href":"https:\/\/vaivorykstestakas.lt\/index.php?rest_route=\/wp\/v2\/users\/1"}],"replies":[{"embeddable":true,"href":"https:\/\/vaivorykstestakas.lt\/index.php?rest_route=%2Fwp%2Fv2%2Fcomments&post=1865"}],"version-history":[{"count":0,"href":"https:\/\/vaivorykstestakas.lt\/index.php?rest_route=\/wp\/v2\/pages\/1865\/revisions"}],"up":[{"embeddable":true,"href":"https:\/\/vaivorykstestakas.lt\/index.php?rest_route=\/wp\/v2\/pages\/372"}],"wp:attachment":[{"href":"https:\/\/vaivorykstestakas.lt\/index.php?rest_route=%2Fwp%2Fv2%2Fmedia&parent=1865"}],"curies":[{"name":"wp","href":"https:\/\/api.w.org\/{rel}","templated":true}]}}