{"id":2028,"date":"2019-03-29T12:28:14","date_gmt":"2019-03-29T12:28:14","guid":{"rendered":"http:\/\/vaivorykstestakas.lt\/?page_id=2028"},"modified":"2025-03-31T09:41:34","modified_gmt":"2025-03-31T09:41:34","slug":"naudingi-straipsniai","status":"publish","type":"page","link":"https:\/\/vaivorykstestakas.lt\/?page_id=2028","title":{"rendered":"Naudingi straipsniai"},"content":{"rendered":"\n<style>\n\nh4{margin:0.5em 0;}\n\nh4:not(:first-child) {\nmargin-top:1em;\n}\n\n.wp-block-file{\nmargin: 0 0 0 1em;\npadding: 0.35em 0 0.35em 48px;\n}\n\n.wp-block-file a{\ntext-decoration:none;\n}\n\n<\/style>\n\n\n\n<div class=\"wp-block-file\"><a id=\"wp-block-file--media-38229f5c-4204-4fd1-9515-6e6c9c904d63\" href=\"https:\/\/vaivorykstestakas.lt\/wp-content\/uploads\/Dokumentai\/Tevams\/Erkinio-encefalito-profilaktika.pdf\" target=\"_blank\" rel=\"noreferrer noopener\">Erkinio encefalito profilaktika<\/a><a href=\"https:\/\/vaivorykstestakas.lt\/wp-content\/uploads\/Dokumentai\/Tevams\/Erkinio-encefalito-profilaktika.pdf\" class=\"wp-block-file__button wp-element-button\" download aria-describedby=\"wp-block-file--media-38229f5c-4204-4fd1-9515-6e6c9c904d63\">Download<\/a><\/div>\n\n\n\n<div class=\"wp-block-file\"><a id=\"wp-block-file--media-51ab2d38-8708-4b5e-be54-19d5012c7aac\" href=\"https:\/\/vaivorykstestakas.lt\/wp-content\/uploads\/Dokumentai\/Tevams\/Tuberkulioz\u0117s-profilaktika.pdf\" target=\"_blank\" rel=\"noreferrer noopener\">Tuberkulioz\u0117s profilaktika<\/a><a href=\"https:\/\/vaivorykstestakas.lt\/wp-content\/uploads\/Dokumentai\/Tevams\/Tuberkulioz\u0117s-profilaktika.pdf\" class=\"wp-block-file__button wp-element-button\" download aria-describedby=\"wp-block-file--media-51ab2d38-8708-4b5e-be54-19d5012c7aac\">Download<\/a><\/div>\n\n\n\n<div class=\"wp-block-file\"><a id=\"wp-block-file--media-350e1bfb-8b59-4195-b860-bfabd9df7a51\" href=\"https:\/\/vaivorykstestakas.lt\/wp-content\/uploads\/Dokumentai\/Tevams\/Imuniteto-stiprinimas.pdf\" target=\"_blank\" rel=\"noreferrer noopener\">Imuniteto stiprinimas<\/a><a href=\"https:\/\/vaivorykstestakas.lt\/wp-content\/uploads\/Dokumentai\/Tevams\/Imuniteto-stiprinimas.pdf\" class=\"wp-block-file__button wp-element-button\" download aria-describedby=\"wp-block-file--media-350e1bfb-8b59-4195-b860-bfabd9df7a51\">Download<\/a><\/div>\n\n\n\n<div class=\"wp-block-file\"><a id=\"wp-block-file--media-bd8623a2-f81b-4133-8b1a-2ffa307d7986\" href=\"https:\/\/vaivorykstestakas.lt\/wp-content\/uploads\/Dokumentai\/Tevams\/Gripas-ar-persalimas.pdf\" target=\"_blank\" rel=\"noreferrer noopener\">Gripas ar per\u0161alimas<\/a><a href=\"https:\/\/vaivorykstestakas.lt\/wp-content\/uploads\/Dokumentai\/Tevams\/Gripas-ar-persalimas.pdf\" class=\"wp-block-file__button wp-element-button\" download aria-describedby=\"wp-block-file--media-bd8623a2-f81b-4133-8b1a-2ffa307d7986\">Download<\/a><\/div>\n\n\n\n<div class=\"wp-block-file\"><a id=\"wp-block-file--media-964e6209-c8ca-4234-8bc6-f27efd8b64ab\" href=\"https:\/\/vaivorykstestakas.lt\/wp-content\/uploads\/Dokumentai\/Tevams\/Kad-nesirgtumete-persalimo-ligomis.pdf\" target=\"_blank\" rel=\"noreferrer noopener\">Kad nesirgtum\u0117te per\u0161alimo ligomis<\/a><a href=\"https:\/\/vaivorykstestakas.lt\/wp-content\/uploads\/Dokumentai\/Tevams\/Kad-nesirgtumete-persalimo-ligomis.pdf\" class=\"wp-block-file__button wp-element-button\" download aria-describedby=\"wp-block-file--media-964e6209-c8ca-4234-8bc6-f27efd8b64ab\">Download<\/a><\/div>\n\n\n\n<p><strong>Rekomenduoja mokyklos psichologas:<\/strong><\/p>\n\n\n\n<p>Nerimas temdo vaikyst\u0119<br><a href=\"https:\/\/www.psichologijatau.lt\/nerimas-temdo-vaikyste\/\">http:\/\/ https:\/\/www.psichologijatau.lt\/nerimas-temdo-vaikyste\/<\/a><br><\/p>\n\n\n\n<p>R\u016bta Mickevi\u010dien\u0117<br> Jautri\u0173 vaik\u0173 stipryb\u0117s<br> <a href=\"https:\/\/www.psichologijatau.lt\/jautriu-vaiku-stiprybes\/\">https:\/\/www.psichologijatau.lt\/jautriu-vaiku-stiprybes\/<\/a><\/p>\n\n\n\n<p>Kur d\u0117ti \u012fsi\u0161\u0117lusis emocijas?<br><a href=\"https:\/\/www.psichologijatau.lt\/kur-deti-isiselusias-emocijas\/\">https:\/\/www.psichologijatau.lt\/kur-deti-isiselusias-emocijas\/<\/a><br><\/p>\n\n\n\n<p>Paaugliai kalba skirtinga kalba<br> <a href=\"https:\/\/www.psichologijatau.lt\/paaugliai-kalba-skirtinga-kalba\/\">https:\/\/www.psichologijatau.lt\/paaugliai-kalba-skirtinga-kalba\/<\/a><\/p>\n\n\n\n<hr class=\"wp-block-separator has-alpha-channel-opacity\"\/>\n\n\n\n<p><strong>Klaip\u0117dos m. pagalbos tinklas jauniems \u017emon\u0117ms, susiduriantiems su psichoaktyvi\u0173j\u0173 med\u017eiag\u0173 vartojimo i\u0161\u0161\u016bkiais<\/strong><\/p>\n\n\n\n<p>Dalinam\u0117s svarbia informacija, kuri\u0105 pareng\u0117 Klaip\u0117dos miesto visuomen\u0117s sveikatos biuras, siekdami u\u017etikrinti savalaik\u0119 ir efektyvi\u0105 pagalb\u0105 m\u016bs\u0173 miesto vaikams ir paaugliams, susiduriantiems su psichoaktyvi\u0173j\u0173 med\u017eiag\u0173 vartojimo i\u0161\u0161\u016bkiais.<\/p>\n\n\n\n<p>Prid\u0117tame PDF dokumente rasite i\u0161sam\u0173 Klaip\u0117dos mieste veikian\u010di\u0173 \u012fstaig\u0173, teikian\u010di\u0173 specializuotas paslaugas \u0161iai jautriai grupei, s\u0105ra\u0161\u0105 bei j\u0173 tiesioginius kontaktus. Tai leis operatyviai kreiptis pagalbos, esant poreikiui.<\/p>\n\n\n\n<p>Taip pat, nor\u0117dami gauti dar daugiau informacijos apie teikiam\u0105 pagalb\u0105, jos r\u016b\u0161is, metodus ir galimybes, kvie\u010diu pateiktame dokumente spausti nuorodas &#8222;Daugiau informacijos&#8221;. B\u016bsite nukelti \u012f internetin\u012f tinklap\u012f, kuriame rasite i\u0161sam\u0173 apra\u0161ym\u0105 apie vis\u0105 prieinam\u0105 pagalb\u0105.<\/p>\n\n\n\n<p>Kvie\u010diu visus b\u016bti budriais ir nelikti abejingais. \u0160i informacija gali b\u016bti gyvybi\u0161kai svarbi m\u016bs\u0173 vaik\u0173 ir paaugli\u0173 gerovei.<\/p>\n\n\n\n<div class=\"wp-block-file\"><a id=\"wp-block-file--media-98603e60-6472-4e2b-be49-e3131ffbaaca\" href=\"https:\/\/vaivorykstestakas.lt\/wp-content\/uploads\/2025\/03\/pagalba-vaikui-ir-jaunuoliui-vartojanciam-psichoaktyviasias-medziagas.pdf\">pagalba-vaikui-ir-jaunuoliui-vartojanciam-psichoaktyviasias-medziagas<\/a><a href=\"https:\/\/vaivorykstestakas.lt\/wp-content\/uploads\/2025\/03\/pagalba-vaikui-ir-jaunuoliui-vartojanciam-psichoaktyviasias-medziagas.pdf\" class=\"wp-block-file__button wp-element-button\" download aria-describedby=\"wp-block-file--media-98603e60-6472-4e2b-be49-e3131ffbaaca\">Parsisi\u0173sti<\/a><\/div>\n","protected":false},"excerpt":{"rendered":"<p>Rekomenduoja mokyklos psichologas: Nerimas temdo vaikyst\u0119http:\/\/ https:\/\/www.psichologijatau.lt\/nerimas-temdo-vaikyste\/ R\u016bta Mickevi\u010dien\u0117 Jautri\u0173 vaik\u0173 stipryb\u0117s https:\/\/www.psichologijatau.lt\/jautriu-vaiku-stiprybes\/ Kur d\u0117ti \u012fsi\u0161\u0117lusis emocijas?https:\/\/www.psichologijatau.lt\/kur-deti-isiselusias-emocijas\/ Paaugliai kalba skirtinga kalba https:\/\/www.psichologijatau.lt\/paaugliai-kalba-skirtinga-kalba\/ Klaip\u0117dos m. pagalbos tinklas jauniems \u017emon\u0117ms, susiduriantiems su psichoaktyvi\u0173j\u0173 med\u017eiag\u0173 vartojimo i\u0161\u0161\u016bkiais Dalinam\u0117s svarbia informacija, kuri\u0105 pareng\u0117 Klaip\u0117dos miesto visuomen\u0117s sveikatos biuras, siekdami u\u017etikrinti savalaik\u0119 ir efektyvi\u0105 pagalb\u0105 m\u016bs\u0173 miesto vaikams ir paaugliams, susiduriantiems su psichoaktyvi\u0173j\u0173 med\u017eiag\u0173 vartojimo i\u0161\u0161\u016bkiais. Prid\u0117tame PDF dokumente rasite i\u0161sam\u0173 Klaip\u0117dos mieste veikian\u010di\u0173 \u012fstaig\u0173, teikian\u010di\u0173 specializuotas paslaugas \u0161iai jautriai grupei, s\u0105ra\u0161\u0105 bei j\u0173 tiesioginius\u2026<\/p>\n","protected":false},"author":1,"featured_media":0,"parent":376,"menu_order":0,"comment_status":"closed","ping_status":"closed","template":"","meta":{"footnotes":""},"_links":{"self":[{"href":"https:\/\/vaivorykstestakas.lt\/index.php?rest_route=\/wp\/v2\/pages\/2028"}],"collection":[{"href":"https:\/\/vaivorykstestakas.lt\/index.php?rest_route=\/wp\/v2\/pages"}],"about":[{"href":"https:\/\/vaivorykstestakas.lt\/index.php?rest_route=\/wp\/v2\/types\/page"}],"author":[{"embeddable":true,"href":"https:\/\/vaivorykstestakas.lt\/index.php?rest_route=\/wp\/v2\/users\/1"}],"replies":[{"embeddable":true,"href":"https:\/\/vaivorykstestakas.lt\/index.php?rest_route=%2Fwp%2Fv2%2Fcomments&post=2028"}],"version-history":[{"count":0,"href":"https:\/\/vaivorykstestakas.lt\/index.php?rest_route=\/wp\/v2\/pages\/2028\/revisions"}],"up":[{"embeddable":true,"href":"https:\/\/vaivorykstestakas.lt\/index.php?rest_route=\/wp\/v2\/pages\/376"}],"wp:attachment":[{"href":"https:\/\/vaivorykstestakas.lt\/index.php?rest_route=%2Fwp%2Fv2%2Fmedia&parent=2028"}],"curies":[{"name":"wp","href":"https:\/\/api.w.org\/{rel}","templated":true}]}}