{"id":318,"date":"2018-11-13T12:40:00","date_gmt":"2018-11-13T12:40:00","guid":{"rendered":"http:\/\/newsite.vaivorykstestakas.lt\/wordpress\/?page_id=318"},"modified":"2022-11-04T12:42:06","modified_gmt":"2022-11-04T12:42:06","slug":"gimnazijos-istorija","status":"publish","type":"page","link":"https:\/\/vaivorykstestakas.lt\/?page_id=318","title":{"rendered":"Gimnazijos istorija"},"content":{"rendered":"<ul>\n<li>2022-2023 m.m. gimnazijoje &#8211; 198 mokiniai; nuo prie\u0161mokyklin\u0117s iki 12-os klasi\u0173.<\/li>\n<li>2022 m. kovo &#8211; baland\u017eio m\u0117n. prisijung\u0117 13 mokini\u0173 i\u0161 Ukrainos (pab\u0117g\u0119 i\u0161 karo zon\u0173) nuo 5-os iki 12-os klasi\u0173. 3 i\u0161 j\u0173 tapo ir m\u016bs\u0173 gimnazijos abiturientais.<\/li>\n<li>\u00a02018-2019 m. m. m\u016bs\u0173 mokykloje mokosi 171 mokinys, dirba 36 pedagogai, sukomplektuota 12 klasi\u0173, veikia parengiamoji prie\u0161mokyklinuk\u0173 grup\u0117.<\/li>\n<li>Mokyklos prad\u017eia &#8211; 1997 m., keturi\u0173 fizini\u0173 asmen\u0173 \u012fsteigta V\u0161\u012e \u201eVaivoryk\u0161t\u0117s tako\u201c pradin\u0117 mokykla; dar\u017eelio patalpose adresu Baltijos pr. 63 veik\u0117 4 pradin\u0117s klas\u0117s.<\/li>\n<li>2004 metais pradin\u0117 mokykla buvo reorganizuota \u012f pagrindin\u0119 mokykl\u0105.<\/li>\n<li>2005-2006 mokslo metais nuo parengiamosios iki 6 klas\u0117s mokykloje mok\u0117si 57 mokiniai.<\/li>\n<li>2006-2007 mokslo metais \u2013 75 mokiniai. Tais mokslo metais suformuotos prie\u0161mokyklinio ugdymo ir 1\u20137 klas\u0117s.<\/li>\n<li>2007-2008 mokslo metais mokykloje veik\u0117 pradinio mokymo ir pagrindinio mokymo 1-oji pakopa, t.y. 1\u20138 klas\u0117s.<\/li>\n<li>2010-2011 metais suformuota vidurinio mokymo 1-oji pakopa.<\/li>\n<li>2012 m. buvo \u012fsteigtas V\u0161\u012e \u201eVaivoryk\u0161t\u0117s tako\u201c gimnazijos Vilniaus filialas<\/li>\n<li>2012-2013 mokslo metais steig\u0117j\u0173 sprendimu mokykla \u012fgijo vidurin\u0117s mokyklos status\u0105, mokykloje mok\u0117si 105 mokiniai.<\/li>\n<li>2015 m. mokyklos vidurinio ugdymo programa buvo akredituota ir \u012fgijo gimnazijos status\u0105.<\/li>\n<\/ul>\n","protected":false},"excerpt":{"rendered":"<p>2022-2023 m.m. gimnazijoje \u2013 198 mokiniai; nuo prie\u0161mokyklin\u0117s iki 12-os klasi\u0173. 2022 m. kovo \u2013 baland\u017eio m\u0117n. prisijung\u0117 13 mokini\u0173 i\u0161 Ukrainos (pab\u0117g\u0119 i\u0161 karo zon\u0173) nuo 5-os iki 12-os klasi\u0173. 3 i\u0161 j\u0173 tapo ir m\u016bs\u0173 gimnazijos abiturientais. 2018-2019 m. m. m\u016bs\u0173 mokykloje mokosi 171 mokinys, dirba 36 pedagogai, sukomplektuota 12 klasi\u0173, veikia parengiamoji prie\u0161mokyklinuk\u0173 grup\u0117. Mokyklos prad\u017eia \u2013 1997 m., keturi\u0173 fizini\u0173 asmen\u0173 \u012fsteigta V\u0161\u012e \u201eVaivoryk\u0161t\u0117s tako\u201c pradin\u0117 mokykla; dar\u017eelio patalpose adresu Baltijos pr. 63 veik\u0117 4 pradin\u0117s\u2026<\/p>\n","protected":false},"author":1,"featured_media":0,"parent":314,"menu_order":0,"comment_status":"closed","ping_status":"closed","template":"","meta":{"footnotes":""},"_links":{"self":[{"href":"https:\/\/vaivorykstestakas.lt\/index.php?rest_route=\/wp\/v2\/pages\/318"}],"collection":[{"href":"https:\/\/vaivorykstestakas.lt\/index.php?rest_route=\/wp\/v2\/pages"}],"about":[{"href":"https:\/\/vaivorykstestakas.lt\/index.php?rest_route=\/wp\/v2\/types\/page"}],"author":[{"embeddable":true,"href":"https:\/\/vaivorykstestakas.lt\/index.php?rest_route=\/wp\/v2\/users\/1"}],"replies":[{"embeddable":true,"href":"https:\/\/vaivorykstestakas.lt\/index.php?rest_route=%2Fwp%2Fv2%2Fcomments&post=318"}],"version-history":[{"count":0,"href":"https:\/\/vaivorykstestakas.lt\/index.php?rest_route=\/wp\/v2\/pages\/318\/revisions"}],"up":[{"embeddable":true,"href":"https:\/\/vaivorykstestakas.lt\/index.php?rest_route=\/wp\/v2\/pages\/314"}],"wp:attachment":[{"href":"https:\/\/vaivorykstestakas.lt\/index.php?rest_route=%2Fwp%2Fv2%2Fmedia&parent=318"}],"curies":[{"name":"wp","href":"https:\/\/api.w.org\/{rel}","templated":true}]}}