{"id":324,"date":"2018-11-13T12:41:09","date_gmt":"2018-11-13T12:41:09","guid":{"rendered":"http:\/\/newsite.vaivorykstestakas.lt\/wordpress\/?page_id=324"},"modified":"2022-02-05T09:38:13","modified_gmt":"2022-02-05T09:38:13","slug":"mokyklos-steigejai","status":"publish","type":"page","link":"https:\/\/vaivorykstestakas.lt\/?page_id=324","title":{"rendered":"Mokyklos steig\u0117jai, taryba"},"content":{"rendered":"\n<style>\n.wp-block-media-text__media{\nmax-width:50%;\n}\n<\/style>\n\n\n\n<figure class=\"wp-block-image\"><img loading=\"lazy\" decoding=\"async\" width=\"1024\" height=\"768\" src=\"https:\/\/vaivorykstestakas.lt\/wp-content\/uploads\/Nuotraukos\/apie_mokykla\/steigejai-1024x768.jpg\" alt=\"\" class=\"wp-image-1997\" srcset=\"https:\/\/vaivorykstestakas.lt\/wp-content\/uploads\/Nuotraukos\/apie_mokykla\/steigejai-1024x768.jpg 1024w, https:\/\/vaivorykstestakas.lt\/wp-content\/uploads\/Nuotraukos\/apie_mokykla\/steigejai-300x225.jpg 300w, https:\/\/vaivorykstestakas.lt\/wp-content\/uploads\/Nuotraukos\/apie_mokykla\/steigejai-768x576.jpg 768w, https:\/\/vaivorykstestakas.lt\/wp-content\/uploads\/Nuotraukos\/apie_mokykla\/steigejai.jpg 1632w\" sizes=\"(max-width: 1024px) 100vw, 1024px\" \/><\/figure>\n\n\n\n<p> 1997 metais susib\u016br\u0117 grup\u0117 bendramin\u010di\u0173, kuriuos vienijo bendra id\u0117ja apie tai, kad Klaip\u0117dos mieste turi veikti privati mokykla, kurios pamatas b\u016bt\u0173 krik\u0161\u010dioni\u0161kos vertyb\u0117s.   <br>Mokyklos steig\u0117jai: Rolandas Kumpys, D\u017eiuljeta Ge\u010dien\u0117, Algis R\u016btelionis. <br><\/p>\n\n\n\n<div style=\"height:20px\" aria-hidden=\"true\" class=\"wp-block-spacer\"><\/div>\n\n\n\n<div class=\"wp-block-media-text alignwide\"><figure class=\"wp-block-media-text__media\"><img loading=\"lazy\" decoding=\"async\" width=\"1024\" height=\"774\" src=\"https:\/\/vaivorykstestakas.lt\/wp-content\/uploads\/Nuotraukos\/apie_mokykla\/taryba-1024x774.jpg\" alt=\"Gimnazijos taryba\" class=\"wp-image-1268\" srcset=\"https:\/\/vaivorykstestakas.lt\/wp-content\/uploads\/Nuotraukos\/apie_mokykla\/taryba-1024x774.jpg 1024w, https:\/\/vaivorykstestakas.lt\/wp-content\/uploads\/Nuotraukos\/apie_mokykla\/taryba-300x227.jpg 300w, https:\/\/vaivorykstestakas.lt\/wp-content\/uploads\/Nuotraukos\/apie_mokykla\/taryba-768x580.jpg 768w, https:\/\/vaivorykstestakas.lt\/wp-content\/uploads\/Nuotraukos\/apie_mokykla\/taryba.jpg 1571w\" sizes=\"(max-width: 1024px) 100vw, 1024px\" \/><\/figure><div class=\"wp-block-media-text__content\">\n<p>2015 metais \u012fsteigta \u201eVaivoryk\u0161t\u0117s tako&#8221; gimnazijos taryba,\u00a0 kuri\u0105 sudaro 8 asmenys:\u00a0 mokyklos steig\u0117jai, mokyklos kapelionas Andrius Valaitis,\u00a0 mokini\u0173 t\u0117vai Modestas Gaubas ir Deividas Pagojus, pastorius Albertas Latu\u017eis ir\u00a0 misionier\u0117 i\u0161 JAV, Klaip\u0117dos universiteto profesor\u0117 Siuzan Robbins.<\/p>\n<\/div><\/div>\n","protected":false},"excerpt":{"rendered":"<p>1997 metais susib\u016br\u0117 grup\u0117 bendramin\u010di\u0173, kuriuos vienijo bendra id\u0117ja apie tai, kad Klaip\u0117dos mieste turi veikti privati mokykla, kurios pamatas b\u016bt\u0173 krik\u0161\u010dioni\u0161kos vertyb\u0117s. Mokyklos steig\u0117jai: Rolandas Kumpys, D\u017eiuljeta Ge\u010dien\u0117, Algis R\u016btelionis. 2015 metais \u012fsteigta \u201eVaivoryk\u0161t\u0117s tako\u201d gimnazijos taryba, kuri\u0105 sudaro 8 asmenys: mokyklos steig\u0117jai, mokyklos kapelionas Andrius Valaitis, mokini\u0173 t\u0117vai Modestas Gaubas ir Deividas Pagojus, pastorius Albertas Latu\u017eis ir misionier\u0117 i\u0161 JAV, Klaip\u0117dos universiteto profesor\u0117 Siuzan Robbins.<\/p>\n","protected":false},"author":1,"featured_media":0,"parent":314,"menu_order":0,"comment_status":"closed","ping_status":"closed","template":"","meta":{"footnotes":""},"_links":{"self":[{"href":"https:\/\/vaivorykstestakas.lt\/index.php?rest_route=\/wp\/v2\/pages\/324"}],"collection":[{"href":"https:\/\/vaivorykstestakas.lt\/index.php?rest_route=\/wp\/v2\/pages"}],"about":[{"href":"https:\/\/vaivorykstestakas.lt\/index.php?rest_route=\/wp\/v2\/types\/page"}],"author":[{"embeddable":true,"href":"https:\/\/vaivorykstestakas.lt\/index.php?rest_route=\/wp\/v2\/users\/1"}],"replies":[{"embeddable":true,"href":"https:\/\/vaivorykstestakas.lt\/index.php?rest_route=%2Fwp%2Fv2%2Fcomments&post=324"}],"version-history":[{"count":0,"href":"https:\/\/vaivorykstestakas.lt\/index.php?rest_route=\/wp\/v2\/pages\/324\/revisions"}],"up":[{"embeddable":true,"href":"https:\/\/vaivorykstestakas.lt\/index.php?rest_route=\/wp\/v2\/pages\/314"}],"wp:attachment":[{"href":"https:\/\/vaivorykstestakas.lt\/index.php?rest_route=%2Fwp%2Fv2%2Fmedia&parent=324"}],"curies":[{"name":"wp","href":"https:\/\/api.w.org\/{rel}","templated":true}]}}