{"id":339,"date":"2018-11-13T12:46:31","date_gmt":"2018-11-13T12:46:31","guid":{"rendered":"http:\/\/newsite.vaivorykstestakas.lt\/wordpress\/?page_id=339"},"modified":"2022-02-05T09:42:02","modified_gmt":"2022-02-05T09:42:02","slug":"abiturientu-laidos","status":"publish","type":"page","link":"https:\/\/vaivorykstestakas.lt\/?page_id=339","title":{"rendered":"Abiturient\u0173 laidos"},"content":{"rendered":"\n<div class=\"wp-block-image\"><figure class=\"aligncenter\"><img loading=\"lazy\" decoding=\"async\" width=\"1024\" height=\"720\" src=\"http:\/\/newsite.vaivorykstestakas.lt\/wp-content\/uploads\/Nuotraukos\/apie_mokykla\/abiturientu_laidos\/1-laida-1024x720.jpg\" alt=\"\" class=\"wp-image-909\" srcset=\"https:\/\/vaivorykstestakas.lt\/wp-content\/uploads\/Nuotraukos\/apie_mokykla\/abiturientu_laidos\/1-laida-1024x720.jpg 1024w, https:\/\/vaivorykstestakas.lt\/wp-content\/uploads\/Nuotraukos\/apie_mokykla\/abiturientu_laidos\/1-laida-300x211.jpg 300w, https:\/\/vaivorykstestakas.lt\/wp-content\/uploads\/Nuotraukos\/apie_mokykla\/abiturientu_laidos\/1-laida-768x540.jpg 768w, https:\/\/vaivorykstestakas.lt\/wp-content\/uploads\/Nuotraukos\/apie_mokykla\/abiturientu_laidos\/1-laida.jpg 1403w\" sizes=\"(max-width: 1024px) 100vw, 1024px\" \/><\/figure><\/div>\n\n\n\n<p style=\"text-align:center\">I laida 2013-2014 m. m.<br>Gailius, Skaist\u0117, Rolandas<\/p>\n\n\n\n<p><br><\/p>\n\n\n\n<div class=\"wp-block-image\"><figure class=\"aligncenter\"><img loading=\"lazy\" decoding=\"async\" width=\"952\" height=\"778\" src=\"http:\/\/newsite.vaivorykstestakas.lt\/wp-content\/uploads\/Nuotraukos\/apie_mokykla\/abiturientu_laidos\/2-laida.jpg\" alt=\"\" class=\"wp-image-911\" srcset=\"https:\/\/vaivorykstestakas.lt\/wp-content\/uploads\/Nuotraukos\/apie_mokykla\/abiturientu_laidos\/2-laida.jpg 952w, https:\/\/vaivorykstestakas.lt\/wp-content\/uploads\/Nuotraukos\/apie_mokykla\/abiturientu_laidos\/2-laida-300x245.jpg 300w, https:\/\/vaivorykstestakas.lt\/wp-content\/uploads\/Nuotraukos\/apie_mokykla\/abiturientu_laidos\/2-laida-768x628.jpg 768w\" sizes=\"(max-width: 952px) 100vw, 952px\" \/><\/figure><\/div>\n\n\n\n<p style=\"text-align:center\">II laida 2014-2015 m. m.<br>Rimas, Tomas, Aist\u0117, Paulius, Simona<\/p>\n\n\n\n<p><br><\/p>\n\n\n\n<div class=\"wp-block-image\"><figure class=\"aligncenter\"><img loading=\"lazy\" decoding=\"async\" width=\"1024\" height=\"683\" src=\"http:\/\/newsite.vaivorykstestakas.lt\/wp-content\/uploads\/Nuotraukos\/apie_mokykla\/abiturientu_laidos\/3-laida-1024x683.jpg\" alt=\"\" class=\"wp-image-910\" srcset=\"https:\/\/vaivorykstestakas.lt\/wp-content\/uploads\/Nuotraukos\/apie_mokykla\/abiturientu_laidos\/3-laida-1024x683.jpg 1024w, https:\/\/vaivorykstestakas.lt\/wp-content\/uploads\/Nuotraukos\/apie_mokykla\/abiturientu_laidos\/3-laida-300x200.jpg 300w, https:\/\/vaivorykstestakas.lt\/wp-content\/uploads\/Nuotraukos\/apie_mokykla\/abiturientu_laidos\/3-laida-768x512.jpg 768w\" sizes=\"(max-width: 1024px) 100vw, 1024px\" \/><\/figure><\/div>\n\n\n\n<p style=\"text-align:center\">III laida 2015-2016 m. m.<br>Samuelis, Ri\u010dardas<\/p>\n\n\n\n<p><br><\/p>\n\n\n\n<div class=\"wp-block-image\"><figure class=\"aligncenter\"><img loading=\"lazy\" decoding=\"async\" width=\"752\" height=\"1024\" src=\"http:\/\/newsite.vaivorykstestakas.lt\/wp-content\/uploads\/Nuotraukos\/apie_mokykla\/abiturientu_laidos\/4-laida-752x1024.jpg\" alt=\"\" class=\"wp-image-912\" srcset=\"https:\/\/vaivorykstestakas.lt\/wp-content\/uploads\/Nuotraukos\/apie_mokykla\/abiturientu_laidos\/4-laida-752x1024.jpg 752w, https:\/\/vaivorykstestakas.lt\/wp-content\/uploads\/Nuotraukos\/apie_mokykla\/abiturientu_laidos\/4-laida-220x300.jpg 220w, https:\/\/vaivorykstestakas.lt\/wp-content\/uploads\/Nuotraukos\/apie_mokykla\/abiturientu_laidos\/4-laida-768x1045.jpg 768w, https:\/\/vaivorykstestakas.lt\/wp-content\/uploads\/Nuotraukos\/apie_mokykla\/abiturientu_laidos\/4-laida.jpg 945w\" sizes=\"(max-width: 752px) 100vw, 752px\" \/><\/figure><\/div>\n\n\n\n<p style=\"text-align:center\">  IV laida 2016-2017 m. m.<br>Greta, Edvardas, Pavelas, Marija <\/p>\n\n\n\n<p><br><\/p>\n\n\n\n<div class=\"wp-block-image\"><figure class=\"aligncenter\"><img loading=\"lazy\" decoding=\"async\" width=\"1024\" height=\"683\" src=\"http:\/\/newsite.vaivorykstestakas.lt\/wp-content\/uploads\/Nuotraukos\/apie_mokykla\/abiturientu_laidos\/5-laida-1024x683.jpg\" alt=\"\" class=\"wp-image-913\" srcset=\"https:\/\/vaivorykstestakas.lt\/wp-content\/uploads\/Nuotraukos\/apie_mokykla\/abiturientu_laidos\/5-laida-1024x683.jpg 1024w, https:\/\/vaivorykstestakas.lt\/wp-content\/uploads\/Nuotraukos\/apie_mokykla\/abiturientu_laidos\/5-laida-300x200.jpg 300w, https:\/\/vaivorykstestakas.lt\/wp-content\/uploads\/Nuotraukos\/apie_mokykla\/abiturientu_laidos\/5-laida-768x512.jpg 768w, https:\/\/vaivorykstestakas.lt\/wp-content\/uploads\/Nuotraukos\/apie_mokykla\/abiturientu_laidos\/5-laida.jpg 1800w\" sizes=\"(max-width: 1024px) 100vw, 1024px\" \/><\/figure><\/div>\n\n\n\n<p style=\"text-align:center\"> V laida 2017-2018 m. m. <br>Filipas, Julija, \u017dymant\u0117, R\u016bta, Beatri\u010d\u0117, Danielius, Lukas<\/p>\n","protected":false},"excerpt":{"rendered":"<p>I laida 2013-2014 m. m.Gailius, Skaist\u0117, Rolandas II laida 2014-2015 m. m.Rimas, Tomas, Aist\u0117, Paulius, Simona III laida 2015-2016 m. m.Samuelis, Ri\u010dardas IV laida 2016-2017 m. m.Greta, Edvardas, Pavelas, Marija V laida 2017-2018 m. m. Filipas, Julija, \u017dymant\u0117, R\u016bta, Beatri\u010d\u0117, Danielius, Lukas<\/p>\n","protected":false},"author":1,"featured_media":0,"parent":314,"menu_order":0,"comment_status":"closed","ping_status":"closed","template":"","meta":{"footnotes":""},"_links":{"self":[{"href":"https:\/\/vaivorykstestakas.lt\/index.php?rest_route=\/wp\/v2\/pages\/339"}],"collection":[{"href":"https:\/\/vaivorykstestakas.lt\/index.php?rest_route=\/wp\/v2\/pages"}],"about":[{"href":"https:\/\/vaivorykstestakas.lt\/index.php?rest_route=\/wp\/v2\/types\/page"}],"author":[{"embeddable":true,"href":"https:\/\/vaivorykstestakas.lt\/index.php?rest_route=\/wp\/v2\/users\/1"}],"replies":[{"embeddable":true,"href":"https:\/\/vaivorykstestakas.lt\/index.php?rest_route=%2Fwp%2Fv2%2Fcomments&post=339"}],"version-history":[{"count":0,"href":"https:\/\/vaivorykstestakas.lt\/index.php?rest_route=\/wp\/v2\/pages\/339\/revisions"}],"up":[{"embeddable":true,"href":"https:\/\/vaivorykstestakas.lt\/index.php?rest_route=\/wp\/v2\/pages\/314"}],"wp:attachment":[{"href":"https:\/\/vaivorykstestakas.lt\/index.php?rest_route=%2Fwp%2Fv2%2Fmedia&parent=339"}],"curies":[{"name":"wp","href":"https:\/\/api.w.org\/{rel}","templated":true}]}}