{"id":350,"date":"2018-11-13T12:51:53","date_gmt":"2018-11-13T12:51:53","guid":{"rendered":"http:\/\/newsite.vaivorykstestakas.lt\/wordpress\/?page_id=350"},"modified":"2022-11-16T12:36:33","modified_gmt":"2022-11-16T12:36:33","slug":"gimnazijos-vadove","status":"publish","type":"page","link":"https:\/\/vaivorykstestakas.lt\/?page_id=350","title":{"rendered":"Gimnazijos vadov\u0117"},"content":{"rendered":"\n<style>\nfigure.alignleft{\nmargin: 0 1.5em 0 0;\n}\n<\/style>\n\n\n<figure id=\"attachment_1568\" aria-describedby=\"caption-attachment-1568\" style=\"width: 200px\" class=\"wp-caption alignleft\"><img loading=\"lazy\" decoding=\"async\" class=\"wp-image-1568\" src=\"http:\/\/newsite.vaivorykstestakas.lt\/wp-content\/uploads\/Nuotraukos\/apie_mokykla\/darbuotojai\/dziuljeta_geciene.jpg\" alt=\"Direktor\u0117 D\u017eiuljeta Ge\u010dien\u0117\" width=\"200\" height=\"302\" srcset=\"https:\/\/vaivorykstestakas.lt\/wp-content\/uploads\/Nuotraukos\/apie_mokykla\/darbuotojai\/dziuljeta_geciene.jpg 640w, https:\/\/vaivorykstestakas.lt\/wp-content\/uploads\/Nuotraukos\/apie_mokykla\/darbuotojai\/dziuljeta_geciene-199x300.jpg 199w\" sizes=\"(max-width: 200px) 100vw, 200px\" \/><figcaption id=\"caption-attachment-1568\" class=\"wp-caption-text\">Direktor\u0117 D\u017eiuljeta Ge\u010dien\u0117<\/figcaption><\/figure>\n<p>Esu viena i\u0161 mokyklos steig\u0117j\u0173. Kokius mes, mokyklos steig\u0117jai, tur\u0117jome tikslus ir l\u016bkes\u010dius, kurdami nauj\u0105 mokykl\u0105? Mokyklos id\u0117ja gim\u0117 norint sukurti alternatyvi\u0105 mokymosi sistem\u0105 esamai valstybinei mokyklai. Ie\u0161kojome nauj\u0173 id\u0117j\u0173, b\u016bd\u0173 kaip sukurti vaikams toki\u0105 mokymo ir mokymosi aplink\u0105, kur jie gal\u0117t\u0173 jaustis saug\u016bs. Sukurti toki\u0105 aplink\u0105, kurioje b\u016bt\u0173 atsakyti svarbiausi \u017emogaus poreikiai: b\u016bti mylimu ir priimtu. \u0160i\u0105 s\u0105lyg\u0105 galime i\u0161pildyti tik pa\u017eindami vienintel\u0119 nenugin\u010dijam\u0105 Ties\u0105 &#8211; Dievo Meil\u0119. Tod\u0117l mokyklos steig\u0117jai pasirinko krik\u0161\u010dioni\u0161ko ugdymo krypt\u012f, nes &#8222;Dievas taip pamilo pasaul\u012f, kad atidav\u0117 savo viengim\u012f s\u016bn\u0173, kad kiekvienas, kuris J\u012f tiki, nepra\u017e\u016bt\u0173, bet tur\u0117t\u0173 am\u017ein\u0105j\u012f gyvenim\u0105&#8221; (\u0160v. Ra\u0161tas).<\/p>\n\n\n<p> \u0160iandien ir toliau, atsakydami \u012f t\u0117veli\u0173 l\u016bkes\u010dius, pl\u0117tojame mokyklos id\u0117j\u0105. Mokom\u0117s vieni i\u0161 kit\u0173 ir augame. Augame dvasi\u0161kai, myl\u0117dami ir priimdami vieni kitus. Augame kaip bendruomen\u0117, skai\u010diumi ir pasiekimais. Augame patirtyje, pa\u017eindami gera ir bloga, semdamiesi gyvyb\u0117s i\u0161 Gyvenimo \u0161altinio &#8211; Kristaus. Kas mane labiausiai d\u017eiugina mokykloje? Degan\u010dios vaik\u0173 akys, tro\u0161kimas pa\u017einti K\u016br\u0117j\u0105, noras suprasti savo tiksl\u0105 ir vert\u0119. Pokalbiai, pam\u0105stymai, pasidalinimai \u012fkvepia ir padr\u0105sina.<\/p>\n\n\n\n<div style=\"height:20px\" aria-hidden=\"true\" class=\"wp-block-spacer\"><\/div>\n\n\n\n<h4 class=\"wp-block-heading\">Trumpai apie savo pa\u010dios nueit\u0105 keli\u0105:<\/h4>\n\n\n\n<p>1992 m. buvau pirma \u0161ios mokyklos, kuomet ji priklaus\u0117 krik\u0161\u010dioni\u0161kai bendruomenei, mokytoja.<\/p>\n\n\n\n<p>Mokyklai vadovauju nuo 2003 met\u0173. 1997 metais drauge su kitais 3 asmenimis \u012fsteig\u0117me \u0161i\u0105 mokykl\u0105.<\/p>\n\n\n\n<p> 1985 metais baigiau \u0160iauli\u0173 K. Preik\u0161os pedagogin\u012f institut\u0105, kur \u012fgyjau pradini\u0173 klasi\u0173 mokytojo specialyb\u0119. <\/p>\n\n\n\n<p>1999 metais \u012fgyjau edukologijos krypties familistikos specialyb\u0117s magistro laipsn\u012f.<\/p>\n\n\n\n<p>2000 metais apsigyniau mokytojo metodininko kvalifikacin\u0119 kategorij\u0105.<\/p>\n\n\n\n<p>2003-2005 m. k\u0117liau vadybin\u0119 kvalifikacij\u0105 Vilniaus pedagog\u0173 raidos centre.<\/p>\n\n\n\n<p>Nuo 1997 m. sta\u017euojuosi Tarptautin\u0117je krik\u0161\u010dioni\u0161k\u0173 mokykl\u0173 Asociacijoje (centras Kijeve).<\/p>\n\n\n\n<p>Nuo 2014 m. semiuosi patirties Nyderland\u0173, Norvegijos, Airijos, Marylando (JAV)  \u0161vietimo \u012fstaigose.<\/p>\n\n\n\n<p>Nuo 2016 m. dalyvauju Tarptautinio Europos Krik\u0161\u010dioni\u0161ko \u0160vietimo Asociacijos rengiamose Asambl\u0117jose, pa\u017eintiniuose turuose po krik\u0161\u010dioni\u0161kas mokymo \u012fstaigas.<br><br>Nuo 2016 m. studijuoju Lietuvos Evangeliniame Biblijos institute (\u0160iauliai, Vilnius)<\/p>\n\n\n\n<p>Mokykloje d\u0117stau pasirenkam\u0105 modul\u012f vidurinio ugdymo klas\u0117ms &#8222;Draugyst\u0117s, meil\u0117s ir santuokos psichologija&#8221;. D\u017eiaugiuosi, kad galiu pasidalinti Dievo i\u0161mintimi ir pa\u017einimu.<\/p>\n","protected":false},"excerpt":{"rendered":"<p>Esu viena i\u0161 mokyklos steig\u0117j\u0173. Kokius mes, mokyklos steig\u0117jai, tur\u0117jome tikslus ir l\u016bkes\u010dius, kurdami nauj\u0105 mokykl\u0105? Mokyklos id\u0117ja gim\u0117 norint sukurti alternatyvi\u0105 mokymosi sistem\u0105 esamai valstybinei mokyklai. Ie\u0161kojome nauj\u0173 id\u0117j\u0173, b\u016bd\u0173 kaip sukurti vaikams toki\u0105 mokymo ir mokymosi aplink\u0105, kur jie gal\u0117t\u0173 jaustis saug\u016bs. Sukurti toki\u0105 aplink\u0105, kurioje b\u016bt\u0173 atsakyti svarbiausi \u017emogaus poreikiai: b\u016bti mylimu ir priimtu. \u0160i\u0105 s\u0105lyg\u0105 galime i\u0161pildyti tik pa\u017eindami vienintel\u0119 nenugin\u010dijam\u0105 Ties\u0105 \u2013 Dievo Meil\u0119. Tod\u0117l mokyklos steig\u0117jai pasirinko krik\u0161\u010dioni\u0161ko ugdymo krypt\u012f, nes \u201eDievas taip pamilo\u2026<\/p>\n","protected":false},"author":1,"featured_media":0,"parent":342,"menu_order":0,"comment_status":"closed","ping_status":"closed","template":"","meta":{"footnotes":""},"_links":{"self":[{"href":"https:\/\/vaivorykstestakas.lt\/index.php?rest_route=\/wp\/v2\/pages\/350"}],"collection":[{"href":"https:\/\/vaivorykstestakas.lt\/index.php?rest_route=\/wp\/v2\/pages"}],"about":[{"href":"https:\/\/vaivorykstestakas.lt\/index.php?rest_route=\/wp\/v2\/types\/page"}],"author":[{"embeddable":true,"href":"https:\/\/vaivorykstestakas.lt\/index.php?rest_route=\/wp\/v2\/users\/1"}],"replies":[{"embeddable":true,"href":"https:\/\/vaivorykstestakas.lt\/index.php?rest_route=%2Fwp%2Fv2%2Fcomments&post=350"}],"version-history":[{"count":0,"href":"https:\/\/vaivorykstestakas.lt\/index.php?rest_route=\/wp\/v2\/pages\/350\/revisions"}],"up":[{"embeddable":true,"href":"https:\/\/vaivorykstestakas.lt\/index.php?rest_route=\/wp\/v2\/pages\/342"}],"wp:attachment":[{"href":"https:\/\/vaivorykstestakas.lt\/index.php?rest_route=%2Fwp%2Fv2%2Fmedia&parent=350"}],"curies":[{"name":"wp","href":"https:\/\/api.w.org\/{rel}","templated":true}]}}