{"id":362,"date":"2018-11-13T12:54:08","date_gmt":"2018-11-13T12:54:08","guid":{"rendered":"http:\/\/newsite.vaivorykstestakas.lt\/wordpress\/?page_id=362"},"modified":"2025-09-16T05:58:57","modified_gmt":"2025-09-16T05:58:57","slug":"gimnazijos-nuostatai","status":"publish","type":"page","link":"https:\/\/vaivorykstestakas.lt\/?page_id=362","title":{"rendered":"Atostogos"},"content":{"rendered":"\n<h4 class=\"wp-block-heading\">2025-2026 met\u0173 mokini\u0173 atostogos<\/h4>\n\n\n\n<p class=\"has-text-align-center has-large-font-size\"><strong>Mokini\u0173 atostogos<\/strong><\/p>\n\n\n\n<p><strong>Rudens atostogos<\/strong><strong> <\/strong><strong><\/strong><strong> <\/strong>2025 m. lapkri\u010dio 03 d. \u2013 2025 m. lapkri\u010dio 09 d.<\/p>\n\n\n\n<p><strong>\u017diemos (Kal\u0117d\u0173) atostogos<\/strong><strong> <\/strong><strong><\/strong>2025 m. gruod\u017eio 24 d. \u2013 2026 m. sausio 04 d.<\/p>\n\n\n\n<p><strong>\u017diemos atostogos<\/strong><strong> <\/strong><strong><\/strong><strong> <\/strong>2026 m. vasario 16 d. \u2013 2026 m. vasario 22 d.<strong>&nbsp;<\/strong><\/p>\n\n\n\n<p><strong>Pavasario (Velyk\u0173) atostogos:<\/strong><\/p>\n\n\n\n<p><strong><\/strong><strong>1\u20134, 5\u20138, I, II g. klasi\u0173<\/strong><strong> <\/strong><strong><\/strong>2026 m. kovo 30 d. \u2013 2026 m. baland\u017eio 05 d.<\/p>\n\n\n\n<p><strong>III, IV g. klasi\u0173<\/strong><strong> <\/strong><strong><\/strong>2026 m. baland\u017eio 06 d. \u2013 2026 m. baland\u017eio 12 d.<\/p>\n\n\n\n<p><strong>Vasaros prie\u0161mokyklin\u0117s, 1-4 klasi\u0173 atostogos<\/strong><strong> <\/strong>2026 m. bir\u017eelio 09 d. \u2013 2026 m. rugpj\u016b\u010dio 31 d.<strong><\/strong><\/p>\n\n\n\n<p><strong>Vasaros III g. klas\u0117s atostogos<\/strong><strong> <\/strong><strong><\/strong>2026 m. bir\u017eelio 13 d. \u2013 2026 m. rugpj\u016b\u010dio 31 d.<\/p>\n\n\n\n<p><strong>Vasaros 5-8, I, II g. klasi\u0173 atostogos<\/strong><strong> <\/strong><strong><\/strong>2026 m. bir\u017eelio 16 d. \u2013 2026 m. rugpj\u016b\u010dio 31 d.<\/p>\n","protected":false},"excerpt":{"rendered":"<p>2025-2026 met\u0173 mokini\u0173 atostogos Mokini\u0173 atostogos Rudens atostogos 2025 m. lapkri\u010dio 03 d. \u2013 2025 m. lapkri\u010dio 09 d. \u017diemos (Kal\u0117d\u0173) atostogos 2025 m. gruod\u017eio 24 d. \u2013 2026 m. sausio 04 d. \u017diemos atostogos 2026 m. vasario 16 d. \u2013 2026 m. vasario 22 d. Pavasario (Velyk\u0173) atostogos: 1\u20134, 5\u20138, I, II g. klasi\u0173 2026 m. kovo 30 d. \u2013 2026 m. baland\u017eio 05 d. III, IV g. klasi\u0173 2026 m. baland\u017eio 06 d. \u2013 2026 m. baland\u017eio 12\u2026<\/p>\n","protected":false},"author":1,"featured_media":0,"parent":360,"menu_order":0,"comment_status":"closed","ping_status":"closed","template":"","meta":{"footnotes":""},"_links":{"self":[{"href":"https:\/\/vaivorykstestakas.lt\/index.php?rest_route=\/wp\/v2\/pages\/362"}],"collection":[{"href":"https:\/\/vaivorykstestakas.lt\/index.php?rest_route=\/wp\/v2\/pages"}],"about":[{"href":"https:\/\/vaivorykstestakas.lt\/index.php?rest_route=\/wp\/v2\/types\/page"}],"author":[{"embeddable":true,"href":"https:\/\/vaivorykstestakas.lt\/index.php?rest_route=\/wp\/v2\/users\/1"}],"replies":[{"embeddable":true,"href":"https:\/\/vaivorykstestakas.lt\/index.php?rest_route=%2Fwp%2Fv2%2Fcomments&post=362"}],"version-history":[{"count":0,"href":"https:\/\/vaivorykstestakas.lt\/index.php?rest_route=\/wp\/v2\/pages\/362\/revisions"}],"up":[{"embeddable":true,"href":"https:\/\/vaivorykstestakas.lt\/index.php?rest_route=\/wp\/v2\/pages\/360"}],"wp:attachment":[{"href":"https:\/\/vaivorykstestakas.lt\/index.php?rest_route=%2Fwp%2Fv2%2Fmedia&parent=362"}],"curies":[{"name":"wp","href":"https:\/\/api.w.org\/{rel}","templated":true}]}}