{"id":366,"date":"2018-11-13T12:55:17","date_gmt":"2018-11-13T12:55:17","guid":{"rendered":"http:\/\/newsite.vaivorykstestakas.lt\/wordpress\/?page_id=366"},"modified":"2026-03-31T10:48:29","modified_gmt":"2026-03-31T10:48:29","slug":"2015-2019-metu-strateginis-planas","status":"publish","type":"page","link":"https:\/\/vaivorykstestakas.lt\/?page_id=366","title":{"rendered":"Dokumentai"},"content":{"rendered":"\n<h4 class=\"wp-block-heading\">Ugdymas<\/h4>\n\n\n\n<div class=\"wp-block-file\"><a id=\"wp-block-file--media-80f815e1-cb47-4a8a-9b64-75316a8bb4fe\" href=\"https:\/\/vaivorykstestakas.lt\/wp-content\/uploads\/2022\/12\/Sesiju-tvarka.pdf\" target=\"_blank\" rel=\"noreferrer noopener\">Sesij\u0173 tvarka<\/a><a href=\"https:\/\/vaivorykstestakas.lt\/wp-content\/uploads\/2022\/12\/Sesiju-tvarka.pdf\" class=\"wp-block-file__button wp-element-button\" download aria-describedby=\"wp-block-file--media-80f815e1-cb47-4a8a-9b64-75316a8bb4fe\"><\/a><\/div>\n\n\n\n<div class=\"wp-block-file\"><a id=\"wp-block-file--media-f5f3df4d-2ddf-4ac5-ae6a-85af5ffae734\" href=\"https:\/\/vaivorykstestakas.lt\/wp-content\/uploads\/2025\/12\/VsI-\u201eVaivorykstes-tako-gimnazijos-2025-2026-m.m.-ugdymo-planas_patvirtintas-2.pdf\">V\u0161\u012e \u201eVaivoryk\u0161t\u0117s tako&#8221; gimnazijos 2025-2026 m.m. ugdymo planas<\/a><a href=\"https:\/\/vaivorykstestakas.lt\/wp-content\/uploads\/2025\/12\/VsI-\u201eVaivorykstes-tako-gimnazijos-2025-2026-m.m.-ugdymo-planas_patvirtintas-2.pdf\" class=\"wp-block-file__button wp-element-button\" download aria-describedby=\"wp-block-file--media-f5f3df4d-2ddf-4ac5-ae6a-85af5ffae734\"><\/a><\/div>\n\n\n\n<h4 class=\"wp-block-heading\">Veikla<\/h4>\n\n\n\n<div class=\"wp-block-file\"><a id=\"wp-block-file--media-4decfe1b-69c4-400b-8f5a-c035a8c04364\" href=\"https:\/\/vaivorykstestakas.lt\/wp-content\/uploads\/2025\/05\/2025-m.-VsI-\u201eVaivorykstes-tako-gimnazijos-veiklos-planas-1.pdf\">Veiklos planas 2025<\/a><a href=\"https:\/\/vaivorykstestakas.lt\/wp-content\/uploads\/2025\/05\/2025-m.-VsI-\u201eVaivorykstes-tako-gimnazijos-veiklos-planas-1.pdf\" class=\"wp-block-file__button wp-element-button\" download aria-describedby=\"wp-block-file--media-4decfe1b-69c4-400b-8f5a-c035a8c04364\"><\/a><\/div>\n\n\n\n<div class=\"wp-block-file\"><a id=\"wp-block-file--media-618ae095-4c25-4be4-abd5-818d0d37bbc9\" href=\"https:\/\/vaivorykstestakas.lt\/wp-content\/uploads\/2025\/05\/Veiklos-planas-2024-1.pdf\">Veiklos planas 2024<\/a><a href=\"https:\/\/vaivorykstestakas.lt\/wp-content\/uploads\/2025\/05\/Veiklos-planas-2024-1.pdf\" class=\"wp-block-file__button wp-element-button\" download aria-describedby=\"wp-block-file--media-618ae095-4c25-4be4-abd5-818d0d37bbc9\"><\/a><\/div>\n\n\n\n<div class=\"wp-block-file\"><a id=\"wp-block-file--media-29045cef-833a-4ad2-b20e-2fafd7ce4508\" href=\"https:\/\/vaivorykstestakas.lt\/wp-content\/uploads\/2025\/05\/Veiklos-planas-2023-1-1.pdf\">Veiklos planas 2023<\/a><a href=\"https:\/\/vaivorykstestakas.lt\/wp-content\/uploads\/2025\/05\/Veiklos-planas-2023-1-1.pdf\" class=\"wp-block-file__button wp-element-button\" download aria-describedby=\"wp-block-file--media-29045cef-833a-4ad2-b20e-2fafd7ce4508\"><\/a><\/div>\n\n\n\n<div class=\"wp-block-file\"><a id=\"wp-block-file--media-29045cef-833a-4ad2-b20e-2fafd7ce4508\" href=\"https:\/\/vaivorykstestakas.lt\/wp-content\/uploads\/2026\/03\/VsI-\u201eVaivorykstes-tako-gimnazijos_2026-m._veiklos_planas_2026-03-27_patvirtintas.pdf\" target=\"_blank\" rel=\"noreferrer noopener\">Veiklos planas 2026<\/a><a href=\"https:\/\/vaivorykstestakas.lt\/wp-content\/uploads\/2026\/03\/VsI-\u201eVaivorykstes-tako-gimnazijos_2026-m._veiklos_planas_2026-03-27_patvirtintas.pdf\" class=\"wp-block-file__button wp-element-button\" download aria-describedby=\"wp-block-file--media-29045cef-833a-4ad2-b20e-2fafd7ce4508\"><\/a><\/div>\n\n\n\n<p><\/p>\n\n\n\n<div class=\"wp-block-file\"><a id=\"wp-block-file--media-2e4a0407-a2b0-462f-b9f1-c86b104d6ec3\" href=\"https:\/\/vaivorykstestakas.lt\/wp-content\/uploads\/2025\/05\/2025-2027-m.-VsI-\u201eVaivorykstes-tako-gimnazijos-strateginis-planas.pdf\">Strateginis planas 2025-2027<\/a><a href=\"https:\/\/vaivorykstestakas.lt\/wp-content\/uploads\/2025\/05\/2025-2027-m.-VsI-\u201eVaivorykstes-tako-gimnazijos-strateginis-planas.pdf\" class=\"wp-block-file__button wp-element-button\" download aria-describedby=\"wp-block-file--media-2e4a0407-a2b0-462f-b9f1-c86b104d6ec3\"><\/a><\/div>\n\n\n\n<div class=\"wp-block-file\"><a id=\"wp-block-file--media-207aad84-b101-4a30-81f7-0503b7b46edb\" href=\"https:\/\/vaivorykstestakas.lt\/wp-content\/uploads\/2025\/05\/2023-2025-m.-VsI-\u201eVaivorykstes-tako-gimnazijos-strateginis-planas.pdf\">Strateginis planas 2023-2025<\/a><a href=\"https:\/\/vaivorykstestakas.lt\/wp-content\/uploads\/2025\/05\/2023-2025-m.-VsI-\u201eVaivorykstes-tako-gimnazijos-strateginis-planas.pdf\" class=\"wp-block-file__button wp-element-button\" download aria-describedby=\"wp-block-file--media-207aad84-b101-4a30-81f7-0503b7b46edb\"><\/a><\/div>\n\n\n\n<h4 class=\"wp-block-heading\"><br>Informacija<\/h4>\n\n\n\n<div class=\"wp-block-file\"><a id=\"wp-block-file--media-cfdbec17-0243-4a27-b871-a9b646ac3aa9\" href=\"https:\/\/vaivorykstestakas.lt\/wp-content\/uploads\/2025\/05\/VsI-\u201eVaivorykstes-tako-gimnazijos-svietimo-pagalbos-teikimo-mokiniui-tvarkos-aprasas.pdf\" target=\"_blank\" rel=\"noreferrer noopener\">\u0160vietimo pagalbos teikimo mokiniui tvarkos apra\u0161as<\/a><a href=\"https:\/\/vaivorykstestakas.lt\/wp-content\/uploads\/2025\/05\/VsI-\u201eVaivorykstes-tako-gimnazijos-svietimo-pagalbos-teikimo-mokiniui-tvarkos-aprasas.pdf\" class=\"wp-block-file__button wp-element-button\" download aria-describedby=\"wp-block-file--media-cfdbec17-0243-4a27-b871-a9b646ac3aa9\"><\/a><\/div>\n\n\n\n<div class=\"wp-block-file\"><a id=\"wp-block-file--media-f5594e89-ef47-437b-95c6-9b7b2c2209e9\" href=\"https:\/\/vaivorykstestakas.lt\/wp-content\/uploads\/2026\/01\/VsI-\u201eVaivorykstes-tako-gimnazijos-elektroninio-dienyno-tvarkymo-nuostatai_Patvirtinti_Atnaujinti.pdf\" target=\"_blank\" rel=\"noreferrer noopener\">V\u0161\u012e \u201eVaivoryk\u0161t\u0117s tako&#8221; gimnazijos elektroninio dienyno tvarkymo nuostatai<\/a><a href=\"https:\/\/vaivorykstestakas.lt\/wp-content\/uploads\/2026\/01\/VsI-\u201eVaivorykstes-tako-gimnazijos-elektroninio-dienyno-tvarkymo-nuostatai_Patvirtinti_Atnaujinti.pdf\" class=\"wp-block-file__button wp-element-button\" download aria-describedby=\"wp-block-file--media-f5594e89-ef47-437b-95c6-9b7b2c2209e9\"><\/a><\/div>\n\n\n\n<div class=\"wp-block-file\"><a id=\"wp-block-file--media-f5594e89-ef47-437b-95c6-9b7b2c2209e9\" href=\"https:\/\/vaivorykstestakas.lt\/wp-content\/uploads\/2025\/12\/Pamoku_lankomumo_apskaitos_ir_mokyklos_nelankymo_prevencijos_tvarka_2023_01_31_Patvirtintas_Atnaujintas_2025_12_11-1.pdf\" target=\"_blank\" rel=\"noreferrer noopener\">Pamoku lankomumo apskaitos ir mokyklos nelankymo prevencijos tvarka<\/a><a href=\"https:\/\/vaivorykstestakas.lt\/wp-content\/uploads\/2025\/12\/Pamoku_lankomumo_apskaitos_ir_mokyklos_nelankymo_prevencijos_tvarka_2023_01_31_Patvirtintas_Atnaujintas_2025_12_11-1.pdf\" class=\"wp-block-file__button wp-element-button\" download aria-describedby=\"wp-block-file--media-f5594e89-ef47-437b-95c6-9b7b2c2209e9\"><\/a><\/div>\n\n\n\n<div class=\"wp-block-file\"><a id=\"wp-block-file--media-f5594e89-ef47-437b-95c6-9b7b2c2209e9\" href=\"https:\/\/vaivorykstestakas.lt\/wp-content\/uploads\/2025\/12\/Mokiniu_pazangos_ir_pasiekimu_vertinimo_tvarkos_aprasas-1.pdf\" target=\"_blank\" rel=\"noreferrer noopener\">Mokini\u0173 pa\u017eangos ir pasiekim\u0173 vertinimo tvarkos apra\u0161as<\/a><a href=\"https:\/\/vaivorykstestakas.lt\/wp-content\/uploads\/2025\/12\/Mokiniu_pazangos_ir_pasiekimu_vertinimo_tvarkos_aprasas-1.pdf\" class=\"wp-block-file__button wp-element-button\" download aria-describedby=\"wp-block-file--media-f5594e89-ef47-437b-95c6-9b7b2c2209e9\"><\/a><\/div>\n\n\n\n<style>\n\nh4{margin:0.5em 0;}\n\nh4:not(:first-child) {\nmargin-top:1em;\n}\n\n.wp-block-file{\nmargin: 0 0 0 1em;\npadding: 0.35em 0 0.35em 48px;\n}\n\n.wp-block-file a{\ntext-decoration:none;\n}\n\n<\/style>\n","protected":false},"excerpt":{"rendered":"<p>Ugdymas Veikla Informacija<\/p>\n","protected":false},"author":1,"featured_media":0,"parent":360,"menu_order":0,"comment_status":"closed","ping_status":"closed","template":"","meta":{"footnotes":""},"_links":{"self":[{"href":"https:\/\/vaivorykstestakas.lt\/index.php?rest_route=\/wp\/v2\/pages\/366"}],"collection":[{"href":"https:\/\/vaivorykstestakas.lt\/index.php?rest_route=\/wp\/v2\/pages"}],"about":[{"href":"https:\/\/vaivorykstestakas.lt\/index.php?rest_route=\/wp\/v2\/types\/page"}],"author":[{"embeddable":true,"href":"https:\/\/vaivorykstestakas.lt\/index.php?rest_route=\/wp\/v2\/users\/1"}],"replies":[{"embeddable":true,"href":"https:\/\/vaivorykstestakas.lt\/index.php?rest_route=%2Fwp%2Fv2%2Fcomments&post=366"}],"version-history":[{"count":22,"href":"https:\/\/vaivorykstestakas.lt\/index.php?rest_route=\/wp\/v2\/pages\/366\/revisions"}],"predecessor-version":[{"id":6608,"href":"https:\/\/vaivorykstestakas.lt\/index.php?rest_route=\/wp\/v2\/pages\/366\/revisions\/6608"}],"up":[{"embeddable":true,"href":"https:\/\/vaivorykstestakas.lt\/index.php?rest_route=\/wp\/v2\/pages\/360"}],"wp:attachment":[{"href":"https:\/\/vaivorykstestakas.lt\/index.php?rest_route=%2Fwp%2Fv2%2Fmedia&parent=366"}],"curies":[{"name":"wp","href":"https:\/\/api.w.org\/{rel}","templated":true}]}}