{"id":368,"date":"2018-11-13T12:55:56","date_gmt":"2018-11-13T12:55:56","guid":{"rendered":"http:\/\/newsite.vaivorykstestakas.lt\/wordpress\/?page_id=368"},"modified":"2018-12-19T16:30:43","modified_gmt":"2018-12-19T16:30:43","slug":"viesieji-pirkimai","status":"publish","type":"page","link":"https:\/\/vaivorykstestakas.lt\/?page_id=368","title":{"rendered":"Vie\u0161ieji pirkimai"},"content":{"rendered":"<p>V\u0161\u012e \u201eVaivoryk\u0161t\u0117s tako\u201c gimnazijoje vie\u0161ieji pirkimai atliekami vadovaujantis Lietuvos Respublikos vie\u0161\u0173j\u0173 pirkim\u0173 \u012fstatymu (nauja redakcija patvirtinta 2017 m. gegu\u017e\u0117s 2 d. \u012fsakymu Nr. XIII-327) ir Ma\u017eos vert\u0117s pirkim\u0173 tvarkos apra\u0161u (patvirtintas 2017 m. bir\u017eelio 28 d. \u012fsakymu Nr. 1S-97)<\/p>\n","protected":false},"excerpt":{"rendered":"<p>V\u0161\u012e \u201eVaivoryk\u0161t\u0117s tako\u201c gimnazijoje vie\u0161ieji pirkimai atliekami vadovaujantis Lietuvos Respublikos vie\u0161\u0173j\u0173 pirkim\u0173 \u012fstatymu (nauja redakcija patvirtinta 2017 m. gegu\u017e\u0117s 2 d. \u012fsakymu Nr. XIII-327) ir Ma\u017eos vert\u0117s pirkim\u0173 tvarkos apra\u0161u (patvirtintas 2017 m. bir\u017eelio 28 d. \u012fsakymu Nr. 1S-97)<\/p>\n","protected":false},"author":1,"featured_media":0,"parent":360,"menu_order":0,"comment_status":"closed","ping_status":"closed","template":"","meta":{"footnotes":""},"_links":{"self":[{"href":"https:\/\/vaivorykstestakas.lt\/index.php?rest_route=\/wp\/v2\/pages\/368"}],"collection":[{"href":"https:\/\/vaivorykstestakas.lt\/index.php?rest_route=\/wp\/v2\/pages"}],"about":[{"href":"https:\/\/vaivorykstestakas.lt\/index.php?rest_route=\/wp\/v2\/types\/page"}],"author":[{"embeddable":true,"href":"https:\/\/vaivorykstestakas.lt\/index.php?rest_route=\/wp\/v2\/users\/1"}],"replies":[{"embeddable":true,"href":"https:\/\/vaivorykstestakas.lt\/index.php?rest_route=%2Fwp%2Fv2%2Fcomments&post=368"}],"version-history":[{"count":0,"href":"https:\/\/vaivorykstestakas.lt\/index.php?rest_route=\/wp\/v2\/pages\/368\/revisions"}],"up":[{"embeddable":true,"href":"https:\/\/vaivorykstestakas.lt\/index.php?rest_route=\/wp\/v2\/pages\/360"}],"wp:attachment":[{"href":"https:\/\/vaivorykstestakas.lt\/index.php?rest_route=%2Fwp%2Fv2%2Fmedia&parent=368"}],"curies":[{"name":"wp","href":"https:\/\/api.w.org\/{rel}","templated":true}]}}