{"id":378,"date":"2018-11-13T12:59:08","date_gmt":"2018-11-13T12:59:08","guid":{"rendered":"http:\/\/newsite.vaivorykstestakas.lt\/wordpress\/?page_id=378"},"modified":"2025-05-22T11:02:48","modified_gmt":"2025-05-22T11:02:48","slug":"priemimo-tvarka","status":"publish","type":"page","link":"https:\/\/vaivorykstestakas.lt\/?page_id=378","title":{"rendered":"Pri\u0117mimo tvarka"},"content":{"rendered":"\n<p>Klas\u0117s komplektuojamos: pradin\u0117se &#8211; iki 16 mokini\u0173; vyresn\u0117se &#8211; iki 18 mokini\u0173. <\/p>\n\n\n\n<p>T\u0117vai supa\u017eindinami su mokyklos misija, mokini\u0173 elgesio taisykl\u0117mis ir sutarties sudarymo s\u0105lygomis.<br>\nMokiniai priimami \u012f mokykl\u0105 t\u0117vams pateikus pra\u0161ym\u0105 ra\u0161tu, sudarius ir pasira\u0161ius dvi\u0161al\u0119 sutart\u012f (tarp mokyklos vadovo ir vieno i\u0161 mokinio t\u0117v\u0173 ar glob\u0117j\u0173) bei pateikus medicinin\u0119 pa\u017eym\u0105, kad mokinys gali lankyti mokykl\u0105.<br>\nSpeciali\u0173j\u0173 poreiki\u0173 vaikai \u012f bendrojo ugdymo grupes priimami pateikus Pedagogin\u0117s \u2013 psichologin\u0117s tarnybos i\u0161vad\u0105 apie vaiko raidos sutrikimus.<\/p>\n\n\n\n<p>Mokymosi sutarties kaina gali b\u016bti derinama, jei:<br>\u2013 j\u016bs esate daugiavaik\u0117 \u0161eima;<br> \u2013 j\u016bs esate nepilna \u0161eima;<br>\u2013 jei vienas i\u0161 \u0161eimos nari\u0173 turi negali\u0105;<br>&#8211; jei \u0161eima turi finansini\u0173 sunkum\u0173, ta\u010diau gali mokyklai pasi\u016blyti savo paslaugas.<\/p>\n\n\n\n<p>Jei norite mokytis m\u016bs\u0173 mokykloje \u2013 kvie\u010diame u\u017esiregistruoti mokyklos ra\u0161tin\u0117je tel. (0 46) 340 415 d\u0117l susitikimo su mokyklos direktore.<br>\u012e susitikim\u0105 su gimnazijos vadovu kvie\u010diame atvykti su mokiniu.<\/p>\n","protected":false},"excerpt":{"rendered":"<p>Klas\u0117s komplektuojamos: pradin\u0117se \u2013 iki 16 mokini\u0173; vyresn\u0117se \u2013 iki 18 mokini\u0173. T\u0117vai supa\u017eindinami su mokyklos misija, mokini\u0173 elgesio taisykl\u0117mis ir sutarties sudarymo s\u0105lygomis. Mokiniai priimami \u012f mokykl\u0105 t\u0117vams pateikus pra\u0161ym\u0105 ra\u0161tu, sudarius ir pasira\u0161ius dvi\u0161al\u0119 sutart\u012f (tarp mokyklos vadovo ir vieno i\u0161 mokinio t\u0117v\u0173 ar glob\u0117j\u0173) bei pateikus medicinin\u0119 pa\u017eym\u0105, kad mokinys gali lankyti mokykl\u0105. Speciali\u0173j\u0173 poreiki\u0173 vaikai \u012f bendrojo ugdymo grupes priimami pateikus Pedagogin\u0117s \u2013 psichologin\u0117s tarnybos i\u0161vad\u0105 apie vaiko raidos sutrikimus. Mokymosi sutarties kaina gali b\u016bti derinama,\u2026<\/p>\n","protected":false},"author":1,"featured_media":0,"parent":376,"menu_order":0,"comment_status":"closed","ping_status":"closed","template":"","meta":{"footnotes":""},"_links":{"self":[{"href":"https:\/\/vaivorykstestakas.lt\/index.php?rest_route=\/wp\/v2\/pages\/378"}],"collection":[{"href":"https:\/\/vaivorykstestakas.lt\/index.php?rest_route=\/wp\/v2\/pages"}],"about":[{"href":"https:\/\/vaivorykstestakas.lt\/index.php?rest_route=\/wp\/v2\/types\/page"}],"author":[{"embeddable":true,"href":"https:\/\/vaivorykstestakas.lt\/index.php?rest_route=\/wp\/v2\/users\/1"}],"replies":[{"embeddable":true,"href":"https:\/\/vaivorykstestakas.lt\/index.php?rest_route=%2Fwp%2Fv2%2Fcomments&post=378"}],"version-history":[{"count":0,"href":"https:\/\/vaivorykstestakas.lt\/index.php?rest_route=\/wp\/v2\/pages\/378\/revisions"}],"up":[{"embeddable":true,"href":"https:\/\/vaivorykstestakas.lt\/index.php?rest_route=\/wp\/v2\/pages\/376"}],"wp:attachment":[{"href":"https:\/\/vaivorykstestakas.lt\/index.php?rest_route=%2Fwp%2Fv2%2Fmedia&parent=378"}],"curies":[{"name":"wp","href":"https:\/\/api.w.org\/{rel}","templated":true}]}}