{"id":4260,"date":"2024-02-28T07:08:58","date_gmt":"2024-02-28T07:08:58","guid":{"rendered":"https:\/\/vaivorykstestakas.lt\/?page_id=4260"},"modified":"2025-05-12T06:59:12","modified_gmt":"2025-05-12T06:59:12","slug":"duomenu-apsauga","status":"publish","type":"page","link":"https:\/\/vaivorykstestakas.lt\/?page_id=4260","title":{"rendered":"Duomen\u0173 apsauga"},"content":{"rendered":"\n<p class=\"has-large-font-size\"><\/p>\n\n\n\n<div class=\"wp-block-file\"><a id=\"wp-block-file--media-1e4ac8df-3edb-49ef-9a04-c673946dffd8\" href=\"https:\/\/vaivorykstestakas.lt\/wp-content\/uploads\/2024\/02\/Privatumo-ir-asmens-duomenu-apsaugos-politika.pdf\">Privatumo ir asmens duomen\u0173 apsaugos politika<\/a><a href=\"https:\/\/vaivorykstestakas.lt\/wp-content\/uploads\/2024\/02\/Privatumo-ir-asmens-duomenu-apsaugos-politika.pdf\" class=\"wp-block-file__button wp-element-button\" download aria-describedby=\"wp-block-file--media-1e4ac8df-3edb-49ef-9a04-c673946dffd8\">Parsisi\u0173sti<\/a><\/div>\n\n\n\n<div class=\"wp-block-file\"><a id=\"wp-block-file--media-2e8e5737-474b-4903-ac85-a38314761a06\" href=\"https:\/\/vaivorykstestakas.lt\/wp-content\/uploads\/2024\/02\/Asmens-duomenu-tvarkymo-naudojimo-saugojimo-salygos-ir-tvarka-duomenu-tvarkytojams-teikiantiems-paslaugas.pdf\">Asmens duomen\u0173 tvarkymo naudojimo saugojimo s\u0105lygos ir tvarka duomen\u0173 tvarkytojams teikiantiems paslaugas V\u0161\u012e  \u201eVaivorykst\u0117s tako\u201c gimnazijai<\/a><a href=\"https:\/\/vaivorykstestakas.lt\/wp-content\/uploads\/2024\/02\/Asmens-duomenu-tvarkymo-naudojimo-saugojimo-salygos-ir-tvarka-duomenu-tvarkytojams-teikiantiems-paslaugas.pdf\" class=\"wp-block-file__button wp-element-button\" download aria-describedby=\"wp-block-file--media-2e8e5737-474b-4903-ac85-a38314761a06\">Parsisi\u0173sti<\/a><\/div>\n\n\n\n<div class=\"wp-block-file\"><a id=\"wp-block-file--media-55b55201-d4ae-45e6-938b-14533f56f215\" href=\"https:\/\/vaivorykstestakas.lt\/wp-content\/uploads\/2024\/03\/2024-02-27-Kandidatu-i-darbuotojus-AD-tvarkymo-taisykles_Patvirtintas.pdf\">Kandidat\u0173 \u012f darbuotojus asmens duomen\u0173 tvarkymo taisykl\u0117s<\/a><a href=\"https:\/\/vaivorykstestakas.lt\/wp-content\/uploads\/2024\/03\/2024-02-27-Kandidatu-i-darbuotojus-AD-tvarkymo-taisykles_Patvirtintas.pdf\" class=\"wp-block-file__button wp-element-button\" download aria-describedby=\"wp-block-file--media-55b55201-d4ae-45e6-938b-14533f56f215\">Parsisi\u0173sti<\/a><\/div>\n\n\n\n<div class=\"wp-block-file\"><a id=\"wp-block-file--media-62ec3064-2712-435f-9855-9c0d639bb24d\" href=\"https:\/\/vaivorykstestakas.lt\/wp-content\/uploads\/2024\/04\/Darbuotoju-asmens-duomenu-tvarkymo-taisykles.pdf\">Darbuotoj\u0173 asmens duomen\u0173 tvarkymo taisykl\u0117s<\/a><a href=\"https:\/\/vaivorykstestakas.lt\/wp-content\/uploads\/2024\/04\/Darbuotoju-asmens-duomenu-tvarkymo-taisykles.pdf\" class=\"wp-block-file__button wp-element-button\" download aria-describedby=\"wp-block-file--media-62ec3064-2712-435f-9855-9c0d639bb24d\">Parsisi\u0173sti<\/a><\/div>\n\n\n\n<div class=\"wp-block-file\"><a id=\"wp-block-file--media-50618378-6bb9-47ec-91b7-b4b4f28e73a7\" href=\"https:\/\/vaivorykstestakas.lt\/wp-content\/uploads\/2025\/05\/doc02636620250512100707.pdf\" target=\"_blank\" rel=\"noreferrer noopener\">Informacin\u0117s sistemos  veiklos t\u0119stinumo valdymo planas<\/a><a href=\"https:\/\/vaivorykstestakas.lt\/wp-content\/uploads\/2025\/05\/doc02636620250512100707.pdf\" class=\"wp-block-file__button wp-element-button\" download aria-describedby=\"wp-block-file--media-50618378-6bb9-47ec-91b7-b4b4f28e73a7\">Parsisi\u0173sti<\/a><\/div>\n","protected":false},"excerpt":{"rendered":"","protected":false},"author":1,"featured_media":0,"parent":370,"menu_order":4,"comment_status":"closed","ping_status":"closed","template":"","meta":{"footnotes":""},"_links":{"self":[{"href":"https:\/\/vaivorykstestakas.lt\/index.php?rest_route=\/wp\/v2\/pages\/4260"}],"collection":[{"href":"https:\/\/vaivorykstestakas.lt\/index.php?rest_route=\/wp\/v2\/pages"}],"about":[{"href":"https:\/\/vaivorykstestakas.lt\/index.php?rest_route=\/wp\/v2\/types\/page"}],"author":[{"embeddable":true,"href":"https:\/\/vaivorykstestakas.lt\/index.php?rest_route=\/wp\/v2\/users\/1"}],"replies":[{"embeddable":true,"href":"https:\/\/vaivorykstestakas.lt\/index.php?rest_route=%2Fwp%2Fv2%2Fcomments&post=4260"}],"version-history":[{"count":0,"href":"https:\/\/vaivorykstestakas.lt\/index.php?rest_route=\/wp\/v2\/pages\/4260\/revisions"}],"up":[{"embeddable":true,"href":"https:\/\/vaivorykstestakas.lt\/index.php?rest_route=\/wp\/v2\/pages\/370"}],"wp:attachment":[{"href":"https:\/\/vaivorykstestakas.lt\/index.php?rest_route=%2Fwp%2Fv2%2Fmedia&parent=4260"}],"curies":[{"name":"wp","href":"https:\/\/api.w.org\/{rel}","templated":true}]}}