{"id":4578,"date":"2024-04-01T10:02:57","date_gmt":"2024-04-01T10:02:57","guid":{"rendered":"https:\/\/vaivorykstestakas.lt\/?page_id=4578"},"modified":"2024-07-01T05:41:46","modified_gmt":"2024-07-01T05:41:46","slug":"vaivorykstes-darzelis","status":"publish","type":"page","link":"https:\/\/vaivorykstestakas.lt\/?page_id=4578","title":{"rendered":"Dar\u017eelis"},"content":{"rendered":"\n<figure class=\"wp-block-image size-full is-resized\"><img loading=\"lazy\" decoding=\"async\" width=\"940\" height=\"788\" src=\"https:\/\/vaivorykstestakas.lt\/wp-content\/uploads\/2024\/04\/Medical-Needs-Fundraising-Facebook-Post.png\" alt=\"\" class=\"wp-image-4579\" style=\"width:634px;height:auto\" srcset=\"https:\/\/vaivorykstestakas.lt\/wp-content\/uploads\/2024\/04\/Medical-Needs-Fundraising-Facebook-Post.png 940w, https:\/\/vaivorykstestakas.lt\/wp-content\/uploads\/2024\/04\/Medical-Needs-Fundraising-Facebook-Post-300x251.png 300w, https:\/\/vaivorykstestakas.lt\/wp-content\/uploads\/2024\/04\/Medical-Needs-Fundraising-Facebook-Post-768x644.png 768w\" sizes=\"(max-width: 940px) 100vw, 940px\" \/><\/figure>\n\n\n\n<p>Patogi, patraukli vieta \u2013 senamiestis, prie Jono kalnelio, u\u017edaras vidinis kiemelis<br>Individualus d\u0117mesys kiekvienam; draugi\u0161kas ir profesionalus kolektyvas<br>Visuminis (emocinis, intelektualinis, dvasinis, fizinis) kokybi\u0161kas ugdymas<br>Nedidel\u0117s vaik\u0173 grup\u0117s<br>Jaukios ir \u017eaismingos, namais kvepian\u010dios patalpos<br>M\u016bs\u0173 siekis \u2013 ugdymo proces\u0105 paversti smagiu \u017eaidimu per k\u016brybi\u0161kum\u0105 ugdan\u010dias<br>veiklas:&nbsp;&nbsp;&nbsp;<\/p>\n\n\n\n<ul>\n<li>&nbsp;sensoriniai u\u017esi\u0117mimai<\/li>\n\n\n\n<li>dail\u0117, keramika, rankdarbiai<\/li>\n\n\n\n<li>laisvi k\u016brybiniai \u017eaidimai<\/li>\n\n\n\n<li>Biblijos pamok\u0117l\u0117s<\/li>\n\n\n\n<li>teatras<\/li>\n\n\n\n<li>\u0161okiai<\/li>\n\n\n\n<li>sportas<\/li>\n\n\n\n<li>tyrin\u0117jimas gamtoje<\/li>\n\n\n\n<li>dvikalbis ugdymas (lietuvi\u0173 ir angl\u0173 k.)<\/li>\n<\/ul>\n\n\n\n<p><br><strong>Registracija jau prasid\u0117jo<\/strong><br><br><br><strong>Skambinkite: (8 46) 340 415; mob. +370 600 26 631<br>Registruokit\u0117s:\u00a0rastine@vaivorykstestakas.lt<\/strong><\/p>\n","protected":false},"excerpt":{"rendered":"<p>Patogi, patraukli vieta \u2013 senamiestis, prie Jono kalnelio, u\u017edaras vidinis kiemelisIndividualus d\u0117mesys kiekvienam; draugi\u0161kas ir profesionalus kolektyvasVisuminis (emocinis, intelektualinis, dvasinis, fizinis) kokybi\u0161kas ugdymasNedidel\u0117s vaik\u0173 grup\u0117sJaukios ir \u017eaismingos, namais kvepian\u010dios patalposM\u016bs\u0173 siekis \u2013 ugdymo proces\u0105 paversti smagiu \u017eaidimu per k\u016brybi\u0161kum\u0105 ugdan\u010diasveiklas: Registracija jau prasid\u0117jo Skambinkite: (8 46) 340 415; mob. +370 600 26 631Registruokit\u0117s: rastine@vaivorykstestakas.lt<\/p>\n","protected":false},"author":1,"featured_media":0,"parent":0,"menu_order":0,"comment_status":"closed","ping_status":"closed","template":"","meta":{"footnotes":""},"_links":{"self":[{"href":"https:\/\/vaivorykstestakas.lt\/index.php?rest_route=\/wp\/v2\/pages\/4578"}],"collection":[{"href":"https:\/\/vaivorykstestakas.lt\/index.php?rest_route=\/wp\/v2\/pages"}],"about":[{"href":"https:\/\/vaivorykstestakas.lt\/index.php?rest_route=\/wp\/v2\/types\/page"}],"author":[{"embeddable":true,"href":"https:\/\/vaivorykstestakas.lt\/index.php?rest_route=\/wp\/v2\/users\/1"}],"replies":[{"embeddable":true,"href":"https:\/\/vaivorykstestakas.lt\/index.php?rest_route=%2Fwp%2Fv2%2Fcomments&post=4578"}],"version-history":[{"count":0,"href":"https:\/\/vaivorykstestakas.lt\/index.php?rest_route=\/wp\/v2\/pages\/4578\/revisions"}],"wp:attachment":[{"href":"https:\/\/vaivorykstestakas.lt\/index.php?rest_route=%2Fwp%2Fv2%2Fmedia&parent=4578"}],"curies":[{"name":"wp","href":"https:\/\/api.w.org\/{rel}","templated":true}]}}