{"id":475,"date":"2018-11-22T15:34:11","date_gmt":"2018-11-22T15:34:11","guid":{"rendered":"http:\/\/newsite.vaivorykstestakas.lt\/?page_id=475"},"modified":"2023-10-20T12:52:29","modified_gmt":"2023-10-20T12:52:29","slug":"bendradarbiavimas","status":"publish","type":"page","link":"https:\/\/vaivorykstestakas.lt\/?page_id=475","title":{"rendered":"Bendradarbiavimas"},"content":{"rendered":"<p style=\"font-weight: 400;\">Gimnazija bendradarbiauja su kitomis pana\u0161aus pob\u016bd\u017eio mokyklomis ir organizacijomis \u0161alyje bei u\u017esienyje:<\/p>\n<p>Nuo 1997 m. su Vilniaus krik\u0161\u010dioni\u0173 gimnazija;<\/p>\n<p>Nuo 2000 m. su I\u0161ganymo Armija, LCC Universitetu;<\/p>\n<p>Nuo 2004 m. su Vit\u0117s progimnazija;<\/p>\n<p>Nuo 2007 m. su tarptautine organizacija Jaunimo misija (Youth with Mission);<\/p>\n<p>Nuo 2010 m. su Sendvario progimnazija; su paramos organizacija NY STAR Norvegijoje;<\/p>\n<p>Nuo 2014 m. su Kalvin koled\u017eu Olandijoje;<\/p>\n<p>Nuo 2015 m. su Klaip\u0117dos Universitetu;<\/p>\n<p>Nuo 2018 m. su Maltos ordinu;<\/p>\n<p>Nuo 2016 m. su krik\u0161\u010dioni\u0161k\u0173 koled\u017e\u0173 asociacija Olandijoje;<\/p>\n<p>Nuo 2017 m. su ASCI krik\u0161\u010dioni\u0161k\u0173 \u0161vietimo \u012fstaig\u0173 Europoje asociacija.<\/p>\n<p><img loading=\"lazy\" decoding=\"async\" class=\"alignnone size-full wp-image-3790\" src=\"https:\/\/vaivorykstestakas.lt\/wp-content\/uploads\/2022\/11\/Marxo.png\" alt=\"\" width=\"146\" height=\"100\" \/><img loading=\"lazy\" decoding=\"async\" class=\"alignnone size-full wp-image-3788\" src=\"https:\/\/vaivorykstestakas.lt\/wp-content\/uploads\/2022\/11\/iv_logotipas.png\" alt=\"\" width=\"220\" height=\"73\" \/><img loading=\"lazy\" decoding=\"async\" class=\"alignnone size-medium wp-image-3789\" src=\"https:\/\/vaivorykstestakas.lt\/wp-content\/uploads\/2022\/11\/lt_svietimo_konfederacija-300x61.png\" alt=\"\" width=\"300\" height=\"61\" srcset=\"https:\/\/vaivorykstestakas.lt\/wp-content\/uploads\/2022\/11\/lt_svietimo_konfederacija-300x61.png 300w, https:\/\/vaivorykstestakas.lt\/wp-content\/uploads\/2022\/11\/lt_svietimo_konfederacija.png 477w\" sizes=\"(max-width: 300px) 100vw, 300px\" \/><img loading=\"lazy\" decoding=\"async\" class=\"alignnone size-full wp-image-3786\" src=\"https:\/\/vaivorykstestakas.lt\/wp-content\/uploads\/2022\/11\/acsi-logo-1_1.png\" alt=\"\" width=\"200\" height=\"80\" \/><img loading=\"lazy\" decoding=\"async\" class=\"alignnone size-medium wp-image-3721\" src=\"https:\/\/vaivorykstestakas.lt\/wp-content\/uploads\/2022\/11\/image-300x188.png\" alt=\"\" width=\"300\" height=\"188\" \/><\/p>\n","protected":false},"excerpt":{"rendered":"<p>Gimnazija bendradarbiauja su kitomis pana\u0161aus pob\u016bd\u017eio mokyklomis ir organizacijomis \u0161alyje bei u\u017esienyje: Nuo 1997 m. su Vilniaus krik\u0161\u010dioni\u0173 gimnazija; Nuo 2000 m. su I\u0161ganymo Armija, LCC Universitetu; Nuo 2004 m. su Vit\u0117s progimnazija; Nuo 2007 m. su tarptautine organizacija Jaunimo misija (Youth with Mission); Nuo 2010 m. su Sendvario progimnazija; su paramos organizacija NY STAR Norvegijoje; Nuo 2014 m. su Kalvin koled\u017eu Olandijoje; Nuo 2015 m. su Klaip\u0117dos Universitetu; Nuo 2018 m. su Maltos ordinu; Nuo 2016 m. su krik\u0161\u010dioni\u0161k\u0173\u2026<\/p>\n","protected":false},"author":1,"featured_media":0,"parent":314,"menu_order":-4,"comment_status":"closed","ping_status":"closed","template":"","meta":{"footnotes":""},"_links":{"self":[{"href":"https:\/\/vaivorykstestakas.lt\/index.php?rest_route=\/wp\/v2\/pages\/475"}],"collection":[{"href":"https:\/\/vaivorykstestakas.lt\/index.php?rest_route=\/wp\/v2\/pages"}],"about":[{"href":"https:\/\/vaivorykstestakas.lt\/index.php?rest_route=\/wp\/v2\/types\/page"}],"author":[{"embeddable":true,"href":"https:\/\/vaivorykstestakas.lt\/index.php?rest_route=\/wp\/v2\/users\/1"}],"replies":[{"embeddable":true,"href":"https:\/\/vaivorykstestakas.lt\/index.php?rest_route=%2Fwp%2Fv2%2Fcomments&post=475"}],"version-history":[{"count":0,"href":"https:\/\/vaivorykstestakas.lt\/index.php?rest_route=\/wp\/v2\/pages\/475\/revisions"}],"up":[{"embeddable":true,"href":"https:\/\/vaivorykstestakas.lt\/index.php?rest_route=\/wp\/v2\/pages\/314"}],"wp:attachment":[{"href":"https:\/\/vaivorykstestakas.lt\/index.php?rest_route=%2Fwp%2Fv2%2Fmedia&parent=475"}],"curies":[{"name":"wp","href":"https:\/\/api.w.org\/{rel}","templated":true}]}}