{"id":478,"date":"2018-11-22T15:37:44","date_gmt":"2018-11-22T15:37:44","guid":{"rendered":"http:\/\/newsite.vaivorykstestakas.lt\/?page_id=478"},"modified":"2019-03-06T11:04:38","modified_gmt":"2019-03-06T11:04:38","slug":"savanorystes-programos","status":"publish","type":"page","link":"https:\/\/vaivorykstestakas.lt\/?page_id=478","title":{"rendered":"Savanoryst\u0117"},"content":{"rendered":"<div>Nuo 2017 m. V\u0161\u012e \u201eVaivoryk\u0161t\u0117s tako\u201c gimnazija \u012fgyvendina Jaunimo misijos savanoriavimo programas Lietuvoje ir u\u017esienyje. Program\u0173 metu mokiniai kartu su mokytojais padeda atlikti praktinius \u012fdarbus \u012fvairiems \u017emon\u0117ms (pagal poreik\u012f), tarnauja vaikams, mokosi liudyti, yra mokomi krik\u0161\u010dioni\u0161k\u0173 vertybi\u0173, daug bendrauja ir smagiai bei draugi\u0161kai leid\u017eia laik\u0105.<\/div>\n<div>\u00a0<\/div>\n<div>2017 m. lapkri\u010dio m\u0117n.<\/div>\n<div>II gimnazijos klas\u0117 7 dienas savanoriavo Norvegijoje, Grimerudo mieste.<\/div>\n<div>\u00a0<\/div>\n<div>2018 m. sausio m\u0117n.<\/div>\n<div>IV gimnazijos klas\u0117 4 dienas savanoriavo (reabilitacijos centre \u201ePrieglobstis\u201c) Kairi\u0161k\u0117se, Tel\u0161i\u0173 rajone.<\/div>\n<div>\u00a0<\/div>\n<div>2018 m. spalio m\u0117n.<\/div>\n<div>8 klas\u0117 4 dienas savanoriavo Akmen\u0117je (reabilitacijos centre \u201ePrieglobstis\u201c)<\/div>\n\n\n<p><\/p>\n","protected":false},"excerpt":{"rendered":"<p>Nuo 2017 m. V\u0161\u012e \u201eVaivoryk\u0161t\u0117s tako\u201c gimnazija \u012fgyvendina Jaunimo misijos savanoriavimo programas Lietuvoje ir u\u017esienyje. Program\u0173 metu mokiniai kartu su mokytojais padeda atlikti praktinius \u012fdarbus \u012fvairiems \u017emon\u0117ms (pagal poreik\u012f), tarnauja vaikams, mokosi liudyti, yra mokomi krik\u0161\u010dioni\u0161k\u0173 vertybi\u0173, daug bendrauja ir smagiai bei draugi\u0161kai leid\u017eia laik\u0105. 2017 m. lapkri\u010dio m\u0117n. II gimnazijos klas\u0117 7 dienas savanoriavo Norvegijoje, Grimerudo mieste. 2018 m. sausio m\u0117n. IV gimnazijos klas\u0117 4 dienas savanoriavo (reabilitacijos centre \u201ePrieglobstis\u201c) Kairi\u0161k\u0117se, Tel\u0161i\u0173 rajone. 2018 m. spalio\u2026<\/p>\n","protected":false},"author":1,"featured_media":0,"parent":0,"menu_order":0,"comment_status":"closed","ping_status":"closed","template":"","meta":{"footnotes":""},"_links":{"self":[{"href":"https:\/\/vaivorykstestakas.lt\/index.php?rest_route=\/wp\/v2\/pages\/478"}],"collection":[{"href":"https:\/\/vaivorykstestakas.lt\/index.php?rest_route=\/wp\/v2\/pages"}],"about":[{"href":"https:\/\/vaivorykstestakas.lt\/index.php?rest_route=\/wp\/v2\/types\/page"}],"author":[{"embeddable":true,"href":"https:\/\/vaivorykstestakas.lt\/index.php?rest_route=\/wp\/v2\/users\/1"}],"replies":[{"embeddable":true,"href":"https:\/\/vaivorykstestakas.lt\/index.php?rest_route=%2Fwp%2Fv2%2Fcomments&post=478"}],"version-history":[{"count":0,"href":"https:\/\/vaivorykstestakas.lt\/index.php?rest_route=\/wp\/v2\/pages\/478\/revisions"}],"wp:attachment":[{"href":"https:\/\/vaivorykstestakas.lt\/index.php?rest_route=%2Fwp%2Fv2%2Fmedia&parent=478"}],"curies":[{"name":"wp","href":"https:\/\/api.w.org\/{rel}","templated":true}]}}