{"id":4958,"date":"2024-08-07T08:43:37","date_gmt":"2024-08-07T08:43:37","guid":{"rendered":"https:\/\/vaivorykstestakas.lt\/?page_id=4958"},"modified":"2024-08-07T08:51:41","modified_gmt":"2024-08-07T08:51:41","slug":"rekomenduojamu-knygu-sarasai","status":"publish","type":"page","link":"https:\/\/vaivorykstestakas.lt\/?page_id=4958","title":{"rendered":"rekomenduojam\u0173 knyg\u0173 s\u0105ra\u0161ai"},"content":{"rendered":"\n<div class=\"wp-block-file\"><a id=\"wp-block-file--media-1f7eed25-bcc1-4c3d-837b-a1d477587cc9\" href=\"https:\/\/vaivorykstestakas.lt\/wp-content\/uploads\/2024\/08\/1-2-kl.-rekomenduojamos-knygos.docx\">1-2-kl.-rekomenduojamos-knygos<\/a><a href=\"https:\/\/vaivorykstestakas.lt\/wp-content\/uploads\/2024\/08\/1-2-kl.-rekomenduojamos-knygos.docx\" class=\"wp-block-file__button wp-element-button\" download aria-describedby=\"wp-block-file--media-1f7eed25-bcc1-4c3d-837b-a1d477587cc9\">Parsisi\u0173sti<\/a><\/div>\n\n\n\n<div class=\"wp-block-file\"><a id=\"wp-block-file--media-dd4d0756-c072-4efe-af28-882e0e2c6bf9\" href=\"https:\/\/vaivorykstestakas.lt\/wp-content\/uploads\/2024\/08\/3-4kl.-rekomenduojamos-knygos.odt\">3-4kl.-rekomenduojamos-knygos<\/a><a href=\"https:\/\/vaivorykstestakas.lt\/wp-content\/uploads\/2024\/08\/3-4kl.-rekomenduojamos-knygos.odt\" class=\"wp-block-file__button wp-element-button\" download aria-describedby=\"wp-block-file--media-dd4d0756-c072-4efe-af28-882e0e2c6bf9\">Parsisi\u0173sti<\/a><\/div>\n\n\n\n<div class=\"wp-block-file\"><a id=\"wp-block-file--media-b0403428-ab28-4b05-be38-a0dba428d6ca\" href=\"https:\/\/vaivorykstestakas.lt\/wp-content\/uploads\/2024\/08\/5-6kl.-rekomenduojamos-knygos.docx\">5-6kl.-rekomenduojamos-knygos<\/a><a href=\"https:\/\/vaivorykstestakas.lt\/wp-content\/uploads\/2024\/08\/5-6kl.-rekomenduojamos-knygos.docx\" class=\"wp-block-file__button wp-element-button\" download aria-describedby=\"wp-block-file--media-b0403428-ab28-4b05-be38-a0dba428d6ca\">Parsisi\u0173sti<\/a><\/div>\n\n\n\n<div class=\"wp-block-file\"><a id=\"wp-block-file--media-74614d77-feb1-492d-92b7-db9711c3ee40\" href=\"https:\/\/vaivorykstestakas.lt\/wp-content\/uploads\/2024\/08\/7-8kl.-rekomenduojamos-knygos.docx\">7-8kl.-rekomenduojamos-knygos<\/a><a href=\"https:\/\/vaivorykstestakas.lt\/wp-content\/uploads\/2024\/08\/7-8kl.-rekomenduojamos-knygos.docx\" class=\"wp-block-file__button wp-element-button\" download aria-describedby=\"wp-block-file--media-74614d77-feb1-492d-92b7-db9711c3ee40\">Parsisi\u0173sti<\/a><\/div>\n\n\n\n<div class=\"wp-block-file\"><a id=\"wp-block-file--media-c2fea27c-58aa-4e30-a9e3-1468f5a9c46a\" href=\"https:\/\/vaivorykstestakas.lt\/wp-content\/uploads\/2024\/08\/gimnazistams-rekomenduojamos-knygos.docx\">gimnazistams-rekomenduojamos-knygos<\/a><a href=\"https:\/\/vaivorykstestakas.lt\/wp-content\/uploads\/2024\/08\/gimnazistams-rekomenduojamos-knygos.docx\" class=\"wp-block-file__button wp-element-button\" download aria-describedby=\"wp-block-file--media-c2fea27c-58aa-4e30-a9e3-1468f5a9c46a\">Parsisi\u0173sti<\/a><\/div>\n","protected":false},"excerpt":{"rendered":"","protected":false},"author":2,"featured_media":0,"parent":372,"menu_order":0,"comment_status":"closed","ping_status":"closed","template":"","meta":{"footnotes":""},"_links":{"self":[{"href":"https:\/\/vaivorykstestakas.lt\/index.php?rest_route=\/wp\/v2\/pages\/4958"}],"collection":[{"href":"https:\/\/vaivorykstestakas.lt\/index.php?rest_route=\/wp\/v2\/pages"}],"about":[{"href":"https:\/\/vaivorykstestakas.lt\/index.php?rest_route=\/wp\/v2\/types\/page"}],"author":[{"embeddable":true,"href":"https:\/\/vaivorykstestakas.lt\/index.php?rest_route=\/wp\/v2\/users\/2"}],"replies":[{"embeddable":true,"href":"https:\/\/vaivorykstestakas.lt\/index.php?rest_route=%2Fwp%2Fv2%2Fcomments&post=4958"}],"version-history":[{"count":0,"href":"https:\/\/vaivorykstestakas.lt\/index.php?rest_route=\/wp\/v2\/pages\/4958\/revisions"}],"up":[{"embeddable":true,"href":"https:\/\/vaivorykstestakas.lt\/index.php?rest_route=\/wp\/v2\/pages\/372"}],"wp:attachment":[{"href":"https:\/\/vaivorykstestakas.lt\/index.php?rest_route=%2Fwp%2Fv2%2Fmedia&parent=4958"}],"curies":[{"name":"wp","href":"https:\/\/api.w.org\/{rel}","templated":true}]}}