{"id":498,"date":"2018-11-22T15:53:43","date_gmt":"2018-11-22T15:53:43","guid":{"rendered":"http:\/\/newsite.vaivorykstestakas.lt\/?page_id=498"},"modified":"2023-01-24T13:24:54","modified_gmt":"2023-01-24T13:24:54","slug":"neformalus-ugdymas","status":"publish","type":"page","link":"https:\/\/vaivorykstestakas.lt\/?page_id=498","title":{"rendered":"Neformalus ugdymas"},"content":{"rendered":"\n<p>Neformalusis ugdymas \u2013 Gimnazijos organizuojama neformaliojo vaik\u0173 \u0161vietimo veikla, kuri padeda mokiniui, pasirinkusiam menin\u0119, technologin\u0119, sportin\u0119, sveikatinimo, dvasinio tobulinimo ar pana\u0161i\u0105 veikl\u0105, \u012fgyti asmenini\u0173, socialini\u0173, profesini\u0173 kompetencij\u0173, puosel\u0117ja mokini\u0173 k\u016brybines galias.<br> Gimnazijoje daug d\u0117mesio skiriama neformaliojo ugdymo veiklai. Mokiniams  mokslo met\u0173 prad\u017eioje sudaromos galimyb\u0117s pasirinkti kuo \u012fvairesnes neformaliojo ugdymo programas. Neformaliajam ugdymui keliamas pagrindinis tikslas: sudaryti s\u0105lygas kiekvienam vaikui patenkinti interesus, savirai\u0161kos poreikius, pl\u0117toti savo gabumus, gilinti dalykinius geb\u0117jimus, pl\u0117sti akirat\u012f profesij\u0173 pasaulyje. Neformaliuoju ugdymu siekiama atrasti mokiniuose j\u0173 talentus. Tai galimyb\u0117 i\u0161bandyti save \u012fvairiose srityse (muzikos, meno, sporto ir kt.). Pasitelkus neformaliojo ugdymo metodus, atskleid\u017eiami ir lavinami asmeniniai, elgesio ir bendravimo, tarpkult\u016briniai, organizaciniai ir k\u016brybi\u0161kumo \u012fg\u016bd\u017eiai.<br><br> <br>Neformaliojo ugdymo veiklose gali dalyvauti ir kit\u0173 mokykl\u0173 mokiniai. Kaina u\u017e b\u016brelio lankym\u0105 15 Eur per m\u0117nes\u012f. <\/p>\n\n\n\n<p><\/p>\n\n\n\n<div class=\"wp-block-file\"><a href=\"https:\/\/vaivorykstestakas.lt\/wp-content\/uploads\/2022\/11\/B\u016breli\u0173-grafikas-2022-2023.docx\">B\u016breli\u0173 grafikas 2022-2023<\/a><a href=\"https:\/\/vaivorykstestakas.lt\/wp-content\/uploads\/2022\/11\/B\u016breli\u0173-grafikas-2022-2023.docx\" class=\"wp-block-file__button\" download>Parsisi\u0173sti<\/a><\/div>\n","protected":false},"excerpt":{"rendered":"<p>Neformalusis ugdymas \u2013 Gimnazijos organizuojama neformaliojo vaik\u0173 \u0161vietimo veikla, kuri padeda mokiniui, pasirinkusiam menin\u0119, technologin\u0119, sportin\u0119, sveikatinimo, dvasinio tobulinimo ar pana\u0161i\u0105 veikl\u0105, \u012fgyti asmenini\u0173, socialini\u0173, profesini\u0173 kompetencij\u0173, puosel\u0117ja mokini\u0173 k\u016brybines galias. Gimnazijoje daug d\u0117mesio skiriama neformaliojo ugdymo veiklai. Mokiniams mokslo met\u0173 prad\u017eioje sudaromos galimyb\u0117s pasirinkti kuo \u012fvairesnes neformaliojo ugdymo programas. Neformaliajam ugdymui keliamas pagrindinis tikslas: sudaryti s\u0105lygas kiekvienam vaikui patenkinti interesus, savirai\u0161kos poreikius, pl\u0117toti savo gabumus, gilinti dalykinius geb\u0117jimus, pl\u0117sti akirat\u012f profesij\u0173 pasaulyje. Neformaliuoju ugdymu siekiama atrasti mokiniuose j\u0173 talentus.\u2026<\/p>\n","protected":false},"author":1,"featured_media":0,"parent":372,"menu_order":0,"comment_status":"closed","ping_status":"closed","template":"","meta":{"footnotes":""},"_links":{"self":[{"href":"https:\/\/vaivorykstestakas.lt\/index.php?rest_route=\/wp\/v2\/pages\/498"}],"collection":[{"href":"https:\/\/vaivorykstestakas.lt\/index.php?rest_route=\/wp\/v2\/pages"}],"about":[{"href":"https:\/\/vaivorykstestakas.lt\/index.php?rest_route=\/wp\/v2\/types\/page"}],"author":[{"embeddable":true,"href":"https:\/\/vaivorykstestakas.lt\/index.php?rest_route=\/wp\/v2\/users\/1"}],"replies":[{"embeddable":true,"href":"https:\/\/vaivorykstestakas.lt\/index.php?rest_route=%2Fwp%2Fv2%2Fcomments&post=498"}],"version-history":[{"count":0,"href":"https:\/\/vaivorykstestakas.lt\/index.php?rest_route=\/wp\/v2\/pages\/498\/revisions"}],"up":[{"embeddable":true,"href":"https:\/\/vaivorykstestakas.lt\/index.php?rest_route=\/wp\/v2\/pages\/372"}],"wp:attachment":[{"href":"https:\/\/vaivorykstestakas.lt\/index.php?rest_route=%2Fwp%2Fv2%2Fmedia&parent=498"}],"curies":[{"name":"wp","href":"https:\/\/api.w.org\/{rel}","templated":true}]}}