{"id":500,"date":"2018-11-22T15:54:22","date_gmt":"2018-11-22T15:54:22","guid":{"rendered":"http:\/\/newsite.vaivorykstestakas.lt\/?page_id=500"},"modified":"2022-11-16T12:05:02","modified_gmt":"2022-11-16T12:05:02","slug":"ugdymas-karjerai","status":"publish","type":"page","link":"https:\/\/vaivorykstestakas.lt\/?page_id=500","title":{"rendered":"PROFESINIS ORIENTAVIMAS"},"content":{"rendered":"<p><br \/>Gimnazijoje nuo 2020 met\u0173 mokinius profesi\u0161kai orientuoja paskirtas karjeros specialistas.<br \/>Kart\u0105 \u012f m\u0117nes\u012f vedamos profesinio orientavimo pamokos kiekvienoje klas\u0117je. <br \/>Profesinio orientavimo sistemoje talkina gimnazijos psicholog\u0117, klasi\u0173 aukl\u0117tojai, t\u0117vai.<br \/>2022\/23 m.m. prioritetas &#8211; glaudesnis bendradarbiavimas su t\u0117vais, paskatins susipa\u017einti su t\u0117v\u0173 profesijomis.<\/p>\n\n\n<p><\/p>\n","protected":false},"excerpt":{"rendered":"<p>Gimnazijoje nuo 2020 met\u0173 mokinius profesi\u0161kai orientuoja paskirtas karjeros specialistas.Kart\u0105 \u012f m\u0117nes\u012f vedamos profesinio orientavimo pamokos kiekvienoje klas\u0117je. Profesinio orientavimo sistemoje talkina gimnazijos psicholog\u0117, klasi\u0173 aukl\u0117tojai, t\u0117vai.2022\/23 m.m. prioritetas \u2013 glaudesnis bendradarbiavimas su t\u0117vais, paskatins susipa\u017einti su t\u0117v\u0173 profesijomis.<\/p>\n","protected":false},"author":1,"featured_media":0,"parent":372,"menu_order":0,"comment_status":"closed","ping_status":"closed","template":"","meta":{"footnotes":""},"_links":{"self":[{"href":"https:\/\/vaivorykstestakas.lt\/index.php?rest_route=\/wp\/v2\/pages\/500"}],"collection":[{"href":"https:\/\/vaivorykstestakas.lt\/index.php?rest_route=\/wp\/v2\/pages"}],"about":[{"href":"https:\/\/vaivorykstestakas.lt\/index.php?rest_route=\/wp\/v2\/types\/page"}],"author":[{"embeddable":true,"href":"https:\/\/vaivorykstestakas.lt\/index.php?rest_route=\/wp\/v2\/users\/1"}],"replies":[{"embeddable":true,"href":"https:\/\/vaivorykstestakas.lt\/index.php?rest_route=%2Fwp%2Fv2%2Fcomments&post=500"}],"version-history":[{"count":0,"href":"https:\/\/vaivorykstestakas.lt\/index.php?rest_route=\/wp\/v2\/pages\/500\/revisions"}],"up":[{"embeddable":true,"href":"https:\/\/vaivorykstestakas.lt\/index.php?rest_route=\/wp\/v2\/pages\/372"}],"wp:attachment":[{"href":"https:\/\/vaivorykstestakas.lt\/index.php?rest_route=%2Fwp%2Fv2%2Fmedia&parent=500"}],"curies":[{"name":"wp","href":"https:\/\/api.w.org\/{rel}","templated":true}]}}