{"id":506,"date":"2018-11-22T16:01:04","date_gmt":"2018-11-22T16:01:04","guid":{"rendered":"http:\/\/newsite.vaivorykstestakas.lt\/?page_id=506"},"modified":"2025-03-17T07:57:51","modified_gmt":"2025-03-17T07:57:51","slug":"mokiniu-uniformos","status":"publish","type":"page","link":"https:\/\/vaivorykstestakas.lt\/?page_id=506","title":{"rendered":"Mokini\u0173 uniformos"},"content":{"rendered":"\n<figure class=\"wp-block-image\"><img loading=\"lazy\" decoding=\"async\" width=\"1000\" height=\"667\" src=\"http:\/\/newsite.vaivorykstestakas.lt\/wp-content\/uploads\/Nuotraukos\/apie_mokykla\/uniformos.jpg\" alt=\"\" class=\"wp-image-1197\" srcset=\"https:\/\/vaivorykstestakas.lt\/wp-content\/uploads\/Nuotraukos\/apie_mokykla\/uniformos.jpg 1000w, https:\/\/vaivorykstestakas.lt\/wp-content\/uploads\/Nuotraukos\/apie_mokykla\/uniformos-300x200.jpg 300w, https:\/\/vaivorykstestakas.lt\/wp-content\/uploads\/Nuotraukos\/apie_mokykla\/uniformos-768x512.jpg 768w\" sizes=\"(max-width: 1000px) 100vw, 1000px\" \/><\/figure>\n\n\n\n<p>Pagal Mokymo sutarties 2.13 punkt\u0105 t\u0117vai \u012fsipareigoja apr\u016bpinti vaik\u0105 mokykline uniforma:<br>pradini\u0173 klasi\u0173 mergait\u0117ms languoti sarafanai;<br>pradini\u0173 klasi\u0173 berniukams languotos liemen\u0117s;<br>vyresni\u0173j\u0173 klasi\u0173 mokiniams \u0161varkai (mokyklos \u0161vent\u0117ms b\u016btini), bliuzonai su kapi\u0161onais (b\u016btinas gimnazijos logotipas), polo mar\u0161kin\u0117liai (b\u016btinas mokyklos logotipas).<\/p>\n\n\n\n<p>U\u017esisakyti \u0161varkus siuvimui galima mob. +370 6 18 64 464<br>U\u017esisakyti bliuzonus ir polo mar\u0161kin\u0117lius galima elektroniniu pa\u0161tu rastine@vaivorykstestakas.lt<\/p>\n\n\n\n<figure class=\"wp-block-image\"><img loading=\"lazy\" decoding=\"async\" width=\"768\" height=\"1024\" src=\"https:\/\/vaivorykstestakas.lt\/wp-content\/uploads\/2019\/10\/IMG_20190920_084951zzz-768x1024.jpg\" alt=\"\" class=\"wp-image-2611\" srcset=\"https:\/\/vaivorykstestakas.lt\/wp-content\/uploads\/2019\/10\/IMG_20190920_084951zzz-768x1024.jpg 768w, https:\/\/vaivorykstestakas.lt\/wp-content\/uploads\/2019\/10\/IMG_20190920_084951zzz-225x300.jpg 225w, https:\/\/vaivorykstestakas.lt\/wp-content\/uploads\/2019\/10\/IMG_20190920_084951zzz.jpg 800w\" sizes=\"(max-width: 768px) 100vw, 768px\" \/><\/figure>\n","protected":false},"excerpt":{"rendered":"<p>Pagal Mokymo sutarties 2.13 punkt\u0105 t\u0117vai \u012fsipareigoja apr\u016bpinti vaik\u0105 mokykline uniforma:pradini\u0173 klasi\u0173 mergait\u0117ms languoti sarafanai;pradini\u0173 klasi\u0173 berniukams languotos liemen\u0117s;vyresni\u0173j\u0173 klasi\u0173 mokiniams \u0161varkai (mokyklos \u0161vent\u0117ms b\u016btini), bliuzonai su kapi\u0161onais (b\u016btinas gimnazijos logotipas), polo mar\u0161kin\u0117liai (b\u016btinas mokyklos logotipas). U\u017esisakyti \u0161varkus siuvimui galima mob. +370 6 18 64 464U\u017esisakyti bliuzonus ir polo mar\u0161kin\u0117lius galima elektroniniu pa\u0161tu rastine@vaivorykstestakas.lt<\/p>\n","protected":false},"author":1,"featured_media":0,"parent":370,"menu_order":0,"comment_status":"closed","ping_status":"closed","template":"","meta":{"footnotes":""},"_links":{"self":[{"href":"https:\/\/vaivorykstestakas.lt\/index.php?rest_route=\/wp\/v2\/pages\/506"}],"collection":[{"href":"https:\/\/vaivorykstestakas.lt\/index.php?rest_route=\/wp\/v2\/pages"}],"about":[{"href":"https:\/\/vaivorykstestakas.lt\/index.php?rest_route=\/wp\/v2\/types\/page"}],"author":[{"embeddable":true,"href":"https:\/\/vaivorykstestakas.lt\/index.php?rest_route=\/wp\/v2\/users\/1"}],"replies":[{"embeddable":true,"href":"https:\/\/vaivorykstestakas.lt\/index.php?rest_route=%2Fwp%2Fv2%2Fcomments&post=506"}],"version-history":[{"count":0,"href":"https:\/\/vaivorykstestakas.lt\/index.php?rest_route=\/wp\/v2\/pages\/506\/revisions"}],"up":[{"embeddable":true,"href":"https:\/\/vaivorykstestakas.lt\/index.php?rest_route=\/wp\/v2\/pages\/370"}],"wp:attachment":[{"href":"https:\/\/vaivorykstestakas.lt\/index.php?rest_route=%2Fwp%2Fv2%2Fmedia&parent=506"}],"curies":[{"name":"wp","href":"https:\/\/api.w.org\/{rel}","templated":true}]}}