{"id":512,"date":"2018-11-22T16:02:23","date_gmt":"2018-11-22T16:02:23","guid":{"rendered":"http:\/\/newsite.vaivorykstestakas.lt\/?page_id=512"},"modified":"2025-05-23T10:09:40","modified_gmt":"2025-05-23T10:09:40","slug":"paslaugos","status":"publish","type":"page","link":"https:\/\/vaivorykstestakas.lt\/?page_id=512","title":{"rendered":"Paslaugos"},"content":{"rendered":"\n<p><strong>Socialinis pedagogas Karolina Genutien\u0117<\/strong><br>mob. (0 46) 608 46 012<br>Darbo laikas<br>I &#8211; IV  7.45-15.30<br>V  7.45-15.15<br>Piet\u016bs  12.30-13.00<br><\/p>\n\n\n\n<hr class=\"wp-block-separator has-css-opacity\"\/>\n\n\n\n<p><strong>Spec. pedagogas-logopedas Virginija Jonu\u0161ien\u0117<\/strong><br>tel. (0 46) 340 415<br>Darbo laikas<br>II &#8211; IV 8.00-14.10<br>V 8.00 &#8211; 12.00<br>Piet\u016bs 12.00-13.00<\/p>\n\n\n\n<hr class=\"wp-block-separator has-css-opacity\"\/>\n\n\n\n<p><br> <strong>Ugdymo karjerai specialistas Adomas Zamkauskas<\/strong><br> tel. 0 645 73 218<br>Darbo laikas<br> I    9.00-12.00<br>II   10.20-12.20<br>III  10.15-11.00<br>IV  9.30-11.30<\/p>\n\n\n\n<hr class=\"wp-block-separator has-css-opacity\"\/>\n\n\n\n<p><strong>Visuomen\u0117s sveikatos specialist\u0117 <\/strong> <strong>Inga Vaitkut\u0117<\/strong><br>Darbo laikas<br>I  7.30 &#8211; 17.50  val.<br>IV 12.00 &#8211; 17.00 <br>Piet\u016bs  12.00-12.30 val.<br> mob. 0 629 93 400<br> El. p. vaivorykste@sveikatosbiuras.lt<\/p>\n\n\n\n<p>Mokyklos psicholog\u0117 Lina Plyskaitien\u0117<br> Darbo laikas:<br> II &#8211; III 8.00-16.00<br>tel.<\/p>\n","protected":false},"excerpt":{"rendered":"<p>Socialinis pedagogas Karolina Genutien\u0117mob. (0 46) 608 46 012Darbo laikasI \u2013 IV 7.45-15.30V 7.45-15.15Piet\u016bs 12.30-13.00 Spec. pedagogas-logopedas Virginija Jonu\u0161ien\u0117tel. (0 46) 340 415Darbo laikasII \u2013 IV 8.00-14.10V 8.00 \u2013 12.00Piet\u016bs 12.00-13.00 Ugdymo karjerai specialistas Adomas Zamkauskas tel. 0 645 73 218Darbo laikas I 9.00-12.00II 10.20-12.20III 10.15-11.00IV 9.30-11.30 Visuomen\u0117s sveikatos specialist\u0117 Inga Vaitkut\u0117Darbo laikasI 7.30 \u2013 17.50 val.IV 12.00 \u2013 17.00 Piet\u016bs 12.00-12.30 val. mob. 0 629 93 400 El. p. vaivorykste@sveikatosbiuras.lt Mokyklos psicholog\u0117 Lina Plyskaitien\u0117 Darbo laikas: II \u2013 III\u2026<\/p>\n","protected":false},"author":1,"featured_media":0,"parent":370,"menu_order":0,"comment_status":"closed","ping_status":"closed","template":"","meta":{"footnotes":""},"_links":{"self":[{"href":"https:\/\/vaivorykstestakas.lt\/index.php?rest_route=\/wp\/v2\/pages\/512"}],"collection":[{"href":"https:\/\/vaivorykstestakas.lt\/index.php?rest_route=\/wp\/v2\/pages"}],"about":[{"href":"https:\/\/vaivorykstestakas.lt\/index.php?rest_route=\/wp\/v2\/types\/page"}],"author":[{"embeddable":true,"href":"https:\/\/vaivorykstestakas.lt\/index.php?rest_route=\/wp\/v2\/users\/1"}],"replies":[{"embeddable":true,"href":"https:\/\/vaivorykstestakas.lt\/index.php?rest_route=%2Fwp%2Fv2%2Fcomments&post=512"}],"version-history":[{"count":0,"href":"https:\/\/vaivorykstestakas.lt\/index.php?rest_route=\/wp\/v2\/pages\/512\/revisions"}],"up":[{"embeddable":true,"href":"https:\/\/vaivorykstestakas.lt\/index.php?rest_route=\/wp\/v2\/pages\/370"}],"wp:attachment":[{"href":"https:\/\/vaivorykstestakas.lt\/index.php?rest_route=%2Fwp%2Fv2%2Fmedia&parent=512"}],"curies":[{"name":"wp","href":"https:\/\/api.w.org\/{rel}","templated":true}]}}