{"id":5151,"date":"2024-10-15T07:58:57","date_gmt":"2024-10-15T07:58:57","guid":{"rendered":"https:\/\/vaivorykstestakas.lt\/?page_id=5151"},"modified":"2025-05-22T09:55:21","modified_gmt":"2025-05-22T09:55:21","slug":"12-oku-mobilumo-programa-budapeste","status":"publish","type":"page","link":"https:\/\/vaivorykstestakas.lt\/?page_id=5151","title":{"rendered":"Grupinis mokini\u0173 mokymosi mobilumas Budape\u0161te 2024 M."},"content":{"rendered":"\n<div class=\"wp-block-group is-style-default is-layout-flow wp-block-group-is-layout-flow\"><div class=\"wp-block-group__inner-container\">\n<p>2024 m. rugs\u0117jo 23 d. labai ankst\u0173 ryt\u0105 septyni&nbsp; IV g. klas\u0117s &#8222;Vaivoryk\u0161t\u0117s tako&#8221; mokiniai, lydimi mokytojos Bangos Valaitien\u0117s, i\u0161vyko \u012f Rygos oro uost\u0105 skryd\u017eiui \u012f Budape\u0161t\u0105 pagal&nbsp;&nbsp;Erasmus+ trumpalaikio mobilumo program\u0105.<\/p>\n\n\n\n<p>&nbsp; &nbsp; &nbsp;Pirm\u0105j\u0105 dien\u0105 Budape\u0161te, <a href=\"https:\/\/www.ggis.hu\">Great Grace tarptautin\u0117je mokykloje (GGIS)<\/a>, mokinius pasitiko mokyklos direktorius, papasakojo apie mokykl\u0105 ir jos istorij\u0105, atsak\u0117 \u012f mokini\u0173 klausimus, aprod\u0117 mokyklos patalpas ir aplink\u0105.<\/p>\n\n\n\n<p>&nbsp; &nbsp; &nbsp;V\u0117liau m\u016bs\u0173 delegacija susipa\u017eino su mokiniais, atskiroms klas\u0117ms pristat\u0117 Lietuv\u0105, Klaip\u0117d\u0105&nbsp;&nbsp;bei m\u016bs\u0173 gimnazij\u0105. Pristatymas buvo&nbsp;&nbsp;labai \u012ftraukiantis &#8211; su lietuvi\u0161ka daina, gimnazist\u0173 paruo\u0161tu Kahoot \u017eaidimu ir lietuvi\u0161kais saldainiais. GGIS mokiniai aktyviai \u012fsijung\u0117, pateik\u0117 daug klausim\u0173.<\/p>\n\n\n\n<p>&nbsp; &nbsp; &nbsp;Kitomis dienomis m\u016bs\u0173 gimnazistai tur\u0117jo galimyb\u0119 dalyvauti dorinio ugdymo, angl\u0173 k., muzikos, dail\u0117s ir fizinio&nbsp; pamokose. Mokymas vyko ne tik frontaliu b\u016bdu, bet ir grupel\u0117se, porose, pasitelkiant \u017eaidimus ir skaitmenines technologijas. Daug d\u0117mesio buvo skiriama veikl\u0173 refleksijai.<\/p>\n\n\n\n<p>&nbsp; &nbsp; &nbsp;Popiet\u0117s ir&nbsp;&nbsp;vakarai buvo skirti kult\u016brinei programai: gimnazistai plauk\u0117 laivu, aplank\u0117 Budape\u0161to Parlamento pastat\u0105 ir pil\u012f, gro\u017e\u0117josi architekt\u016bros ir kult\u016bros paminklais&nbsp; senamiestyje, m\u0117gavosi skirting\u0173 \u0161ali\u0173 (Vengrijos, Italijos, Kor\u0117jos, Turkijos, Kinijos) maistu. Tikrai, Budape\u0161tas \u012fvairialypis ir \u012fdomus miestas!<\/p>\n\n\n\n<p>&nbsp; &nbsp; &nbsp;\u0160e\u0161tadien\u012f, rugs\u0117jo 28 d. drauge su GGIS mokiniais gimazistais traukiniu va\u017eiavo \u012f netoliese nuo Budape\u0161to esant\u012f miestel\u012f Vajta, kur aplank\u0117 nuostabiame kra\u0161tovaizdyje XX a. prad\u017eioje statyt\u0105 dvar\u0105&nbsp;<a href=\"https:\/\/www.zichy-vajta.com\/\" target=\"_blank\" rel=\"noreferrer noopener\">https:\/\/www.zichy-vajta.com\/<\/a>, drauge \u017eaid\u0117&nbsp;&nbsp;tinklin\u012f, krep\u0161in\u012f, kitus \u017eaidimus, bendravo.<\/p>\n\n\n\n<p>&nbsp; &nbsp; &nbsp;Sunku buvo atsisveikinti su naujais draugais. Buvo pasiry\u017eim\u0173 toliau bendrauti per nuotol\u012f. Pakviet\u0117me GGIS bendruomen\u0119 aplankyti m\u016bs\u0173 mokykl\u0105.<\/p>\n\n\n\n<p>&nbsp; &nbsp; &nbsp;Labai d\u017eiaugiam\u0117s mobilumo patirtimi. Kai gr\u012f\u017e\u0119 dalinom\u0117s su mokyklos bendruomene savo patirtimis, padar\u0117me i\u0161vad\u0105, kad pirmasis mokini\u0173 mobilumas tikrai pad\u0117jo pasiekti Erasmus+ akreditacijos programoje i\u0161sikeltus tikslus: pagerinome mokini\u0173 socioemocin\u0119 b\u016bkl\u0119, pa\u017einome ir atsiv\u0117r\u0117me kit\u0173 \u0161ali\u0173 kult\u016broms ir sustiprinome mokymosi motyvacij\u0105. Esame labai d\u0117kingi Erasmus programai ir kiekvienam, prisid\u0117jusiam prie jos k\u016brimo bei \u012fgyvendinimo, u\u017e \u0161i\u0105 galimyb\u0119.<\/p>\n\n\n\n<figure class=\"wp-block-image size-large\"><img loading=\"lazy\" decoding=\"async\" width=\"1024\" height=\"215\" src=\"https:\/\/vaivorykstestakas.lt\/wp-content\/uploads\/2024\/10\/Erasmus-Funded-by-the-European-Union-1024x215.jpg\" alt=\"\" class=\"wp-image-5247\" srcset=\"https:\/\/vaivorykstestakas.lt\/wp-content\/uploads\/2024\/10\/Erasmus-Funded-by-the-European-Union-1024x215.jpg 1024w, https:\/\/vaivorykstestakas.lt\/wp-content\/uploads\/2024\/10\/Erasmus-Funded-by-the-European-Union-300x63.jpg 300w, https:\/\/vaivorykstestakas.lt\/wp-content\/uploads\/2024\/10\/Erasmus-Funded-by-the-European-Union-768x161.jpg 768w, https:\/\/vaivorykstestakas.lt\/wp-content\/uploads\/2024\/10\/Erasmus-Funded-by-the-European-Union.jpg 1100w\" sizes=\"(max-width: 1024px) 100vw, 1024px\" \/><\/figure>\n<\/div><\/div>\n\n\n<style type=\"text\/css\" scoped>.rbs_gallery_69de29a2748b4Spinner{\r\n\t\t\t\tmargin: 50px auto;\r\n\t\t\t\twidth: 50px;\r\n\t\t\t\theight: 40px;\r\n\t\t\t\ttext-align: center;\r\n\t\t\t\tfont-size: 10px;\r\n\t\t\t}\r\n\t\t\t.rbs_gallery_69de29a2748b4Spinner > div{\r\n\t\t\t  background-color: #333;\r\n\t\t\t  height: 100%;\r\n\t\t\t  width: 6px;\r\n\t\t\t  display: inline-block;\r\n\t\t\t  -webkit-animation: rbs_gallery_69de29a2748b4-stretchdelay 1.2s infinite ease-in-out;\r\n\t\t\t  animation: rbs_gallery_69de29a2748b4-stretchdelay 1.2s infinite ease-in-out;\r\n\t\t\t}\r\n\t\t\t.rbs_gallery_69de29a2748b4Spinner .rbs_gallery_69de29a2748b4Rect2 {\r\n\t\t\t  -webkit-animation-delay: -1.1s;\r\n\t\t\t  animation-delay: -1.1s;\r\n\t\t\t}\r\n\t\t\t.rbs_gallery_69de29a2748b4Spinner .rbs_gallery_69de29a2748b4Rect3 {\r\n\t\t\t  -webkit-animation-delay: -1.0s;\r\n\t\t\t  animation-delay: -1.0s;\r\n\t\t\t}\r\n\t\t\t.rbs_gallery_69de29a2748b4Spinner .rbs_gallery_69de29a2748b4Rect4 {\r\n\t\t\t  -webkit-animation-delay: -0.9s;\r\n\t\t\t  animation-delay: -0.9s;\r\n\t\t\t}\r\n\t\t\t.rbs_gallery_69de29a2748b4Spinner .rbs_gallery_69de29a2748b4Rect5 {\r\n\t\t\t  -webkit-animation-delay: -0.8s;\r\n\t\t\t  animation-delay: -0.8s;\r\n\t\t\t}\r\n\t\t\t@-webkit-keyframes rbs_gallery_69de29a2748b4-stretchdelay {\r\n\t\t\t  0%, 40%, 100% { -webkit-transform: scaleY(0.4) }  \r\n\t\t\t  20% { -webkit-transform: scaleY(1.0) }\r\n\t\t\t}\r\n\t\t\t@keyframes rbs_gallery_69de29a2748b4-stretchdelay {\r\n\t\t\t  0%, 40%, 100% { \r\n\t\t\t    transform: scaleY(0.4);\r\n\t\t\t    -webkit-transform: scaleY(0.4);\r\n\t\t\t  }  20% { \r\n\t\t\t    transform: scaleY(1.0);\r\n\t\t\t    -webkit-transform: scaleY(1.0);\r\n\t\t\t  }\r\n\t\t\t}\r\n\t\t<\/style><div class=\"robo-gallery-wrap robo-gallery-wrap-id5188 robo-gallery-masonry\" ><div id=\"rbs_gallery_69de29a2748b4-block-loader\" class=\"rbs_gallery_69de29a2748b4Spinner\"><div class=\"rbs_gallery_69de29a2748b4Rect1\"><\/div> <div class=\"rbs_gallery_69de29a2748b4Rect2\"><\/div> <div class=\"rbs_gallery_69de29a2748b4Rect3\"><\/div> <div class=\"rbs_gallery_69de29a2748b4Rect4\"><\/div> <div class=\"rbs_gallery_69de29a2748b4Rect5\"><\/div><\/div><div id=\"robo_gallery_main_block_rbs_gallery_69de29a2748b4\" class=\"robogallery-gallery-5188\" style=\"width:100%;  display: none;\"><div id=\"rbs_gallery_69de29a2748b4\" data-options=\"rbs_gallery_69de29a2748b4\" style=\"width:100%;\" class=\"robo_gallery  \"><div class=\"rbs-img  category5188 \" ><div class=\"rbs-img-image   rbs-lightbox \" ><div class=\"rbs-img-thumbs\"  data-thumbnail=\"https:\/\/vaivorykstestakas.lt\/wp-content\/uploads\/2024\/10\/20240924_100551-2-scaled.jpg\"  title=\"20240924_100551-2\"  data-width=\"600\"  data-height=\"338\" ><\/div><div class=\"rbs-img-data-popup\"  data-popup=\"https:\/\/vaivorykstestakas.lt\/wp-content\/uploads\/2024\/10\/20240924_100551-2-scaled.jpg\"  title=\"20240924_100551-2\" ><\/div><div class=\"thumbnail-overlay\"><div class=\"rbsIcons\"><i class=\"fa fa-photo rbsZoomIcon \" ><\/i><\/div><\/div><\/div><\/div><div class=\"rbs-img  category5188 \" ><div class=\"rbs-img-image   rbs-lightbox \" ><div class=\"rbs-img-thumbs\"  data-thumbnail=\"https:\/\/vaivorykstestakas.lt\/wp-content\/uploads\/2024\/10\/20240924_105556-scaled.jpg\"  title=\"20240924_105556\"  data-width=\"2560\"  data-height=\"1440\" ><\/div><div class=\"rbs-img-data-popup\"  data-popup=\"https:\/\/vaivorykstestakas.lt\/wp-content\/uploads\/2024\/10\/20240924_105556-scaled.jpg\"  title=\"20240924_105556\" ><\/div><div class=\"thumbnail-overlay\"><div class=\"rbsIcons\"><i class=\"fa fa-photo rbsZoomIcon \" ><\/i><\/div><\/div><\/div><\/div><div class=\"rbs-img  category5188 \" ><div class=\"rbs-img-image   rbs-lightbox \" ><div class=\"rbs-img-thumbs\"  data-thumbnail=\"https:\/\/vaivorykstestakas.lt\/wp-content\/uploads\/2024\/10\/20240928_104928-scaled.jpg\"  title=\"20240928_104928\"  data-width=\"600\"  data-height=\"338\" ><\/div><div class=\"rbs-img-data-popup\"  data-popup=\"https:\/\/vaivorykstestakas.lt\/wp-content\/uploads\/2024\/10\/20240928_104928-scaled.jpg\"  title=\"20240928_104928\" ><\/div><div class=\"thumbnail-overlay\"><div class=\"rbsIcons\"><i class=\"fa fa-photo rbsZoomIcon \" ><\/i><\/div><\/div><\/div><\/div><div class=\"rbs-img  category5188 \" ><div class=\"rbs-img-image   rbs-lightbox \" ><div class=\"rbs-img-thumbs\"  data-thumbnail=\"https:\/\/vaivorykstestakas.lt\/wp-content\/uploads\/2024\/10\/20240926_174125-scaled.jpg\"  title=\"20240926_174125\"  data-width=\"600\"  data-height=\"338\" ><\/div><div class=\"rbs-img-data-popup\"  data-popup=\"https:\/\/vaivorykstestakas.lt\/wp-content\/uploads\/2024\/10\/20240926_174125-scaled.jpg\"  title=\"20240926_174125\" ><\/div><div class=\"thumbnail-overlay\"><div class=\"rbsIcons\"><i class=\"fa fa-photo rbsZoomIcon \" ><\/i><\/div><\/div><\/div><\/div><div class=\"rbs-img  category5188 \" ><div class=\"rbs-img-image   rbs-lightbox \" ><div class=\"rbs-img-thumbs\"  data-thumbnail=\"https:\/\/vaivorykstestakas.lt\/wp-content\/uploads\/2024\/10\/461058592_1055182373283792_2566005715324933861_n-1.jpg\"  title=\"461058592_1055182373283792_2566005715324933861_n-1\"  data-width=\"600\"  data-height=\"365\" ><\/div><div class=\"rbs-img-data-popup\"  data-popup=\"https:\/\/vaivorykstestakas.lt\/wp-content\/uploads\/2024\/10\/461058592_1055182373283792_2566005715324933861_n-1.jpg\"  title=\"461058592_1055182373283792_2566005715324933861_n-1\" ><\/div><div class=\"thumbnail-overlay\"><div class=\"rbsIcons\"><i class=\"fa fa-photo rbsZoomIcon \" ><\/i><\/div><\/div><\/div><\/div><div class=\"rbs-img  category5188 \" ><div class=\"rbs-img-image   rbs-lightbox \" ><div class=\"rbs-img-thumbs\"  data-thumbnail=\"https:\/\/vaivorykstestakas.lt\/wp-content\/uploads\/2024\/10\/461319459_1055181236617239_1112976920439656000_n.jpg\"  title=\"461319459_1055181236617239_1112976920439656000_n\"  data-width=\"600\"  data-height=\"360\" ><\/div><div class=\"rbs-img-data-popup\"  data-popup=\"https:\/\/vaivorykstestakas.lt\/wp-content\/uploads\/2024\/10\/461319459_1055181236617239_1112976920439656000_n.jpg\"  title=\"461319459_1055181236617239_1112976920439656000_n\" ><\/div><div class=\"thumbnail-overlay\"><div class=\"rbsIcons\"><i class=\"fa fa-photo rbsZoomIcon \" ><\/i><\/div><\/div><\/div><\/div><div class=\"rbs-img  category5188 \" ><div class=\"rbs-img-image   rbs-lightbox \" ><div class=\"rbs-img-thumbs\"  data-thumbnail=\"https:\/\/vaivorykstestakas.lt\/wp-content\/uploads\/2024\/09\/461412027_1055179619950734_5792267575206324000_n.jpg\"  title=\"461412027_1055179619950734_5792267575206324000_n\"  data-width=\"800\"  data-height=\"600\" ><\/div><div class=\"rbs-img-data-popup\"  data-popup=\"https:\/\/vaivorykstestakas.lt\/wp-content\/uploads\/2024\/09\/461412027_1055179619950734_5792267575206324000_n.jpg\"  title=\"461412027_1055179619950734_5792267575206324000_n\" ><\/div><div class=\"thumbnail-overlay\"><div class=\"rbsIcons\"><i class=\"fa fa-photo rbsZoomIcon \" ><\/i><\/div><\/div><\/div><\/div><div class=\"rbs-img  category5188 \" ><div class=\"rbs-img-image   rbs-lightbox \" ><div class=\"rbs-img-thumbs\"  data-thumbnail=\"https:\/\/vaivorykstestakas.lt\/wp-content\/uploads\/2024\/09\/461325467_1055179673284062_3211298620881684444_n.jpg\"  title=\"461325467_1055179673284062_3211298620881684444_n\"  data-width=\"600\"  data-height=\"450\" ><\/div><div class=\"rbs-img-data-popup\"  data-popup=\"https:\/\/vaivorykstestakas.lt\/wp-content\/uploads\/2024\/09\/461325467_1055179673284062_3211298620881684444_n.jpg\"  title=\"461325467_1055179673284062_3211298620881684444_n\" ><\/div><div class=\"thumbnail-overlay\"><div class=\"rbsIcons\"><i class=\"fa fa-photo rbsZoomIcon \" ><\/i><\/div><\/div><\/div><\/div><div class=\"rbs-img  category5188 \" ><div class=\"rbs-img-image   rbs-lightbox \" ><div class=\"rbs-img-thumbs\"  data-thumbnail=\"https:\/\/vaivorykstestakas.lt\/wp-content\/uploads\/2024\/10\/20240926_155604-600x1024.jpg\"  title=\"20240926_155604\"  data-width=\"600\"  data-height=\"1024\" ><\/div><div class=\"rbs-img-data-popup\"  data-popup=\"https:\/\/vaivorykstestakas.lt\/wp-content\/uploads\/2024\/10\/20240926_155604-scaled.jpg\"  title=\"20240926_155604\" ><\/div><div class=\"thumbnail-overlay\"><div class=\"rbsIcons\"><i class=\"fa fa-photo rbsZoomIcon \" ><\/i><\/div><\/div><\/div><\/div><div class=\"rbs-img  category5188 \" ><div class=\"rbs-img-image   rbs-lightbox \" ><div class=\"rbs-img-thumbs\"  data-thumbnail=\"https:\/\/vaivorykstestakas.lt\/wp-content\/uploads\/2024\/09\/461282426_1055180869950609_2205889465542869675_n.jpg\"  title=\"461282426_1055180869950609_2205889465542869675_n\"  data-width=\"600\"  data-height=\"800\" ><\/div><div class=\"rbs-img-data-popup\"  data-popup=\"https:\/\/vaivorykstestakas.lt\/wp-content\/uploads\/2024\/09\/461282426_1055180869950609_2205889465542869675_n.jpg\"  title=\"461282426_1055180869950609_2205889465542869675_n\" ><\/div><div class=\"thumbnail-overlay\"><div class=\"rbsIcons\"><i class=\"fa fa-photo rbsZoomIcon \" ><\/i><\/div><\/div><\/div><\/div><div class=\"rbs-img  category5188 \" ><div class=\"rbs-img-image   rbs-lightbox \" ><div class=\"rbs-img-thumbs\"  data-thumbnail=\"https:\/\/vaivorykstestakas.lt\/wp-content\/uploads\/2024\/10\/20240923_185030-Copy-scaled.jpg\"  title=\"20240923_185030 Copy\"  data-width=\"2560\"  data-height=\"1569\" ><\/div><div class=\"rbs-img-data-popup\"  data-popup=\"https:\/\/vaivorykstestakas.lt\/wp-content\/uploads\/2024\/10\/20240923_185030-Copy-scaled.jpg\"  title=\"20240923_185030 Copy\" ><\/div><div class=\"thumbnail-overlay\"><div class=\"rbsIcons\"><i class=\"fa fa-photo rbsZoomIcon \" ><\/i><\/div><\/div><\/div><\/div><div class=\"rbs-img  category5188 \" ><div class=\"rbs-img-image   rbs-lightbox \" ><div class=\"rbs-img-thumbs\"  data-thumbnail=\"https:\/\/vaivorykstestakas.lt\/wp-content\/uploads\/2024\/10\/20240923_122240_Original-600x1024.jpg\"  title=\"20240923_122240_Original\"  data-width=\"600\"  data-height=\"1024\" ><\/div><div class=\"rbs-img-data-popup\"  data-popup=\"https:\/\/vaivorykstestakas.lt\/wp-content\/uploads\/2024\/10\/20240923_122240_Original-scaled.jpg\"  title=\"20240923_122240_Original\" ><\/div><div class=\"thumbnail-overlay\"><div class=\"rbsIcons\"><i class=\"fa fa-photo rbsZoomIcon \" ><\/i><\/div><\/div><\/div><\/div><div class=\"rbs-img  category5188 \" ><div class=\"rbs-img-image   rbs-lightbox \" ><div class=\"rbs-img-thumbs\"  data-thumbnail=\"https:\/\/vaivorykstestakas.lt\/wp-content\/uploads\/2024\/10\/20240923_163120-Copy-1-600x1024.jpg\"  title=\"20240923_163120 Copy\"  data-width=\"600\"  data-height=\"1024\" ><\/div><div class=\"rbs-img-data-popup\"  data-popup=\"https:\/\/vaivorykstestakas.lt\/wp-content\/uploads\/2024\/10\/20240923_163120-Copy-1-scaled.jpg\"  title=\"20240923_163120 Copy\" ><\/div><div class=\"thumbnail-overlay\"><div class=\"rbsIcons\"><i class=\"fa fa-photo rbsZoomIcon \" ><\/i><\/div><\/div><\/div><\/div><div class=\"rbs-img  category5188 \" ><div class=\"rbs-img-image   rbs-lightbox \" ><div class=\"rbs-img-thumbs\"  data-thumbnail=\"https:\/\/vaivorykstestakas.lt\/wp-content\/uploads\/2024\/10\/IMG_5777-1-600x1024.jpg\"  title=\"IMG_5777 (1)\"  data-width=\"600\"  data-height=\"1024\" ><\/div><div class=\"rbs-img-data-popup\"  data-popup=\"https:\/\/vaivorykstestakas.lt\/wp-content\/uploads\/2024\/10\/IMG_5777-1-scaled.jpg\"  title=\"IMG_5777 (1)\" ><\/div><div class=\"thumbnail-overlay\"><div class=\"rbsIcons\"><i class=\"fa fa-photo rbsZoomIcon \" ><\/i><\/div><\/div><\/div><\/div><div class=\"rbs-img  category5188 \" ><div class=\"rbs-img-image   rbs-lightbox \" ><div class=\"rbs-img-thumbs\"  data-thumbnail=\"https:\/\/vaivorykstestakas.lt\/wp-content\/uploads\/2024\/10\/20240928_162352-600x1024.jpg\"  title=\"20240928_162352\"  data-width=\"600\"  data-height=\"1024\" ><\/div><div class=\"rbs-img-data-popup\"  data-popup=\"https:\/\/vaivorykstestakas.lt\/wp-content\/uploads\/2024\/10\/20240928_162352.jpg\"  title=\"20240928_162352\" ><\/div><div class=\"thumbnail-overlay\"><div class=\"rbsIcons\"><i class=\"fa fa-photo rbsZoomIcon \" ><\/i><\/div><\/div><\/div><\/div><div class=\"rbs-img  category5188 \" ><div class=\"rbs-img-image   rbs-lightbox \" ><div class=\"rbs-img-thumbs\"  data-thumbnail=\"https:\/\/vaivorykstestakas.lt\/wp-content\/uploads\/2024\/10\/20240927_110627-600x1024.jpg\"  title=\"20240927_110627\"  data-width=\"600\"  data-height=\"1024\" ><\/div><div class=\"rbs-img-data-popup\"  data-popup=\"https:\/\/vaivorykstestakas.lt\/wp-content\/uploads\/2024\/10\/20240927_110627-scaled.jpg\"  title=\"20240927_110627\" ><\/div><div class=\"thumbnail-overlay\"><div class=\"rbsIcons\"><i class=\"fa fa-photo rbsZoomIcon \" ><\/i><\/div><\/div><\/div><\/div><div class=\"rbs-img  category5188 \" ><div class=\"rbs-img-image   rbs-lightbox \" ><div class=\"rbs-img-thumbs\"  data-thumbnail=\"https:\/\/vaivorykstestakas.lt\/wp-content\/uploads\/2024\/10\/20240924_193338-scaled.jpg\"  title=\"20240924_193338\"  data-width=\"2560\"  data-height=\"1668\" ><\/div><div class=\"rbs-img-data-popup\"  data-popup=\"https:\/\/vaivorykstestakas.lt\/wp-content\/uploads\/2024\/10\/20240924_193338-scaled.jpg\"  title=\"20240924_193338\" ><\/div><div class=\"thumbnail-overlay\"><div class=\"rbsIcons\"><i class=\"fa fa-photo rbsZoomIcon \" ><\/i><\/div><\/div><\/div><\/div><div class=\"rbs-img  category5188 \" ><div class=\"rbs-img-image   rbs-lightbox \" ><div class=\"rbs-img-thumbs\"  data-thumbnail=\"https:\/\/vaivorykstestakas.lt\/wp-content\/uploads\/2024\/10\/20241003_121954-600x1024.jpg\"  title=\"20241003_121954\"  data-width=\"600\"  data-height=\"1024\" ><\/div><div class=\"rbs-img-data-popup\"  data-popup=\"https:\/\/vaivorykstestakas.lt\/wp-content\/uploads\/2024\/10\/20241003_121954-scaled.jpg\"  title=\"20241003_121954\" ><\/div><div class=\"thumbnail-overlay\"><div class=\"rbsIcons\"><i class=\"fa fa-photo rbsZoomIcon \" ><\/i><\/div><\/div><\/div><\/div><\/div><\/div><\/div><script>var rbs_gallery_69de29a2748b4 = {\"version\":\"3.2.22\",\"id\":5188,\"class\":\"id5188\",\"roboGalleryDelay\":1000,\"mainContainer\":\"#robo_gallery_main_block_rbs_gallery_69de29a2748b4\",\"loadingContainer\":\"#rbs_gallery_69de29a2748b4-block-loader\",\"loadingContainerObj\":\"rbs_gallery_69de29a2748b4-block-loader\",\"columnWidth\":\"auto\",\"columns\":3,\"resolutions\":[{\"columnWidth\":\"auto\",\"columns\":3,\"maxWidth\":960},{\"columnWidth\":\"auto\",\"columns\":2,\"maxWidth\":650},{\"columnWidth\":\"auto\",\"columns\":1,\"maxWidth\":450}],\"hideTitle\":true,\"lightboxOptions\":{\"gallery\":{\"enabled\":true,\"tCounter\":\"%curr% of %total%\"}},\"overlayEffect\":\"direction-aware-fade\",\"boxesToLoadStart\":12,\"boxesToLoad\":8,\"waitUntilThumbLoads\":1,\"LoadingWord\":\"Loading...\",\"loadMoreWord\":\"Load More\",\"noMoreEntriesWord\":\"No More Entries\",\"horizontalSpaceBetweenBoxes\":15,\"verticalSpaceBetweenBoxes\":15,\"lazyLoad\":1,\"wrapContainer\":\"#robo-gallery-wrap-rbs_gallery_69de29a2748b4\"};<\/script>","protected":false},"excerpt":{"rendered":"<p>2024 m. rugs\u0117jo 23 d. labai ankst\u0173 ryt\u0105 septyni IV g. klas\u0117s \u201eVaivoryk\u0161t\u0117s tako\u201d mokiniai, lydimi mokytojos Bangos Valaitien\u0117s, i\u0161vyko \u012f Rygos oro uost\u0105 skryd\u017eiui \u012f Budape\u0161t\u0105 pagal Erasmus+ trumpalaikio mobilumo program\u0105. Pirm\u0105j\u0105 dien\u0105 Budape\u0161te, Great Grace tarptautin\u0117je mokykloje (GGIS), mokinius pasitiko mokyklos direktorius, papasakojo apie mokykl\u0105 ir jos istorij\u0105, atsak\u0117 \u012f mokini\u0173 klausimus, aprod\u0117 mokyklos patalpas ir aplink\u0105. V\u0117liau m\u016bs\u0173 delegacija susipa\u017eino su mokiniais, atskiroms klas\u0117ms pristat\u0117 Lietuv\u0105, Klaip\u0117d\u0105 bei m\u016bs\u0173 gimnazij\u0105. Pristatymas buvo labai \u012ftraukiantis \u2013 su\u2026<\/p>\n","protected":false},"author":1,"featured_media":0,"parent":5144,"menu_order":0,"comment_status":"closed","ping_status":"closed","template":"","meta":{"footnotes":""},"_links":{"self":[{"href":"https:\/\/vaivorykstestakas.lt\/index.php?rest_route=\/wp\/v2\/pages\/5151"}],"collection":[{"href":"https:\/\/vaivorykstestakas.lt\/index.php?rest_route=\/wp\/v2\/pages"}],"about":[{"href":"https:\/\/vaivorykstestakas.lt\/index.php?rest_route=\/wp\/v2\/types\/page"}],"author":[{"embeddable":true,"href":"https:\/\/vaivorykstestakas.lt\/index.php?rest_route=\/wp\/v2\/users\/1"}],"replies":[{"embeddable":true,"href":"https:\/\/vaivorykstestakas.lt\/index.php?rest_route=%2Fwp%2Fv2%2Fcomments&post=5151"}],"version-history":[{"count":0,"href":"https:\/\/vaivorykstestakas.lt\/index.php?rest_route=\/wp\/v2\/pages\/5151\/revisions"}],"up":[{"embeddable":true,"href":"https:\/\/vaivorykstestakas.lt\/index.php?rest_route=\/wp\/v2\/pages\/5144"}],"wp:attachment":[{"href":"https:\/\/vaivorykstestakas.lt\/index.php?rest_route=%2Fwp%2Fv2%2Fmedia&parent=5151"}],"curies":[{"name":"wp","href":"https:\/\/api.w.org\/{rel}","templated":true}]}}