{"id":5329,"date":"2024-11-08T06:36:53","date_gmt":"2024-11-08T06:36:53","guid":{"rendered":"https:\/\/vaivorykstestakas.lt\/?page_id=5329"},"modified":"2024-11-08T13:00:35","modified_gmt":"2024-11-08T13:00:35","slug":"erazmus","status":"publish","type":"page","link":"https:\/\/vaivorykstestakas.lt\/?page_id=5329","title":{"rendered":"Erasmus+"},"content":{"rendered":"\n<p>\u201eVaivoryk\u0161t\u0117s tako\u201c gimnazija d\u017eiaugiasi laim\u0117jusi \u201eErasmus+\u201c akreditacij\u0105!<\/p>\n\n\n\n<p>Vienas i\u0161 m\u016bs\u0173 i\u0161sikelt\u0173 tiksl\u0173 pradiniam etapui \u2013 tobulinti moksleivi\u0173 socialines ir emocines kompetencijas.<\/p>\n\n\n\n<p>\u0160io projekto metu mokytojai, \u0161vietimo pagalbos specialistai, administracijos atstovai vyks \u012f kvalifikacijos tobulinimo kursus, darbo steb\u0117jimo mobilumus, semsis gerosios u\u017esienio \u0161ali\u0173 mokykl\u0173 patirties.<\/p>\n\n\n\n<p>\u012e&nbsp;<a><\/a>mobilumus vyks ir grup\u0117s moksleivi\u0173. Jie atliks tarptautinio bendradarbiavimo patirtiniu pa\u017einimu paremtas veiklas.<\/p>\n\n\n\n<p>Mobilum\u0173 dalyviai bus atrinkti akreditacijos parai\u0161koje numatyta tvarka. Informacija apie dalyvi\u0173 atrank\u0105 mokiniams bus skelbiama TAMO dienyne, o mokytojams \u2013 elektroniniu pa\u0161tu.<\/p>\n\n\n\n<p>D\u0117kojame Projekto reng\u0117joms ir koordinator\u0117ms &#8211; mokytojoms Ingridai Macytei-An\u010derienei ir Bangai Valaitienei!<\/p>\n\n\n\n<p>Our high school is happy to have won Erasmus+ accreditation, valid until 31 December 2027. &#8222;Erasmus+&#8221; accreditation certificate granted to us is a confirmation that V\u0161\u012e &#8222;Vaivoryk\u0161t\u0117s tako&#8221; Gymnasium is able to organize high-quality activities for the mobility of students and teachers for learning purposes and meets the requirements of the European Commission<\/p>\n\n\n\n<figure class=\"wp-block-image size-large\"><img loading=\"lazy\" decoding=\"async\" width=\"1024\" height=\"735\" src=\"https:\/\/vaivorykstestakas.lt\/wp-content\/uploads\/2024\/10\/Akreditacijos-diplomas-VT-1024x735.jpg\" alt=\"\" class=\"wp-image-5147\" srcset=\"https:\/\/vaivorykstestakas.lt\/wp-content\/uploads\/2024\/10\/Akreditacijos-diplomas-VT-1024x735.jpg 1024w, https:\/\/vaivorykstestakas.lt\/wp-content\/uploads\/2024\/10\/Akreditacijos-diplomas-VT-300x215.jpg 300w, https:\/\/vaivorykstestakas.lt\/wp-content\/uploads\/2024\/10\/Akreditacijos-diplomas-VT-768x551.jpg 768w, https:\/\/vaivorykstestakas.lt\/wp-content\/uploads\/2024\/10\/Akreditacijos-diplomas-VT.jpg 1057w\" sizes=\"(max-width: 1024px) 100vw, 1024px\" \/><\/figure>\n","protected":false},"excerpt":{"rendered":"<p>\u201eVaivoryk\u0161t\u0117s tako\u201c gimnazija d\u017eiaugiasi laim\u0117jusi \u201eErasmus+\u201c akreditacij\u0105! Vienas i\u0161 m\u016bs\u0173 i\u0161sikelt\u0173 tiksl\u0173 pradiniam etapui \u2013 tobulinti moksleivi\u0173 socialines ir emocines kompetencijas. \u0160io projekto metu mokytojai, \u0161vietimo pagalbos specialistai, administracijos atstovai vyks \u012f kvalifikacijos tobulinimo kursus, darbo steb\u0117jimo mobilumus, semsis gerosios u\u017esienio \u0161ali\u0173 mokykl\u0173 patirties. \u012e mobilumus vyks ir grup\u0117s moksleivi\u0173. Jie atliks tarptautinio bendradarbiavimo patirtiniu pa\u017einimu paremtas veiklas. Mobilum\u0173 dalyviai bus atrinkti akreditacijos parai\u0161koje numatyta tvarka. Informacija apie dalyvi\u0173 atrank\u0105 mokiniams bus skelbiama TAMO dienyne, o mokytojams \u2013 elektroniniu pa\u0161tu. D\u0117kojame\u2026<\/p>\n","protected":false},"author":1,"featured_media":0,"parent":5144,"menu_order":0,"comment_status":"closed","ping_status":"closed","template":"","meta":{"footnotes":""},"_links":{"self":[{"href":"https:\/\/vaivorykstestakas.lt\/index.php?rest_route=\/wp\/v2\/pages\/5329"}],"collection":[{"href":"https:\/\/vaivorykstestakas.lt\/index.php?rest_route=\/wp\/v2\/pages"}],"about":[{"href":"https:\/\/vaivorykstestakas.lt\/index.php?rest_route=\/wp\/v2\/types\/page"}],"author":[{"embeddable":true,"href":"https:\/\/vaivorykstestakas.lt\/index.php?rest_route=\/wp\/v2\/users\/1"}],"replies":[{"embeddable":true,"href":"https:\/\/vaivorykstestakas.lt\/index.php?rest_route=%2Fwp%2Fv2%2Fcomments&post=5329"}],"version-history":[{"count":0,"href":"https:\/\/vaivorykstestakas.lt\/index.php?rest_route=\/wp\/v2\/pages\/5329\/revisions"}],"up":[{"embeddable":true,"href":"https:\/\/vaivorykstestakas.lt\/index.php?rest_route=\/wp\/v2\/pages\/5144"}],"wp:attachment":[{"href":"https:\/\/vaivorykstestakas.lt\/index.php?rest_route=%2Fwp%2Fv2%2Fmedia&parent=5329"}],"curies":[{"name":"wp","href":"https:\/\/api.w.org\/{rel}","templated":true}]}}