{"id":5682,"date":"2025-03-10T10:20:29","date_gmt":"2025-03-10T10:20:29","guid":{"rendered":"https:\/\/vaivorykstestakas.lt\/?page_id=5682"},"modified":"2025-05-12T10:27:27","modified_gmt":"2025-05-12T10:27:27","slug":"eksperto-vizitas-2025-m","status":"publish","type":"page","link":"https:\/\/vaivorykstestakas.lt\/?page_id=5682","title":{"rendered":"Eksperto vizitas 2025 m.\u00a0"},"content":{"rendered":"\n<p><strong>Eksperto vizitas m\u016bs\u0173 mokykloje<\/strong><\/p>\n\n\n\n<p><strong>2025 m. kovo 3\u20135 d.<\/strong><\/p>\n\n\n\n<p>M\u016bs\u0173 mokykloje vie\u0161\u0117jo Oliver Jokisch \u2013 krik\u0161\u010dioni\u0161kos pedagogikos ekspertas <a href=\"https:\/\/www.immanuel-schule-schaumburg.de\" data-type=\"link\" data-id=\"https:\/\/www.immanuel-schule-schaumburg.de\">Immanuel mokyklos<\/a> Vokietijoje generalinis direktorius.\u00a0Sve\u010dias pristat\u0117 savo mokyklos ger\u0105sias patirtis,\u00a0ved\u0117 seminarus mokytojams, t\u0117vams ir mokiniams, skatindamas diskusijas apie vertybes ir asmenin\u012f augim\u0105. Susitikimuose su 7-12 kl. mokiniais sve\u010dias pasakojo \u012fkvepian\u010di\u0105 istorij\u0105\u00a0apie kamuolius, kalban\u010di\u0105, kad visi esame skirtingi, bet kiekvienas yra unikaliai sukurtas konkre\u010diam tikslui.\u00a0 Mokiniai buvo pakviesti\u00a0susim\u0105styti, kuo pripildome savo gyvenimus. Pasitelkdamas kamuolio pavyzd\u012f, jis pabr\u0117\u017e\u0117, kad tik b\u016bdami \u201epripildyti\u201c tinkamais dalykais galime rasti savo tikr\u0105j\u0105 paskirt\u012f.<\/p>\n\n\n\n<p>Antradien\u012f ekspertas praved\u0117 seminar\u0105 mokytojams \u201eVertybi\u0173 pagrindu grind\u017eiamo ugdymo tikslas ir praktika \u2013 Krik\u0161\u010dioni\u0161kasis ugdymas: kod\u0117l ir kaip?\u201c Jo metu nagrin\u0117jome krik\u0161\u010dioni\u0161kojo ugdymo esm\u0119 ir praktinius jo taikymo b\u016bdus. Diskusijos metu aptar\u0117me, kaip svarbu ne tik perduoti \u017einias, bet ir formuoti mokini\u0173 charakter\u012f, skatinti j\u0173 dvasin\u012f augim\u0105 bei ugdyti krik\u0161\u010dioni\u0161kas vertybes. \u0160is seminaras suteik\u0117 pedagogams galimyb\u0119 gilintis \u012f vertyb\u0117mis pagr\u012fsto ugdymo pagrindinius principus ir apibr\u0117\u017e\u0117 mokytoj\u0173 vaidmen\u012f formuojant mokini\u0173 charakter\u012f ir ateit\u012f. Seminaras suteik\u0117 praktini\u0173 \u012f\u017evalg\u0173 kaip vertybes efektyviai integruoti \u012f mokymo praktik\u0105.<\/p>\n\n\n\n<p>Tre\u010diadienio vakar\u0105 vyko susitikimas su t\u0117vais tema&nbsp;\u201ePaauglyst\u0117s kelion\u0117: pagrindin\u0117s strategijos stiprinant t\u0117v\u0173 ir paaugli\u0173 ry\u0161\u012f \u2013 kaip laim\u0117ti, ir neprarasti savo paaugli\u0173\u201c&nbsp;Prane\u0161\u0117jas pasidalino 10 praktini\u0173 patarim\u0173, akcentuodamas autenti\u0161kumo, atsakomyb\u0117s ir laiko skyrimo svarb\u0105. Jis skatino t\u0117vus b\u016bti vaik\u0173 kelion\u0117s palydovais, padedan\u010diais atrasti j\u0173 tikr\u0105j\u012f pa\u0161aukim\u0105. \u0160is seminaras suteik\u0117 t\u0117vams verting\u0173 strategij\u0173 kaip kurti stiprius, palaikan\u010dius santykius su savo paaugliais. Akcentuojant atvir\u0105 komunikacij\u0105 ir supratim\u0105, seminaro metu t\u0117vams buvo pasi\u016blyti \u012frankiai, kaip \u012fveikti paauglyst\u0117s i\u0161\u0161\u016bkius ir stiprinti \u0161eimos ry\u0161ius.<\/p>\n\n\n\n<p>Su sve\u010diu buvo aptartos ateities mokykl\u0173 bendradarbiavimo per Erasmus+ galimyb\u0117s.<\/p>\n\n\n\n<p><strong>Expert\u2019s Visit to Our School on 3-5 March, 2025<\/strong><\/p>\n\n\n\n<p>Our school had the pleasure of hosting Oliver Jokisch, an expert in Christian pedagogy and the General Director of Immanuel School in Germany. During his visit, he shared best practices from his school, conducted seminars for teachers, parents, and students, and encouraged discussions on values and personal growth.<\/p>\n\n\n\n<p>In meetings with students from grades 7 to 12, the guest shared an inspiring story about balls, illustrating that while we are all different, each of us is uniquely designed for a specific purpose. Students were invited to reflect on what they fill their lives with. Using the example of a ball, he emphasized that only when we are &#8222;filled&#8221; with the right things can we discover our true purpose.<\/p>\n\n\n\n<p>On Tuesday, the expert led a seminar for teachers titled &#8222;Exploring the Purpose and Practice of Values-Centered Education &#8211; Christian Education: Why and How?&#8221; The session explored the essence of Christian education and practical ways to implement it. The discussion highlighted the importance of not only imparting knowledge but also shaping students\u2019 character, fostering their spiritual growth, and instilling Christian values. This seminar provided teachers with an opportunity to delve deeper into the core principles of value-based education and defined their role in shaping students\u2019 character and future. It also offered practical insights on effectively integrating values into teaching practices.<\/p>\n\n\n\n<p>On Wednesday evening, a meeting was held with parents on the topic: &#8221; Navigating Adolescence: Key Strategies for Strengthening Parent-Teen Connections &#8211; How to win and not to lose your teens&#8221; The speaker shared ten practical tips, emphasizing the importance of authenticity, responsibility, and quality time. He encouraged parents to be companions on their children\u2019s journey, helping them discover their true calling. This seminar provided parents with valuable strategies for building strong, supportive relationships with their teenagers. By emphasizing open communication and understanding, parents were given tools to navigate the challenges of adolescence and strengthen family bonds.<\/p>\n\n\n\n<p>Future opportunities for school collaboration through Erasmus+ were also discussed with the guest.<\/p>\n\n\n\n<figure class=\"wp-block-image size-large\"><img loading=\"lazy\" decoding=\"async\" width=\"1024\" height=\"215\" src=\"https:\/\/vaivorykstestakas.lt\/wp-content\/uploads\/2024\/10\/Erasmus-Funded-by-the-European-Union-1024x215.jpg\" alt=\"\" class=\"wp-image-5247\" srcset=\"https:\/\/vaivorykstestakas.lt\/wp-content\/uploads\/2024\/10\/Erasmus-Funded-by-the-European-Union-1024x215.jpg 1024w, https:\/\/vaivorykstestakas.lt\/wp-content\/uploads\/2024\/10\/Erasmus-Funded-by-the-European-Union-300x63.jpg 300w, https:\/\/vaivorykstestakas.lt\/wp-content\/uploads\/2024\/10\/Erasmus-Funded-by-the-European-Union-768x161.jpg 768w, https:\/\/vaivorykstestakas.lt\/wp-content\/uploads\/2024\/10\/Erasmus-Funded-by-the-European-Union.jpg 1100w\" sizes=\"(max-width: 1024px) 100vw, 1024px\" \/><\/figure>\n\n\n<style type=\"text\/css\" scoped>.rbs_gallery_69dea53f3dd14Spinner{\r\n\t\t\t\tmargin: 50px auto;\r\n\t\t\t\twidth: 50px;\r\n\t\t\t\theight: 40px;\r\n\t\t\t\ttext-align: center;\r\n\t\t\t\tfont-size: 10px;\r\n\t\t\t}\r\n\t\t\t.rbs_gallery_69dea53f3dd14Spinner > div{\r\n\t\t\t  background-color: #333;\r\n\t\t\t  height: 100%;\r\n\t\t\t  width: 6px;\r\n\t\t\t  display: inline-block;\r\n\t\t\t  -webkit-animation: rbs_gallery_69dea53f3dd14-stretchdelay 1.2s infinite ease-in-out;\r\n\t\t\t  animation: rbs_gallery_69dea53f3dd14-stretchdelay 1.2s infinite ease-in-out;\r\n\t\t\t}\r\n\t\t\t.rbs_gallery_69dea53f3dd14Spinner .rbs_gallery_69dea53f3dd14Rect2 {\r\n\t\t\t  -webkit-animation-delay: -1.1s;\r\n\t\t\t  animation-delay: -1.1s;\r\n\t\t\t}\r\n\t\t\t.rbs_gallery_69dea53f3dd14Spinner .rbs_gallery_69dea53f3dd14Rect3 {\r\n\t\t\t  -webkit-animation-delay: -1.0s;\r\n\t\t\t  animation-delay: -1.0s;\r\n\t\t\t}\r\n\t\t\t.rbs_gallery_69dea53f3dd14Spinner .rbs_gallery_69dea53f3dd14Rect4 {\r\n\t\t\t  -webkit-animation-delay: -0.9s;\r\n\t\t\t  animation-delay: -0.9s;\r\n\t\t\t}\r\n\t\t\t.rbs_gallery_69dea53f3dd14Spinner .rbs_gallery_69dea53f3dd14Rect5 {\r\n\t\t\t  -webkit-animation-delay: -0.8s;\r\n\t\t\t  animation-delay: -0.8s;\r\n\t\t\t}\r\n\t\t\t@-webkit-keyframes rbs_gallery_69dea53f3dd14-stretchdelay {\r\n\t\t\t  0%, 40%, 100% { -webkit-transform: scaleY(0.4) }  \r\n\t\t\t  20% { -webkit-transform: scaleY(1.0) }\r\n\t\t\t}\r\n\t\t\t@keyframes rbs_gallery_69dea53f3dd14-stretchdelay {\r\n\t\t\t  0%, 40%, 100% { \r\n\t\t\t    transform: scaleY(0.4);\r\n\t\t\t    -webkit-transform: scaleY(0.4);\r\n\t\t\t  }  20% { \r\n\t\t\t    transform: scaleY(1.0);\r\n\t\t\t    -webkit-transform: scaleY(1.0);\r\n\t\t\t  }\r\n\t\t\t}\r\n\t\t<\/style><div class=\"robo-gallery-wrap robo-gallery-wrap-id5683 robo-gallery-masonry\" ><div id=\"rbs_gallery_69dea53f3dd14-block-loader\" class=\"rbs_gallery_69dea53f3dd14Spinner\"><div class=\"rbs_gallery_69dea53f3dd14Rect1\"><\/div> <div class=\"rbs_gallery_69dea53f3dd14Rect2\"><\/div> <div class=\"rbs_gallery_69dea53f3dd14Rect3\"><\/div> <div class=\"rbs_gallery_69dea53f3dd14Rect4\"><\/div> <div class=\"rbs_gallery_69dea53f3dd14Rect5\"><\/div><\/div><div id=\"robo_gallery_main_block_rbs_gallery_69dea53f3dd14\" class=\"robogallery-gallery-5683\" style=\"width:100%;  display: none;\"><div id=\"rbs_gallery_69dea53f3dd14\" data-options=\"rbs_gallery_69dea53f3dd14\" style=\"width:100%;\" class=\"robo_gallery  \"><div class=\"rbs-img  category5683 \" ><div class=\"rbs-img-image   rbs-lightbox \" ><div class=\"rbs-img-thumbs\"  data-thumbnail=\"https:\/\/vaivorykstestakas.lt\/wp-content\/uploads\/2025\/03\/20250305_112015-600x1024.jpg\"  title=\"20250305_112015\"  data-width=\"600\"  data-height=\"1024\" ><\/div><div class=\"rbs-img-data-popup\"  data-popup=\"https:\/\/vaivorykstestakas.lt\/wp-content\/uploads\/2025\/03\/20250305_112015-scaled.jpg\"  title=\"20250305_112015\" ><\/div><div class=\"thumbnail-overlay\"><div class=\"rbsIcons\"><i class=\"fa fa-picture-o rbsZoomIcon \" ><\/i><\/div><\/div><\/div><\/div><div class=\"rbs-img  category5683 \" ><div class=\"rbs-img-image   rbs-lightbox \" ><div class=\"rbs-img-thumbs\"  data-thumbnail=\"https:\/\/vaivorykstestakas.lt\/wp-content\/uploads\/2025\/03\/20250305_114155-scaled.jpg\"  title=\"20250305_114155\"  data-width=\"2560\"  data-height=\"1920\" ><\/div><div class=\"rbs-img-data-popup\"  data-popup=\"https:\/\/vaivorykstestakas.lt\/wp-content\/uploads\/2025\/03\/20250305_114155-scaled.jpg\"  title=\"20250305_114155\" ><\/div><div class=\"thumbnail-overlay\"><div class=\"rbsIcons\"><i class=\"fa fa-picture-o rbsZoomIcon \" ><\/i><\/div><\/div><\/div><\/div><div class=\"rbs-img  category5683 \" ><div class=\"rbs-img-image   rbs-lightbox \" ><div class=\"rbs-img-thumbs\"  data-thumbnail=\"https:\/\/vaivorykstestakas.lt\/wp-content\/uploads\/2025\/03\/20250305_114225-600x1024.jpg\"  title=\"20250305_114225\"  data-width=\"600\"  data-height=\"1024\" ><\/div><div class=\"rbs-img-data-popup\"  data-popup=\"https:\/\/vaivorykstestakas.lt\/wp-content\/uploads\/2025\/03\/20250305_114225-scaled.jpg\"  title=\"20250305_114225\" ><\/div><div class=\"thumbnail-overlay\"><div class=\"rbsIcons\"><i class=\"fa fa-picture-o rbsZoomIcon \" ><\/i><\/div><\/div><\/div><\/div><div class=\"rbs-img  category5683 \" ><div class=\"rbs-img-image   rbs-lightbox \" ><div class=\"rbs-img-thumbs\"  data-thumbnail=\"https:\/\/vaivorykstestakas.lt\/wp-content\/uploads\/2025\/03\/20250305_113222-600x1024.jpg\"  title=\"20250305_113222\"  data-width=\"600\"  data-height=\"1024\" ><\/div><div class=\"rbs-img-data-popup\"  data-popup=\"https:\/\/vaivorykstestakas.lt\/wp-content\/uploads\/2025\/03\/20250305_113222-scaled.jpg\"  title=\"20250305_113222\" ><\/div><div class=\"thumbnail-overlay\"><div class=\"rbsIcons\"><i class=\"fa fa-picture-o rbsZoomIcon \" ><\/i><\/div><\/div><\/div><\/div><div class=\"rbs-img  category5683 \" ><div class=\"rbs-img-image   rbs-lightbox \" ><div class=\"rbs-img-thumbs\"  data-thumbnail=\"https:\/\/vaivorykstestakas.lt\/wp-content\/uploads\/2025\/03\/20250305_113008-600x1024.jpg\"  title=\"20250305_113008\"  data-width=\"600\"  data-height=\"1024\" ><\/div><div class=\"rbs-img-data-popup\"  data-popup=\"https:\/\/vaivorykstestakas.lt\/wp-content\/uploads\/2025\/03\/20250305_113008-scaled.jpg\"  title=\"20250305_113008\" ><\/div><div class=\"thumbnail-overlay\"><div class=\"rbsIcons\"><i class=\"fa fa-picture-o rbsZoomIcon \" ><\/i><\/div><\/div><\/div><\/div><div class=\"rbs-img  category5683 \" ><div class=\"rbs-img-image   rbs-lightbox \" ><div class=\"rbs-img-thumbs\"  data-thumbnail=\"https:\/\/vaivorykstestakas.lt\/wp-content\/uploads\/2025\/03\/20250305_112638-600x1024.jpg\"  title=\"20250305_112638\"  data-width=\"600\"  data-height=\"1024\" ><\/div><div class=\"rbs-img-data-popup\"  data-popup=\"https:\/\/vaivorykstestakas.lt\/wp-content\/uploads\/2025\/03\/20250305_112638-scaled.jpg\"  title=\"20250305_112638\" ><\/div><div class=\"thumbnail-overlay\"><div class=\"rbsIcons\"><i class=\"fa fa-picture-o rbsZoomIcon \" ><\/i><\/div><\/div><\/div><\/div><div class=\"rbs-img  category5683 \" ><div class=\"rbs-img-image   rbs-lightbox \" ><div class=\"rbs-img-thumbs\"  data-thumbnail=\"https:\/\/vaivorykstestakas.lt\/wp-content\/uploads\/2025\/03\/20250305_112141-scaled.jpg\"  title=\"20250305_112141\"  data-width=\"2560\"  data-height=\"1920\" ><\/div><div class=\"rbs-img-data-popup\"  data-popup=\"https:\/\/vaivorykstestakas.lt\/wp-content\/uploads\/2025\/03\/20250305_112141-scaled.jpg\"  title=\"20250305_112141\" ><\/div><div class=\"thumbnail-overlay\"><div class=\"rbsIcons\"><i class=\"fa fa-picture-o rbsZoomIcon \" ><\/i><\/div><\/div><\/div><\/div><div class=\"rbs-img  category5683 \" ><div class=\"rbs-img-image   rbs-lightbox \" ><div class=\"rbs-img-thumbs\"  data-thumbnail=\"https:\/\/vaivorykstestakas.lt\/wp-content\/uploads\/2025\/03\/20250305_111839-600x1024.jpg\"  title=\"20250305_111839\"  data-width=\"600\"  data-height=\"1024\" ><\/div><div class=\"rbs-img-data-popup\"  data-popup=\"https:\/\/vaivorykstestakas.lt\/wp-content\/uploads\/2025\/03\/20250305_111839-scaled.jpg\"  title=\"20250305_111839\" ><\/div><div class=\"thumbnail-overlay\"><div class=\"rbsIcons\"><i class=\"fa fa-picture-o rbsZoomIcon \" ><\/i><\/div><\/div><\/div><\/div><div class=\"rbs-img  category5683 \" ><div class=\"rbs-img-image   rbs-lightbox \" ><div class=\"rbs-img-thumbs\"  data-thumbnail=\"https:\/\/vaivorykstestakas.lt\/wp-content\/uploads\/2025\/03\/fe5fce1a-7225-46a0-be6d-137defb41a93-600x686.jpeg\"  title=\"fe5fce1a-7225-46a0-be6d-137defb41a93\"  data-width=\"600\"  data-height=\"686\" ><\/div><div class=\"rbs-img-data-popup\"  data-popup=\"https:\/\/vaivorykstestakas.lt\/wp-content\/uploads\/2025\/03\/fe5fce1a-7225-46a0-be6d-137defb41a93.jpeg\"  title=\"fe5fce1a-7225-46a0-be6d-137defb41a93\" ><\/div><div class=\"thumbnail-overlay\"><div class=\"rbsIcons\"><i class=\"fa fa-picture-o rbsZoomIcon \" ><\/i><\/div><\/div><\/div><\/div><div class=\"rbs-img  category5683 \" ><div class=\"rbs-img-image   rbs-lightbox \" ><div class=\"rbs-img-thumbs\"  data-thumbnail=\"https:\/\/vaivorykstestakas.lt\/wp-content\/uploads\/2025\/03\/85f06c8a-c31c-4a87-ba35-523e9c8f1ee2-600x1024.jpeg\"  title=\"85f06c8a-c31c-4a87-ba35-523e9c8f1ee2\"  data-width=\"600\"  data-height=\"1024\" ><\/div><div class=\"rbs-img-data-popup\"  data-popup=\"https:\/\/vaivorykstestakas.lt\/wp-content\/uploads\/2025\/03\/85f06c8a-c31c-4a87-ba35-523e9c8f1ee2.jpeg\"  title=\"85f06c8a-c31c-4a87-ba35-523e9c8f1ee2\" ><\/div><div class=\"thumbnail-overlay\"><div class=\"rbsIcons\"><i class=\"fa fa-picture-o rbsZoomIcon \" ><\/i><\/div><\/div><\/div><\/div><\/div><\/div><\/div><script>var rbs_gallery_69dea53f3dd14 = {\"version\":\"3.2.22\",\"id\":5683,\"class\":\"id5683\",\"roboGalleryDelay\":1000,\"mainContainer\":\"#robo_gallery_main_block_rbs_gallery_69dea53f3dd14\",\"loadingContainer\":\"#rbs_gallery_69dea53f3dd14-block-loader\",\"loadingContainerObj\":\"rbs_gallery_69dea53f3dd14-block-loader\",\"columnWidth\":\"auto\",\"columns\":3,\"resolutions\":[{\"columnWidth\":\"auto\",\"columns\":3,\"maxWidth\":960},{\"columnWidth\":\"auto\",\"columns\":2,\"maxWidth\":650},{\"columnWidth\":\"auto\",\"columns\":1,\"maxWidth\":450}],\"hideTitle\":true,\"lightboxOptions\":{\"gallery\":{\"enabled\":true,\"tCounter\":\"\"}},\"overlayEffect\":\"direction-aware-fade\",\"boxesToLoadStart\":12,\"boxesToLoad\":8,\"waitUntilThumbLoads\":1,\"LoadingWord\":\"Loading...\",\"loadMoreWord\":\"Load More\",\"noMoreEntriesWord\":\"No More Entries\",\"horizontalSpaceBetweenBoxes\":15,\"verticalSpaceBetweenBoxes\":15,\"lazyLoad\":1,\"wrapContainer\":\"#robo-gallery-wrap-rbs_gallery_69dea53f3dd14\"};<\/script>","protected":false},"excerpt":{"rendered":"<p>Eksperto vizitas m\u016bs\u0173 mokykloje 2025 m. kovo 3\u20135 d. M\u016bs\u0173 mokykloje vie\u0161\u0117jo Oliver Jokisch \u2013 krik\u0161\u010dioni\u0161kos pedagogikos ekspertas Immanuel mokyklos Vokietijoje generalinis direktorius. Sve\u010dias pristat\u0117 savo mokyklos ger\u0105sias patirtis, ved\u0117 seminarus mokytojams, t\u0117vams ir mokiniams, skatindamas diskusijas apie vertybes ir asmenin\u012f augim\u0105. Susitikimuose su 7-12 kl. mokiniais sve\u010dias pasakojo \u012fkvepian\u010di\u0105 istorij\u0105 apie kamuolius, kalban\u010di\u0105, kad visi esame skirtingi, bet kiekvienas yra unikaliai sukurtas konkre\u010diam tikslui. Mokiniai buvo pakviesti susim\u0105styti, kuo pripildome savo gyvenimus. Pasitelkdamas kamuolio pavyzd\u012f, jis pabr\u0117\u017e\u0117, kad tik b\u016bdami \u201epripildyti\u201c tinkamais dalykais\u2026<\/p>\n","protected":false},"author":2,"featured_media":0,"parent":5144,"menu_order":0,"comment_status":"closed","ping_status":"closed","template":"","meta":{"footnotes":""},"_links":{"self":[{"href":"https:\/\/vaivorykstestakas.lt\/index.php?rest_route=\/wp\/v2\/pages\/5682"}],"collection":[{"href":"https:\/\/vaivorykstestakas.lt\/index.php?rest_route=\/wp\/v2\/pages"}],"about":[{"href":"https:\/\/vaivorykstestakas.lt\/index.php?rest_route=\/wp\/v2\/types\/page"}],"author":[{"embeddable":true,"href":"https:\/\/vaivorykstestakas.lt\/index.php?rest_route=\/wp\/v2\/users\/2"}],"replies":[{"embeddable":true,"href":"https:\/\/vaivorykstestakas.lt\/index.php?rest_route=%2Fwp%2Fv2%2Fcomments&post=5682"}],"version-history":[{"count":0,"href":"https:\/\/vaivorykstestakas.lt\/index.php?rest_route=\/wp\/v2\/pages\/5682\/revisions"}],"up":[{"embeddable":true,"href":"https:\/\/vaivorykstestakas.lt\/index.php?rest_route=\/wp\/v2\/pages\/5144"}],"wp:attachment":[{"href":"https:\/\/vaivorykstestakas.lt\/index.php?rest_route=%2Fwp%2Fv2%2Fmedia&parent=5682"}],"curies":[{"name":"wp","href":"https:\/\/api.w.org\/{rel}","templated":true}]}}