{"id":5707,"date":"2025-03-12T06:36:45","date_gmt":"2025-03-12T06:36:45","guid":{"rendered":"https:\/\/vaivorykstestakas.lt\/?page_id=5707"},"modified":"2025-05-21T11:52:42","modified_gmt":"2025-05-21T11:52:42","slug":"grupinis-mokiniu-mobilumas-amsterdame-2025","status":"publish","type":"page","link":"https:\/\/vaivorykstestakas.lt\/?page_id=5707","title":{"rendered":"Grupinis mokini\u0173 mokymosi mobilumas Amsterdame 2025 M."},"content":{"rendered":"\n<p>\u201eVaivoryk\u0161t\u0117s tako\u201c gimnazijos mokiniai kovo 6\u20139 dienomis dalyvavo Erasmus+ mokini\u0173 grupiniame mobilume ir lank\u0117si Olandijos mokykloje <a href=\"https:\/\/scopescholen.nl\" data-type=\"link\" data-id=\"https:\/\/scopescholen.nl\">Groene Hart Rijnwoude<\/a>. Atvyk\u0119 ketvirtadien\u012f, jie aplank\u0117 Nacionalin\u012f senien\u0173 muziej\u0173 Leidene, susipa\u017eino su Nyderland\u0173 archeologine istorija ir dalyvavo tradicin\u0117je vakarien\u0117je. Penktadien\u012f Groene Hart Rijnwoude mokykloje veiklos prasid\u0117jo nuo kult\u016brini\u0173 main\u0173 u\u017esi\u0117mimo su oland\u0173 moksleiviais, kuriame buvo aptariamos Lietuvos ir Nyderland\u0173 \u0161vietimo sistemos bei kult\u016briniai skirtumai. STEM pamokoje mokiniai atliko fizikos eksperimentus, o angl\u0173 pamokoje stiprino kalbinius \u012fg\u016bd\u017eius interaktyvi\u0173 veikl\u0173 metu. Dail\u0117s pamokoje jie dekoravo drobinius mai\u0161elius, o po to aktyviai dalyvavo fizinio ugdymo pamokoje, kurioje gilinosi \u012f aktyvaus gyvenimo b\u016bdo svarb\u0105. \u0160e\u0161tadien\u012f Amsterdame mokiniai lank\u0117si Anne Frank namuose, dalyvavo ekskursijoje po miest\u0105, lank\u0117si NEMO mokslo muziejuje ir susipa\u017eino su tvaraus miesto planais. Sekmadien\u012f, prie\u0161 i\u0161vykdami, mokiniai apsilank\u0117 Alphen aan den Rijn ba\u017eny\u010dioje, kur susipa\u017eino su vietin\u0117mis tradicijomis ir kult\u016br\u0173 \u012fvairove Europoje.<\/p>\n\n\n\n<p>Students from Vaivoryk\u0161t\u0117s Tako Gymnasium participated in an Erasmus+ student group mobility program from March 6\u20139 and visited Groene Hart Rijnwoude school in the Netherlands. Upon arrival on Thursday, they visited the National Museum of Antiquities in Leiden, explored Dutch archaeological history, and enjoyed a traditional dinner. On Friday, activities at Groene Hart Rijnwoude school began with a cultural exchange session with Dutch students, discussing the education systems of Lithuania and the Netherlands and cultural differences. During the STEM lesson, students conducted physics experiments, while in the English lesson, they enhanced their language skills through interactive activities. In the art class, they decorated canvas bags, followed by an active physical education session focusing on the importance of a healthy lifestyle. On Saturday, students visited the Anne Frank House in Amsterdam, took part in a city tour, explored the NEMO Science Museum, and learned about sustainable urban planning. On Sunday, before departing, they visited Alphen aan den Rijn Church, where they learned about local traditions and cultural diversity in Europe.<\/p>\n\n\n\n<figure class=\"wp-block-image size-large\"><img loading=\"lazy\" decoding=\"async\" width=\"1024\" height=\"215\" src=\"https:\/\/vaivorykstestakas.lt\/wp-content\/uploads\/2024\/10\/Erasmus-Funded-by-the-European-Union-1024x215.jpg\" alt=\"\" class=\"wp-image-5247\" srcset=\"https:\/\/vaivorykstestakas.lt\/wp-content\/uploads\/2024\/10\/Erasmus-Funded-by-the-European-Union-1024x215.jpg 1024w, https:\/\/vaivorykstestakas.lt\/wp-content\/uploads\/2024\/10\/Erasmus-Funded-by-the-European-Union-300x63.jpg 300w, https:\/\/vaivorykstestakas.lt\/wp-content\/uploads\/2024\/10\/Erasmus-Funded-by-the-European-Union-768x161.jpg 768w, https:\/\/vaivorykstestakas.lt\/wp-content\/uploads\/2024\/10\/Erasmus-Funded-by-the-European-Union.jpg 1100w\" sizes=\"(max-width: 1024px) 100vw, 1024px\" \/><\/figure>\n\n\n<style type=\"text\/css\" scoped>.rbs_gallery_69de29a890108Spinner{\r\n\t\t\t\tmargin: 50px auto;\r\n\t\t\t\twidth: 50px;\r\n\t\t\t\theight: 40px;\r\n\t\t\t\ttext-align: center;\r\n\t\t\t\tfont-size: 10px;\r\n\t\t\t}\r\n\t\t\t.rbs_gallery_69de29a890108Spinner > div{\r\n\t\t\t  background-color: #333;\r\n\t\t\t  height: 100%;\r\n\t\t\t  width: 6px;\r\n\t\t\t  display: inline-block;\r\n\t\t\t  -webkit-animation: rbs_gallery_69de29a890108-stretchdelay 1.2s infinite ease-in-out;\r\n\t\t\t  animation: rbs_gallery_69de29a890108-stretchdelay 1.2s infinite ease-in-out;\r\n\t\t\t}\r\n\t\t\t.rbs_gallery_69de29a890108Spinner .rbs_gallery_69de29a890108Rect2 {\r\n\t\t\t  -webkit-animation-delay: -1.1s;\r\n\t\t\t  animation-delay: -1.1s;\r\n\t\t\t}\r\n\t\t\t.rbs_gallery_69de29a890108Spinner .rbs_gallery_69de29a890108Rect3 {\r\n\t\t\t  -webkit-animation-delay: -1.0s;\r\n\t\t\t  animation-delay: -1.0s;\r\n\t\t\t}\r\n\t\t\t.rbs_gallery_69de29a890108Spinner .rbs_gallery_69de29a890108Rect4 {\r\n\t\t\t  -webkit-animation-delay: -0.9s;\r\n\t\t\t  animation-delay: -0.9s;\r\n\t\t\t}\r\n\t\t\t.rbs_gallery_69de29a890108Spinner .rbs_gallery_69de29a890108Rect5 {\r\n\t\t\t  -webkit-animation-delay: -0.8s;\r\n\t\t\t  animation-delay: -0.8s;\r\n\t\t\t}\r\n\t\t\t@-webkit-keyframes rbs_gallery_69de29a890108-stretchdelay {\r\n\t\t\t  0%, 40%, 100% { -webkit-transform: scaleY(0.4) }  \r\n\t\t\t  20% { -webkit-transform: scaleY(1.0) }\r\n\t\t\t}\r\n\t\t\t@keyframes rbs_gallery_69de29a890108-stretchdelay {\r\n\t\t\t  0%, 40%, 100% { \r\n\t\t\t    transform: scaleY(0.4);\r\n\t\t\t    -webkit-transform: scaleY(0.4);\r\n\t\t\t  }  20% { \r\n\t\t\t    transform: scaleY(1.0);\r\n\t\t\t    -webkit-transform: scaleY(1.0);\r\n\t\t\t  }\r\n\t\t\t}\r\n\t\t<\/style><div class=\"robo-gallery-wrap robo-gallery-wrap-id5700 robo-gallery-masonry\" ><div id=\"rbs_gallery_69de29a890108-block-loader\" class=\"rbs_gallery_69de29a890108Spinner\"><div class=\"rbs_gallery_69de29a890108Rect1\"><\/div> <div class=\"rbs_gallery_69de29a890108Rect2\"><\/div> <div class=\"rbs_gallery_69de29a890108Rect3\"><\/div> <div class=\"rbs_gallery_69de29a890108Rect4\"><\/div> <div class=\"rbs_gallery_69de29a890108Rect5\"><\/div><\/div><div id=\"robo_gallery_main_block_rbs_gallery_69de29a890108\" class=\"robogallery-gallery-5700\" style=\"width:100%;  display: none;\"><div id=\"rbs_gallery_69de29a890108\" data-options=\"rbs_gallery_69de29a890108\" style=\"width:100%;\" class=\"robo_gallery  \"><div class=\"rbs-img  category5700 \" ><div class=\"rbs-img-image   rbs-lightbox \" ><div class=\"rbs-img-thumbs\"  data-thumbnail=\"https:\/\/vaivorykstestakas.lt\/wp-content\/uploads\/2025\/03\/IMG_5339-600x1024.jpeg\"  title=\"IMG_5339\"  data-width=\"600\"  data-height=\"1024\" ><\/div><div class=\"rbs-img-data-popup\"  data-popup=\"https:\/\/vaivorykstestakas.lt\/wp-content\/uploads\/2025\/03\/IMG_5339-scaled.jpeg\"  title=\"IMG_5339\" ><\/div><div class=\"thumbnail-overlay\"><div class=\"rbsIcons\"><i class=\"fa fa-picture-o rbsZoomIcon \" ><\/i><\/div><\/div><\/div><\/div><div class=\"rbs-img  category5700 \" ><div class=\"rbs-img-image   rbs-lightbox \" ><div class=\"rbs-img-thumbs\"  data-thumbnail=\"https:\/\/vaivorykstestakas.lt\/wp-content\/uploads\/2025\/03\/IMG_5344-scaled.jpeg\"  title=\"IMG_5344\"  data-width=\"2560\"  data-height=\"1920\" ><\/div><div class=\"rbs-img-data-popup\"  data-popup=\"https:\/\/vaivorykstestakas.lt\/wp-content\/uploads\/2025\/03\/IMG_5344-scaled.jpeg\"  title=\"IMG_5344\" ><\/div><div class=\"thumbnail-overlay\"><div class=\"rbsIcons\"><i class=\"fa fa-picture-o rbsZoomIcon \" ><\/i><\/div><\/div><\/div><\/div><div class=\"rbs-img  category5700 \" ><div class=\"rbs-img-image   rbs-lightbox \" ><div class=\"rbs-img-thumbs\"  data-thumbnail=\"https:\/\/vaivorykstestakas.lt\/wp-content\/uploads\/2025\/03\/IMG_5353-600x1024.jpeg\"  title=\"IMG_5353\"  data-width=\"600\"  data-height=\"1024\" ><\/div><div class=\"rbs-img-data-popup\"  data-popup=\"https:\/\/vaivorykstestakas.lt\/wp-content\/uploads\/2025\/03\/IMG_5353-scaled.jpeg\"  title=\"IMG_5353\" ><\/div><div class=\"thumbnail-overlay\"><div class=\"rbsIcons\"><i class=\"fa fa-picture-o rbsZoomIcon \" ><\/i><\/div><\/div><\/div><\/div><div class=\"rbs-img  category5700 \" ><div class=\"rbs-img-image   rbs-lightbox \" ><div class=\"rbs-img-thumbs\"  data-thumbnail=\"https:\/\/vaivorykstestakas.lt\/wp-content\/uploads\/2025\/03\/IMG_5345-600x1024.jpeg\"  title=\"IMG_5345\"  data-width=\"600\"  data-height=\"1024\" ><\/div><div class=\"rbs-img-data-popup\"  data-popup=\"https:\/\/vaivorykstestakas.lt\/wp-content\/uploads\/2025\/03\/IMG_5345-scaled.jpeg\"  title=\"IMG_5345\" ><\/div><div class=\"thumbnail-overlay\"><div class=\"rbsIcons\"><i class=\"fa fa-picture-o rbsZoomIcon \" ><\/i><\/div><\/div><\/div><\/div><div class=\"rbs-img  category5700 \" ><div class=\"rbs-img-image   rbs-lightbox \" ><div class=\"rbs-img-thumbs\"  data-thumbnail=\"https:\/\/vaivorykstestakas.lt\/wp-content\/uploads\/2025\/03\/IMG_5373-600x1024.jpeg\"  title=\"IMG_5373\"  data-width=\"600\"  data-height=\"1024\" ><\/div><div class=\"rbs-img-data-popup\"  data-popup=\"https:\/\/vaivorykstestakas.lt\/wp-content\/uploads\/2025\/03\/IMG_5373-scaled.jpeg\"  title=\"IMG_5373\" ><\/div><div class=\"thumbnail-overlay\"><div class=\"rbsIcons\"><i class=\"fa fa-picture-o rbsZoomIcon \" ><\/i><\/div><\/div><\/div><\/div><div class=\"rbs-img  category5700 \" ><div class=\"rbs-img-image   rbs-lightbox \" ><div class=\"rbs-img-thumbs\"  data-thumbnail=\"https:\/\/vaivorykstestakas.lt\/wp-content\/uploads\/2025\/03\/IMG_5366-600x1024.jpeg\"  title=\"IMG_5366\"  data-width=\"600\"  data-height=\"1024\" ><\/div><div class=\"rbs-img-data-popup\"  data-popup=\"https:\/\/vaivorykstestakas.lt\/wp-content\/uploads\/2025\/03\/IMG_5366-scaled.jpeg\"  title=\"IMG_5366\" ><\/div><div class=\"thumbnail-overlay\"><div class=\"rbsIcons\"><i class=\"fa fa-picture-o rbsZoomIcon \" ><\/i><\/div><\/div><\/div><\/div><div class=\"rbs-img  category5700 \" ><div class=\"rbs-img-image   rbs-lightbox \" ><div class=\"rbs-img-thumbs\"  data-thumbnail=\"https:\/\/vaivorykstestakas.lt\/wp-content\/uploads\/2025\/03\/IMG_5390-scaled.jpeg\"  title=\"IMG_5390\"  data-width=\"2560\"  data-height=\"1920\" ><\/div><div class=\"rbs-img-data-popup\"  data-popup=\"https:\/\/vaivorykstestakas.lt\/wp-content\/uploads\/2025\/03\/IMG_5390-scaled.jpeg\"  title=\"IMG_5390\" ><\/div><div class=\"thumbnail-overlay\"><div class=\"rbsIcons\"><i class=\"fa fa-picture-o rbsZoomIcon \" ><\/i><\/div><\/div><\/div><\/div><div class=\"rbs-img  category5700 \" ><div class=\"rbs-img-image   rbs-lightbox \" ><div class=\"rbs-img-thumbs\"  data-thumbnail=\"https:\/\/vaivorykstestakas.lt\/wp-content\/uploads\/2025\/03\/IMG_5355-600x1024.jpeg\"  title=\"IMG_5355\"  data-width=\"600\"  data-height=\"1024\" ><\/div><div class=\"rbs-img-data-popup\"  data-popup=\"https:\/\/vaivorykstestakas.lt\/wp-content\/uploads\/2025\/03\/IMG_5355-scaled.jpeg\"  title=\"IMG_5355\" ><\/div><div class=\"thumbnail-overlay\"><div class=\"rbsIcons\"><i class=\"fa fa-picture-o rbsZoomIcon \" ><\/i><\/div><\/div><\/div><\/div><div class=\"rbs-img  category5700 \" ><div class=\"rbs-img-image   rbs-lightbox \" ><div class=\"rbs-img-thumbs\"  data-thumbnail=\"https:\/\/vaivorykstestakas.lt\/wp-content\/uploads\/2025\/03\/IMG_5399-600x1024.jpeg\"  title=\"IMG_5399\"  data-width=\"600\"  data-height=\"1024\" ><\/div><div class=\"rbs-img-data-popup\"  data-popup=\"https:\/\/vaivorykstestakas.lt\/wp-content\/uploads\/2025\/03\/IMG_5399.jpeg\"  title=\"IMG_5399\" ><\/div><div class=\"thumbnail-overlay\"><div class=\"rbsIcons\"><i class=\"fa fa-picture-o rbsZoomIcon \" ><\/i><\/div><\/div><\/div><\/div><\/div><\/div><\/div><script>var rbs_gallery_69de29a890108 = {\"version\":\"3.2.22\",\"id\":5700,\"class\":\"id5700\",\"roboGalleryDelay\":1000,\"mainContainer\":\"#robo_gallery_main_block_rbs_gallery_69de29a890108\",\"loadingContainer\":\"#rbs_gallery_69de29a890108-block-loader\",\"loadingContainerObj\":\"rbs_gallery_69de29a890108-block-loader\",\"columnWidth\":\"auto\",\"columns\":3,\"resolutions\":[{\"columnWidth\":\"auto\",\"columns\":3,\"maxWidth\":960},{\"columnWidth\":\"auto\",\"columns\":2,\"maxWidth\":650},{\"columnWidth\":\"auto\",\"columns\":1,\"maxWidth\":450}],\"hideTitle\":true,\"lightboxOptions\":{\"gallery\":{\"enabled\":true,\"tCounter\":\"\"}},\"overlayEffect\":\"direction-aware-fade\",\"boxesToLoadStart\":12,\"boxesToLoad\":8,\"waitUntilThumbLoads\":1,\"LoadingWord\":\"Loading...\",\"loadMoreWord\":\"Load More\",\"noMoreEntriesWord\":\"No More Entries\",\"horizontalSpaceBetweenBoxes\":15,\"verticalSpaceBetweenBoxes\":15,\"lazyLoad\":1,\"wrapContainer\":\"#robo-gallery-wrap-rbs_gallery_69de29a890108\"};<\/script>","protected":false},"excerpt":{"rendered":"<p>\u201eVaivoryk\u0161t\u0117s tako\u201c gimnazijos mokiniai kovo 6\u20139 dienomis dalyvavo Erasmus+ mokini\u0173 grupiniame mobilume ir lank\u0117si Olandijos mokykloje Groene Hart Rijnwoude. Atvyk\u0119 ketvirtadien\u012f, jie aplank\u0117 Nacionalin\u012f senien\u0173 muziej\u0173 Leidene, susipa\u017eino su Nyderland\u0173 archeologine istorija ir dalyvavo tradicin\u0117je vakarien\u0117je. Penktadien\u012f Groene Hart Rijnwoude mokykloje veiklos prasid\u0117jo nuo kult\u016brini\u0173 main\u0173 u\u017esi\u0117mimo su oland\u0173 moksleiviais, kuriame buvo aptariamos Lietuvos ir Nyderland\u0173 \u0161vietimo sistemos bei kult\u016briniai skirtumai. STEM pamokoje mokiniai atliko fizikos eksperimentus, o angl\u0173 pamokoje stiprino kalbinius \u012fg\u016bd\u017eius interaktyvi\u0173 veikl\u0173 metu. Dail\u0117s pamokoje jie dekoravo\u2026<\/p>\n","protected":false},"author":1,"featured_media":0,"parent":5144,"menu_order":0,"comment_status":"closed","ping_status":"closed","template":"","meta":{"footnotes":""},"_links":{"self":[{"href":"https:\/\/vaivorykstestakas.lt\/index.php?rest_route=\/wp\/v2\/pages\/5707"}],"collection":[{"href":"https:\/\/vaivorykstestakas.lt\/index.php?rest_route=\/wp\/v2\/pages"}],"about":[{"href":"https:\/\/vaivorykstestakas.lt\/index.php?rest_route=\/wp\/v2\/types\/page"}],"author":[{"embeddable":true,"href":"https:\/\/vaivorykstestakas.lt\/index.php?rest_route=\/wp\/v2\/users\/1"}],"replies":[{"embeddable":true,"href":"https:\/\/vaivorykstestakas.lt\/index.php?rest_route=%2Fwp%2Fv2%2Fcomments&post=5707"}],"version-history":[{"count":0,"href":"https:\/\/vaivorykstestakas.lt\/index.php?rest_route=\/wp\/v2\/pages\/5707\/revisions"}],"up":[{"embeddable":true,"href":"https:\/\/vaivorykstestakas.lt\/index.php?rest_route=\/wp\/v2\/pages\/5144"}],"wp:attachment":[{"href":"https:\/\/vaivorykstestakas.lt\/index.php?rest_route=%2Fwp%2Fv2%2Fmedia&parent=5707"}],"curies":[{"name":"wp","href":"https:\/\/api.w.org\/{rel}","templated":true}]}}